 {"id":91965,"date":"2023-06-29T16:03:59","date_gmt":"2023-06-29T21:03:59","guid":{"rendered":"https:\/\/a294f68154.nxcli.io\/fr\/?page_id=91965"},"modified":"2023-07-24T21:06:28","modified_gmt":"2023-07-25T02:06:28","slug":"canada-auto-pay-enrollment","status":"publish","type":"page","link":"https:\/\/arcticglacier.com\/fr\/canada-auto-pay-enrollment\/","title":{"rendered":"INSCRIPTION AU PAIEMENT PR\u00c9AUTORIS\u00c9 CANADA"},"content":{"rendered":"\n<p>Dans le cadre de notre mission Faire plus. Faire mieux.<sup>TM<\/sup> Arctic Glacier s\u2019engage \u00e0 fournir des solutions qui r\u00e9duisent notre empreinte carbone.<\/p>\n\n\n\n<div style=\"height:5px\" aria-hidden=\"true\" class=\"wp-block-spacer\"><\/div>\n\n\n\n<p><strong><strong>UNE MANI\u00c8RE SIMPLE DE PAYER VOS FACTURES<\/strong><\/strong><\/p>\n\n\n\n<p>Notre nouveau portail de facturation et paiement en ligne permet une gestion facile de votre compte. Ayez acc\u00e8s \u00e0 votre compte \u00e0 partir de votre appareil mobile pour voir vos factures, faire un paiement et v\u00e9rifier vos soldes. C\u2019est facile, gratuit et s\u00e9curitaire.<\/p>\n\n\n\n<div style=\"height:5px\" aria-hidden=\"true\" class=\"wp-block-spacer\"><\/div>\n\n\n\n<div class=\"wp-block-buttons is-layout-flex wp-block-buttons-is-layout-flex\">\n<div class=\"wp-block-button\"><a class=\"wp-block-button__link has-background wp-element-button\" href=\"https:\/\/secure2.billtrust.com\/ARCTICCA\/ig\/signin\" style=\"border-radius:5px;background:linear-gradient(90deg,rgb(40,67,144) 0%,rgb(6,147,227) 100%)\" target=\"_blank\" rel=\"noreferrer noopener\"><strong><strong>PAYER MA FACTURE MAINTENANT<\/strong><\/strong><\/a><\/div>\n<\/div>\n\n\n\n<p>Vous n\u2019\u00eates pas encore inscrit? Faites-le maintenant!<\/p>\n\n\n\n<div class=\"wp-block-buttons is-layout-flex wp-block-buttons-is-layout-flex\">\n<div class=\"wp-block-button\"><a class=\"wp-block-button__link has-background wp-element-button\" href=\"https:\/\/secure2.billtrust.com\/ARCTICCA\/ig\/signup\" style=\"border-radius:5px;background:linear-gradient(90deg,rgb(40,67,144) 0%,rgb(6,147,227) 100%)\" target=\"_blank\" rel=\"noreferrer noopener\"><strong>S\u2019INSCRIRE MAINTENANT<\/strong><\/a><\/div>\n<\/div>\n\n\n<div class=\"wp-block-ub-content-toggle wp-block-ub-content-toggle-block\" id=\"ub-content-toggle-block-effad2d9-af4b-4376-b2e5-1e4165f76312\" data-mobilecollapse=\"false\" data-desktopcollapse=\"true\" data-preventcollapse=\"false\" data-showonlyone=\"false\">\n<div class=\"wp-block-ub-content-toggle-accordion\" style=\"border-color: #24a0d8;\" id=\"ub-content-toggle-panel-block-\">\n\t\t\t<div class=\"wp-block-ub-content-toggle-accordion-title-wrap\" style=\"background-color: #24a0d8;\" aria-controls=\"ub-content-toggle-panel-0-effad2d9-af4b-4376-b2e5-1e4165f76312\" tabindex=\"0\">\n\t\t\t<p class=\"wp-block-ub-content-toggle-accordion-title ub-content-toggle-title-effad2d9-af4b-4376-b2e5-1e4165f76312\" style=\"color: #ffffff; \"><strong><strong>\u00c9TAPES DE L\u2019INSCRIPTION<\/strong><\/strong><\/p>\n\t\t\t<div class=\"wp-block-ub-content-toggle-accordion-toggle-wrap right\" style=\"color: #ffffff;\"><span class=\"wp-block-ub-content-toggle-accordion-state-indicator wp-block-ub-chevron-down\"><\/span><\/div>\n\t\t<\/div>\n\t\t\t<div role=\"region\" aria-expanded=\"false\" class=\"wp-block-ub-content-toggle-accordion-content-wrap ub-hide\" id=\"ub-content-toggle-panel-0-effad2d9-af4b-4376-b2e5-1e4165f76312\">\n\n<div class=\"wp-block-uagb-advanced-heading uagb-block-4d7dcb53\"><h2 class=\"uagb-heading-text\"><strong>Comment s\u2019inscrire<\/strong><\/h2><\/div>\n\n\n\n<p><strong>\u00c9tape 1 : S\u2019inscrire maintenant<\/strong><\/p>\n\n\n\n<div class=\"wp-block-buttons is-layout-flex wp-block-buttons-is-layout-flex\">\n<div class=\"wp-block-button\"><a class=\"wp-block-button__link has-background wp-element-button\" href=\"https:\/\/secure2.billtrust.com\/ARCTICCA\/ig\/signup\" style=\"border-radius:5px;background:linear-gradient(90deg,rgb(40,67,144) 0%,rgb(6,147,227) 100%)\" target=\"_blank\" rel=\"noreferrer noopener\"><strong>Allez au<\/strong><\/a><\/div>\n<\/div>\n\n\n\n<div class=\"wp-block-uagb-image uagb-block-c1acfb2b wp-block-uagb-image--layout-default wp-block-uagb-image--effect-static wp-block-uagb-image--align-none\"><figure class=\"wp-block-uagb-image__figure\"><img decoding=\"async\" srcset=\"https:\/\/arcticglacier.com\/fr\/wp-content\/uploads\/sites\/4\/2023\/06\/1-Login-Page-FR.png \" src=\"https:\/\/arcticglacier.com\/fr\/wp-content\/uploads\/sites\/4\/2023\/06\/1-Login-Page-FR.png\" alt=\"\" class=\"uag-image-91985\" width=\"\" height=\"\" title=\"\" loading=\"lazy\"><\/figure><\/div>\n\n\n\n<p><strong>\u00c9tape 2 : S\u2019enregistrer<\/strong><\/p>\n\n\n\n<p>Documents requis : Une facture ou un \u00e9tat de compte Arctic Glacier re\u00e7u dans les trois derniers mois<\/p>\n\n\n\n<p style=\"padding-left: 40px;\">\u2022 Si vous avez besoin d\u2019aide, Contactez l\u2019aide \u00e0 la facturation au 1- 888-221-3532\n\n\n\n<\/p><div class=\"wp-block-uagb-image uagb-block-502b1229 wp-block-uagb-image--layout-default wp-block-uagb-image--effect-static wp-block-uagb-image--align-none\"><figure class=\"wp-block-uagb-image__figure\"><img decoding=\"async\" srcset=\"https:\/\/arcticglacier.com\/fr\/wp-content\/uploads\/sites\/4\/2023\/07\/2-Sign-Up-Now-1-FR.png \" src=\"https:\/\/arcticglacier.com\/fr\/wp-content\/uploads\/sites\/4\/2023\/07\/2-Sign-Up-Now-1-FR.png\" alt=\"\" class=\"uag-image-92041\" width=\"\" height=\"\" title=\"\" loading=\"lazy\"><\/figure><\/div>\n\n\n\n<figure class=\"wp-block-image size-full\"><img loading=\"lazy\" decoding=\"async\" width=\"1893\" height=\"216\" src=\"https:\/\/arcticglacier.com\/fr\/wp-content\/uploads\/sites\/4\/2023\/06\/3.5.2-Sign-Up-Now-FR.png\" alt=\"\" class=\"wp-image-92015\" srcset=\"https:\/\/arcticglacier.com\/fr\/wp-content\/uploads\/sites\/4\/2023\/06\/3.5.2-Sign-Up-Now-FR.png 1893w, https:\/\/arcticglacier.com\/fr\/wp-content\/uploads\/sites\/4\/2023\/06\/3.5.2-Sign-Up-Now-FR-300x34.png 300w, https:\/\/arcticglacier.com\/fr\/wp-content\/uploads\/sites\/4\/2023\/06\/3.5.2-Sign-Up-Now-FR-768x88.png 768w, https:\/\/arcticglacier.com\/fr\/wp-content\/uploads\/sites\/4\/2023\/06\/3.5.2-Sign-Up-Now-FR-1536x175.png 1536w\" sizes=\"auto, (max-width: 1893px) 100vw, 1893px\" \/><\/figure>\n\n\n\n<p><strong><strong>\u00c9tape 3 : S\u2019inscrire au paiement pr\u00e9autoris\u00e9<\/strong><\/strong><\/p>\n\n\n\n<p style=\"padding-left: 40px;\">\u2022 Connectez-vous \u00e0 votre nouveau compte pour vous inscrire au paiement pr\u00e9autoris\u00e9 (allez \u00e0 \u00ab Param\u00e8tres \u00bb puis \u00e0 \u00ab Param\u00e8tres de paiement \u00bb entrez les informations de votre compte)\n\n\n\n<\/p><div style=\"height:47px\" aria-hidden=\"true\" class=\"wp-block-spacer\"><\/div>\n\n\n\n<div class=\"wp-block-uagb-image uagb-block-337d6060 wp-block-uagb-image--layout-default wp-block-uagb-image--effect-static wp-block-uagb-image--align-none\"><figure class=\"wp-block-uagb-image__figure\"><img decoding=\"async\" srcset=\"https:\/\/arcticglacier.com\/fr\/wp-content\/uploads\/sites\/4\/2023\/06\/7-Payment-Settings-FR.png \" src=\"https:\/\/arcticglacier.com\/fr\/wp-content\/uploads\/sites\/4\/2023\/06\/7-Payment-Settings-FR.png\" alt=\"\" class=\"uag-image-91995\" width=\"\" height=\"\" title=\"\" loading=\"lazy\"><\/figure><\/div>\n\n\n\n<div style=\"height:47px\" aria-hidden=\"true\" class=\"wp-block-spacer\"><\/div>\n\n\n\n<p><strong>\u00c9tape 4 : R\u00e9gler vos param\u00e8tres de paiement pr\u00e9autoris\u00e9<\/strong><\/p>\n\n\n\n<div style=\"height:47px\" aria-hidden=\"true\" class=\"wp-block-spacer\"><\/div>\n\n\n\n<div class=\"wp-block-uagb-image uagb-block-eca710a6 wp-block-uagb-image--layout-default wp-block-uagb-image--effect-static wp-block-uagb-image--align-none\"><figure class=\"wp-block-uagb-image__figure\"><img decoding=\"async\" srcset=\"https:\/\/arcticglacier.com\/fr\/wp-content\/uploads\/sites\/4\/2023\/06\/10-Autopay-settings-FR.png \" src=\"https:\/\/arcticglacier.com\/fr\/wp-content\/uploads\/sites\/4\/2023\/06\/10-Autopay-settings-FR.png\" alt=\"\" class=\"uag-image-91999\" width=\"\" height=\"\" title=\"\" loading=\"lazy\"><\/figure><\/div>\n\n\n\n<div style=\"height:47px\" aria-hidden=\"true\" class=\"wp-block-spacer\"><\/div>\n\n\n\n<p>Changez les r\u00e9glages de la fa\u00e7on suivante et cliquez sur \u00ab\u00a0Sauvegarder\u00a0\u00bb:<\/p>\n\n\n\n<p style=\"padding-left: 40px;\">\u2022 Paiement pr\u00e9autoris\u00e9 : Activ\u00e9 \u2022 Compte de paiement : Choisir le compte\u2022 Date de paiement : Date due\n\n\n\n<\/p><div style=\"height:47px\" aria-hidden=\"true\" class=\"wp-block-spacer\"><\/div>\n\n\n\n<div class=\"wp-block-uagb-image uagb-block-204664b0 wp-block-uagb-image--layout-default wp-block-uagb-image--effect-static wp-block-uagb-image--align-none\"><figure class=\"wp-block-uagb-image__figure\"><img decoding=\"async\" srcset=\"https:\/\/arcticglacier.com\/fr\/wp-content\/uploads\/sites\/4\/2023\/06\/11-Autopay-Settings-Detail-FR.png \" src=\"https:\/\/arcticglacier.com\/fr\/wp-content\/uploads\/sites\/4\/2023\/06\/11-Autopay-Settings-Detail-FR.png\" alt=\"\" class=\"uag-image-92005\" width=\"\" height=\"\" title=\"\" loading=\"lazy\"><\/figure><\/div>\n\n\n\n<p><strong>F\u00e9licitation! Vous \u00eates maintenant inscrit!<\/strong><\/p>\n\n<\/div>\n\t\t<\/div>\n<\/div>\n\n\n<p class=\"has-medium-font-size\"><strong>Questions? Consultez la FAQ ci-dessous ou appelez-nous au 1-888-221-3532<\/strong><\/p>\n\n\n\n<p><\/p>\n\n\n\n<h2 class=\"wp-block-heading has-text-color\" style=\"color:#23395f\">FAQ<\/h2>\n\n\n\n<div style=\"height:20px\" aria-hidden=\"true\" class=\"wp-block-spacer\"><\/div>\n\n\n<div class=\"wp-block-ub-content-toggle wp-block-ub-content-toggle-block\" id=\"ub-content-toggle-block-fe5b9fdd-f6db-475d-9724-fc4f8e87614d\" data-mobilecollapse=\"false\" data-desktopcollapse=\"true\" data-preventcollapse=\"false\" data-showonlyone=\"false\">\n<div class=\"wp-block-ub-content-toggle-accordion\" style=\"border-color: #24a0d8;\" id=\"ub-content-toggle-panel-block-\">\n\t\t\t<div class=\"wp-block-ub-content-toggle-accordion-title-wrap\" style=\"background-color: #24a0d8;\" aria-controls=\"ub-content-toggle-panel-0-fe5b9fdd-f6db-475d-9724-fc4f8e87614d\" tabindex=\"0\">\n\t\t\t<p class=\"wp-block-ub-content-toggle-accordion-title ub-content-toggle-title-fe5b9fdd-f6db-475d-9724-fc4f8e87614d\" style=\"color: #ffffff; \"><strong><strong>Si je paie sur livraison, dois-je m\u2019inscrire au PAIEMENT PR\u00c9AUTORIS\u00c9?<\/strong><\/strong><\/p>\n\t\t\t<div class=\"wp-block-ub-content-toggle-accordion-toggle-wrap right\" style=\"color: #ffffff;\"><span class=\"wp-block-ub-content-toggle-accordion-state-indicator wp-block-ub-chevron-down\"><\/span><\/div>\n\t\t<\/div>\n\t\t\t<div role=\"region\" aria-expanded=\"false\" class=\"wp-block-ub-content-toggle-accordion-content-wrap ub-hide\" id=\"ub-content-toggle-panel-0-fe5b9fdd-f6db-475d-9724-fc4f8e87614d\">\n\n<p>Tous nos clients qui paient sur livraison, qu\u2019ils paient actuellement comptant, par ch\u00e8que ou carte de cr\u00e9dit seront dirig\u00e9s vers notre syst\u00e8me de PAIEMENT PR\u00c9AUTORIS\u00c9 en utilisant notre portail Billtrust d\u00e9di\u00e9.<\/p>\n\n<\/div>\n\t\t<\/div>\n<\/div>\n\n<div class=\"wp-block-ub-content-toggle wp-block-ub-content-toggle-block\" id=\"ub-content-toggle-block-f4a362f3-7951-4bb3-825e-cdf13f674d12\" data-mobilecollapse=\"false\" data-desktopcollapse=\"true\" data-preventcollapse=\"false\" data-showonlyone=\"false\">\n<div class=\"wp-block-ub-content-toggle-accordion\" style=\"border-color: #24a0d8;\" id=\"ub-content-toggle-panel-block-\">\n\t\t\t<div class=\"wp-block-ub-content-toggle-accordion-title-wrap\" style=\"background-color: #24a0d8;\" aria-controls=\"ub-content-toggle-panel-0-f4a362f3-7951-4bb3-825e-cdf13f674d12\" tabindex=\"0\">\n\t\t\t<p class=\"wp-block-ub-content-toggle-accordion-title ub-content-toggle-title-f4a362f3-7951-4bb3-825e-cdf13f674d12\" style=\"color: #ffffff; \"><strong>Comment se font les PAIEMENTS PR\u00c9AUTORIS\u00c9S?<\/strong><\/p>\n\t\t\t<div class=\"wp-block-ub-content-toggle-accordion-toggle-wrap right\" style=\"color: #ffffff;\"><span class=\"wp-block-ub-content-toggle-accordion-state-indicator wp-block-ub-chevron-down\"><\/span><\/div>\n\t\t<\/div>\n\t\t\t<div role=\"region\" aria-expanded=\"false\" class=\"wp-block-ub-content-toggle-accordion-content-wrap ub-hide\" id=\"ub-content-toggle-panel-0-f4a362f3-7951-4bb3-825e-cdf13f674d12\">\n\n<p>Une fois que vous \u00eates inscrits au PAIEMENT PR\u00c9AUTORIS\u00c9, suite \u00e0 la livraison de vos produits, les paiements seront trait\u00e9s automatiquement. Un re\u00e7u vous sera envoy\u00e9 par courriel pour vos dossiers. Si vous avez des questions \u00e0 propos du paiement, n\u2019h\u00e9sitez pas \u00e0 appeler notre service \u00e0 la client\u00e8le au 1-888-221-3532.<\/p>\n\n<\/div>\n\t\t<\/div>\n<\/div>\n\n<div class=\"wp-block-ub-content-toggle wp-block-ub-content-toggle-block\" id=\"ub-content-toggle-block-ee3ce8b0-43b4-4f3f-b859-310e50f925ab\" data-mobilecollapse=\"false\" data-desktopcollapse=\"true\" data-preventcollapse=\"false\" data-showonlyone=\"false\">\n<div class=\"wp-block-ub-content-toggle-accordion\" style=\"border-color: #24a0d8;\" id=\"ub-content-toggle-panel-block-\">\n\t\t\t<div class=\"wp-block-ub-content-toggle-accordion-title-wrap\" style=\"background-color: #24a0d8;\" aria-controls=\"ub-content-toggle-panel-0-ee3ce8b0-43b4-4f3f-b859-310e50f925ab\" tabindex=\"0\">\n\t\t\t<p class=\"wp-block-ub-content-toggle-accordion-title ub-content-toggle-title-ee3ce8b0-43b4-4f3f-b859-310e50f925ab\" style=\"color: #ffffff; \"><strong><strong>Quels modes de paiement sont accept\u00e9s?<\/strong><\/strong><\/p>\n\t\t\t<div class=\"wp-block-ub-content-toggle-accordion-toggle-wrap right\" style=\"color: #ffffff;\"><span class=\"wp-block-ub-content-toggle-accordion-state-indicator wp-block-ub-chevron-down\"><\/span><\/div>\n\t\t<\/div>\n\t\t\t<div role=\"region\" aria-expanded=\"false\" class=\"wp-block-ub-content-toggle-accordion-content-wrap ub-hide\" id=\"ub-content-toggle-panel-0-ee3ce8b0-43b4-4f3f-b859-310e50f925ab\">\n\n<p>Sur le portail Billtrust, les clients peuvent choisir le d\u00e9bit ACH \u00e0 partir de leur compte-ch\u00e8ques ou s\u2019enregistrer avec une carte de\u00a0 cr\u00e9dit*. Le portail Billtrust accepte les cartes Visa, MasterCard et Discover.<\/p>\n\n\n\n<p><\/p>\n\n\n\n<p>*<em><em>Des frais de commodit\u00e9 de carte de cr\u00e9dit peuvent s\u2019appliquer.<\/em><\/em><\/p>\n\n<\/div>\n\t\t<\/div>\n<\/div>\n\n<div class=\"wp-block-ub-content-toggle wp-block-ub-content-toggle-block\" id=\"ub-content-toggle-block-a04265e6-d6e3-43a4-9d2c-d41b93d135cd\" data-mobilecollapse=\"false\" data-desktopcollapse=\"true\" data-preventcollapse=\"false\" data-showonlyone=\"false\">\n<div class=\"wp-block-ub-content-toggle-accordion\" style=\"border-color: #24a0d8;\" id=\"ub-content-toggle-panel-block-\">\n\t\t\t<div class=\"wp-block-ub-content-toggle-accordion-title-wrap\" style=\"background-color: #24a0d8;\" aria-controls=\"ub-content-toggle-panel-0-a04265e6-d6e3-43a4-9d2c-d41b93d135cd\" tabindex=\"0\">\n\t\t\t<p class=\"wp-block-ub-content-toggle-accordion-title ub-content-toggle-title-a04265e6-d6e3-43a4-9d2c-d41b93d135cd\" style=\"color: #ffffff; \"><strong>Je paie d\u00e9j\u00e0 par carte de cr\u00e9dit, que dois-je faire?<\/strong><\/p>\n\t\t\t<div class=\"wp-block-ub-content-toggle-accordion-toggle-wrap right\" style=\"color: #ffffff;\"><span class=\"wp-block-ub-content-toggle-accordion-state-indicator wp-block-ub-chevron-down\"><\/span><\/div>\n\t\t<\/div>\n\t\t\t<div role=\"region\" aria-expanded=\"false\" class=\"wp-block-ub-content-toggle-accordion-content-wrap ub-hide\" id=\"ub-content-toggle-panel-0-a04265e6-d6e3-43a4-9d2c-d41b93d135cd\">\n\n<p>Les clients qui paient par carte de cr\u00e9dit seront dirig\u00e9s vers notre portail de paiement d\u00e9di\u00e9 Billtrust pour entrer leur information de carte de cr\u00e9dit.<\/p>\n\n<\/div>\n\t\t<\/div>\n<\/div>\n\n<div class=\"wp-block-ub-content-toggle wp-block-ub-content-toggle-block\" id=\"ub-content-toggle-block-ae600b0f-bd0c-4510-a917-cc4d24300457\" data-mobilecollapse=\"false\" data-desktopcollapse=\"true\" data-preventcollapse=\"false\" data-showonlyone=\"false\">\n<div class=\"wp-block-ub-content-toggle-accordion\" style=\"border-color: #24a0d8;\" id=\"ub-content-toggle-panel-block-\">\n\t\t\t<div class=\"wp-block-ub-content-toggle-accordion-title-wrap\" style=\"background-color: #24a0d8;\" aria-controls=\"ub-content-toggle-panel-0-ae600b0f-bd0c-4510-a917-cc4d24300457\" tabindex=\"0\">\n\t\t\t<p class=\"wp-block-ub-content-toggle-accordion-title ub-content-toggle-title-ae600b0f-bd0c-4510-a917-cc4d24300457\" style=\"color: #ffffff; \"><strong><strong>Si je paie sur livraison, dois-je faire une demande de cr\u00e9dit?<\/strong><\/strong><\/p>\n\t\t\t<div class=\"wp-block-ub-content-toggle-accordion-toggle-wrap right\" style=\"color: #ffffff;\"><span class=\"wp-block-ub-content-toggle-accordion-state-indicator wp-block-ub-chevron-down\"><\/span><\/div>\n\t\t<\/div>\n\t\t\t<div role=\"region\" aria-expanded=\"false\" class=\"wp-block-ub-content-toggle-accordion-content-wrap ub-hide\" id=\"ub-content-toggle-panel-0-ae600b0f-bd0c-4510-a917-cc4d24300457\">\n\n<p>Les clients qui paient sur livraison n\u2019ont pas besoin de faire une demande de cr\u00e9dit. Nous dirigeons plut\u00f4t ces clients vers les transactions sans num\u00e9raire qui seront trait\u00e9es automatiquement sur notre portail Billtrust.\u00a0<\/p>\n\n\n\n<p>Si vous d\u00e9sirez savoir si vous pouvez b\u00e9n\u00e9ficier du cr\u00e9dit, veuillez vous adresser \u00e0 votre repr\u00e9sentant local des ventes ou \u00e0 un de nos repr\u00e9sentants du service \u00e0 la client\u00e8le au 1-888-221-3532 pour conna\u00eetre les options de demande de cr\u00e9dit. Notre demande de cr\u00e9dit est facile \u00e0 remplir et sera examin\u00e9e par notre d\u00e9partement de cr\u00e9dit avant d\u2019\u00eatre qualifi\u00e9e.<\/p>\n\n<\/div>\n\t\t<\/div>\n<\/div>\n\n<div class=\"wp-block-ub-content-toggle wp-block-ub-content-toggle-block\" id=\"ub-content-toggle-block-260bc200-ed2f-4fd6-b90e-1cfd979c4dae\" data-mobilecollapse=\"false\" data-desktopcollapse=\"true\" data-preventcollapse=\"false\" data-showonlyone=\"false\">\n<div class=\"wp-block-ub-content-toggle-accordion\" style=\"border-color: #24a0d8;\" id=\"ub-content-toggle-panel-block-\">\n\t\t\t<div class=\"wp-block-ub-content-toggle-accordion-title-wrap\" style=\"background-color: #24a0d8;\" aria-controls=\"ub-content-toggle-panel-0-260bc200-ed2f-4fd6-b90e-1cfd979c4dae\" tabindex=\"0\">\n\t\t\t<p class=\"wp-block-ub-content-toggle-accordion-title ub-content-toggle-title-260bc200-ed2f-4fd6-b90e-1cfd979c4dae\" style=\"color: #ffffff; \"><strong><strong>Si je ne me qualifie pas pour le cr\u00e9dit, comment puis-je payer? Puis-je utiliser le paiement unique?<\/strong><\/strong><\/p>\n\t\t\t<div class=\"wp-block-ub-content-toggle-accordion-toggle-wrap right\" style=\"color: #ffffff;\"><span class=\"wp-block-ub-content-toggle-accordion-state-indicator wp-block-ub-chevron-down\"><\/span><\/div>\n\t\t<\/div>\n\t\t\t<div role=\"region\" aria-expanded=\"false\" class=\"wp-block-ub-content-toggle-accordion-content-wrap ub-hide\" id=\"ub-content-toggle-panel-0-260bc200-ed2f-4fd6-b90e-1cfd979c4dae\">\n\n<p>Tous les clients qui paient sur livraison passent au PAIEMENT PR\u00c9AUTORIS\u00c9 via notre portail de paiement Billtrust. Les clients peuvent s\u2019inscrire aux paiements r\u00e9currents, pour qu\u2019apr\u00e8s chaque livraison le paiement soit automatiquement pr\u00e9lev\u00e9 sur votre compte.<\/p>\n\n<\/div>\n\t\t<\/div>\n<\/div>\n\n<div class=\"wp-block-ub-content-toggle wp-block-ub-content-toggle-block\" id=\"ub-content-toggle-block-f6f891b2-1738-4e7d-8c0c-fe2792a67abb\" data-mobilecollapse=\"false\" data-desktopcollapse=\"true\" data-preventcollapse=\"false\" data-showonlyone=\"false\">\n<div class=\"wp-block-ub-content-toggle-accordion\" style=\"border-color: #24a0d8;\" id=\"ub-content-toggle-panel-block-\">\n\t\t\t<div class=\"wp-block-ub-content-toggle-accordion-title-wrap\" style=\"background-color: #24a0d8;\" aria-controls=\"ub-content-toggle-panel-0-f6f891b2-1738-4e7d-8c0c-fe2792a67abb\" tabindex=\"0\">\n\t\t\t<p class=\"wp-block-ub-content-toggle-accordion-title ub-content-toggle-title-f6f891b2-1738-4e7d-8c0c-fe2792a67abb\" style=\"color: #ffffff; \"><strong>Accepterez-vous toujours les ch\u00e8ques?<\/strong><\/p>\n\t\t\t<div class=\"wp-block-ub-content-toggle-accordion-toggle-wrap right\" style=\"color: #ffffff;\"><span class=\"wp-block-ub-content-toggle-accordion-state-indicator wp-block-ub-chevron-down\"><\/span><\/div>\n\t\t<\/div>\n\t\t\t<div role=\"region\" aria-expanded=\"false\" class=\"wp-block-ub-content-toggle-accordion-content-wrap ub-hide\" id=\"ub-content-toggle-panel-0-f6f891b2-1738-4e7d-8c0c-fe2792a67abb\">\n\n<p>Les clients qui n\u2019ont pas de compte de cr\u00e9dit ne pourront plus payer en donnant un ch\u00e8que au livreur. Nous sommes heureux d\u2019offrir \u00e0 tous nos clients l\u2019option de paiement par ch\u00e8que \u00e9lectronique via notre portail Billtrust. Pour choisir cette option, il vous sera demand\u00e9 d\u2019entrer vos informations bancaires sur le portail Billtrust lorsque vous vous inscrivez au PAIEMENT PR\u00c9AUTORIS\u00c9.<\/p>\n\n\n\n<p>Les clients qui envoient le paiement de leur compte peuvent toujours le faire en envoyant leurs remises \u00e0 notre adresse de paiement.:<\/p>\n\n\n\n<p>Arctic Glacier Canada Inc.<br>C\/O W8117<br>Bureau de poste principal <br>Winnipeg, MB R3C 4W7<br><\/p>\n\n<\/div>\n\t\t<\/div>\n<\/div>","protected":false},"excerpt":{"rendered":"<p>Dans le cadre de notre mission Faire plus. Faire mieux.TM Arctic Glacier s\u2019engage \u00e0 fournir des solutions qui r\u00e9duisent notre empreinte carbone. UNE MANI\u00c8RE SIMPLE DE PAYER VOS FACTURES Notre nouveau portail de facturation et paiement en ligne permet une gestion facile de votre compte. Ayez acc\u00e8s \u00e0 votre compte \u00e0 partir de votre appareil [&hellip;]<\/p>\n","protected":false},"author":1,"featured_media":0,"parent":0,"menu_order":0,"comment_status":"closed","ping_status":"closed","template":"template-fullwidth.php","meta":{"_acf_changed":false,"_uag_custom_page_level_css":"","ub_ctt_via":"","footnotes":""},"class_list":["post-91965","page","type-page","status-publish","hentry"],"acf":[],"featured_image_src":null,"uagb_featured_image_src":{"full":false,"thumbnail":false,"medium":false,"medium_large":false,"large":false,"1536x1536":false,"2048x2048":false,"gform-image-choice-sm":false,"gform-image-choice-md":false,"gform-image-choice-lg":false},"uagb_author_info":{"display_name":"ArcticGlacier","author_link":"https:\/\/arcticglacier.com\/fr\/author\/ArcticGlacier\/"},"uagb_comment_info":0,"uagb_excerpt":"Dans le cadre de notre mission Faire plus. Faire mieux.TM Arctic Glacier s\u2019engage \u00e0 fournir des solutions qui r\u00e9duisent notre empreinte carbone. UNE MANI\u00c8RE SIMPLE DE PAYER VOS FACTURES Notre nouveau portail de facturation et paiement en ligne permet une gestion facile de votre compte. Ayez acc\u00e8s \u00e0 votre compte \u00e0 partir de votre appareil&hellip;","_links":{"self":[{"href":"https:\/\/arcticglacier.com\/fr\/wp-json\/wp\/v2\/pages\/91965","targetHints":{"allow":["GET"]}}],"collection":[{"href":"https:\/\/arcticglacier.com\/fr\/wp-json\/wp\/v2\/pages"}],"about":[{"href":"https:\/\/arcticglacier.com\/fr\/wp-json\/wp\/v2\/types\/page"}],"author":[{"embeddable":true,"href":"https:\/\/arcticglacier.com\/fr\/wp-json\/wp\/v2\/users\/1"}],"replies":[{"embeddable":true,"href":"https:\/\/arcticglacier.com\/fr\/wp-json\/wp\/v2\/comments?post=91965"}],"version-history":[{"count":0,"href":"https:\/\/arcticglacier.com\/fr\/wp-json\/wp\/v2\/pages\/91965\/revisions"}],"wp:attachment":[{"href":"https:\/\/arcticglacier.com\/fr\/wp-json\/wp\/v2\/media?parent=91965"}],"curies":[{"name":"wp","href":"https:\/\/api.w.org\/{rel}","templated":true}]}}