 {"id":83895,"date":"2022-09-27T21:03:35","date_gmt":"2022-09-28T02:03:35","guid":{"rendered":"https:\/\/a294f68154.nxcli.io\/fr\/?page_id=83895"},"modified":"2023-07-06T00:27:48","modified_gmt":"2023-07-06T05:27:48","slug":"calculateur-de-glace","status":"publish","type":"page","link":"https:\/\/arcticglacier.com\/fr\/calculateur-de-glace\/","title":{"rendered":"Calculateur de glace"},"content":{"rendered":"\n<p>Tout le monde le sait, quand il n\u2019y a plus de glace, la f\u00eate est finie. Arctic Glacier vous aide \u00e0 poursuivre les bons moments m\u00e9morables gr\u00e2ce \u00e0 notre calculateur de glace ultra pratique. Inscrivez simplement le nombre de gens participant \u00e0 votre f\u00eate, selon les sp\u00e9cifications de breuvages de votre \u00e9v\u00e9nement et notre calculateur vous sortira comme par magie, la quantit\u00e9 approximative de glace dont vous aurez besoin!<\/p>\n\n\n\n<div class=\"forminator-ui forminator-custom-form forminator-custom-form-85190 forminator-design--default forminator-custom forminator_ajax\" data-forminator-render=\"0\" data-form=\"forminator-module-85190\" data-uid=\"69d784d5b50d9\"><br\/><\/div><form\r\n\t\t\t\tid=\"forminator-module-85190\"\r\n\t\t\t\tclass=\"forminator-ui forminator-custom-form forminator-custom-form-85190 forminator-design--default forminator-custom forminator_ajax\"\r\n\t\t\t\tmethod=\"post\"\r\n\t\t\t\tdata-forminator-render=\"0\"\r\n\t\t\t\tdata-form-id=\"85190\"\r\n\t\t\t\t data-color-option=\"default\" data-design=\"default\" data-grid=\"custom\" style=\"display: none;\"\r\n\t\t\t\tdata-uid=\"69d784d5b50d9\"\r\n\t\t\t><div role=\"alert\" aria-live=\"polite\" class=\"forminator-response-message forminator-error\" aria-hidden=\"true\"><\/div><div class=\"forminator-row\"><div id=\"html-1\" class=\"forminator-field-html forminator-col forminator-col-6 \"><div class=\"forminator-field forminator-merge-tags\" data-field=\"html-1\"><p style=\"color: #24a0d8;font-size: 25px\"><strong>Type d\u2019\u00e9v\u00e9nement:<\/strong><\/p><\/div><\/div><div id=\"html-7\" class=\"forminator-field-html forminator-col forminator-col-6 \"><div class=\"forminator-field forminator-merge-tags\" data-field=\"html-7\"><\/div><\/div><\/div><div class=\"forminator-row\"><div id=\"html-3\" class=\"forminator-field-html forminator-col forminator-col-6 \"><div class=\"forminator-field forminator-merge-tags\" data-field=\"html-3\"><p><strong>BI\u00c8RE\/VIN<\/strong><\/p><\/div><\/div><div id=\"number-1\" class=\"forminator-field-number forminator-col forminator-col-6 \"><div class=\"forminator-field\"><input name=\"number-1\" value=\"\" placeholder=\"\u00c9crire le nombre de personnes\" id=\"forminator-field-number-1_69d784d5b50d9\" class=\"forminator-input forminator-number--field\" inputmode=\"decimal\" data-required=\"\" data-decimals=\"0\" aria-required=\"false\" data-inputmask=\"&#039;groupSeparator&#039;: &#039;&#039;, &#039;radixPoint&#039;: &#039;&#039;, &#039;digits&#039;: &#039;0&#039;\" type=\"number\" step=\"any\" min=\"1\" max=\"500\" \/><\/div><\/div><\/div><div class=\"forminator-row\"><div id=\"html-4\" class=\"forminator-field-html forminator-col forminator-col-6 \"><div class=\"forminator-field forminator-merge-tags\" data-field=\"html-4\"><p><strong>COCKTAILS<\/strong><\/p><\/div><\/div><div id=\"number-2\" class=\"forminator-field-number forminator-col forminator-col-6 \"><div class=\"forminator-field\"><input name=\"number-2\" value=\"\" placeholder=\"\u00c9crire le nombre de personnes\" id=\"forminator-field-number-2_69d784d5b50d9\" class=\"forminator-input forminator-number--field\" inputmode=\"decimal\" data-required=\"\" data-decimals=\"0\" aria-required=\"false\" data-inputmask=\"&#039;groupSeparator&#039;: &#039;&#039;, &#039;radixPoint&#039;: &#039;&#039;, &#039;digits&#039;: &#039;0&#039;\" type=\"number\" step=\"any\" min=\"1\" max=\"500\" \/><\/div><\/div><\/div><div class=\"forminator-row\"><div id=\"html-5\" class=\"forminator-field-html forminator-col forminator-col-6 \"><div class=\"forminator-field forminator-merge-tags\" data-field=\"html-5\"><p><strong>D\u00ceNER<\/strong><\/p><\/div><\/div><div id=\"number-3\" class=\"forminator-field-number forminator-col forminator-col-6 \"><div class=\"forminator-field\"><input name=\"number-3\" value=\"\" placeholder=\"\u00c9crire le nombre de personnes\" id=\"forminator-field-number-3_69d784d5b50d9\" class=\"forminator-input forminator-number--field\" inputmode=\"decimal\" data-required=\"\" data-decimals=\"0\" aria-required=\"false\" data-inputmask=\"&#039;groupSeparator&#039;: &#039;&#039;, &#039;radixPoint&#039;: &#039;&#039;, &#039;digits&#039;: &#039;0&#039;\" type=\"number\" step=\"any\" min=\"1\" max=\"500\" \/><\/div><\/div><\/div><div class=\"forminator-row\"><div id=\"html-6\" class=\"forminator-field-html forminator-col forminator-col-6 \"><div class=\"forminator-field forminator-merge-tags\" data-field=\"html-6\"><p><strong>Quantit\u00e9 totale de glace n\u00e9cessaire<\/strong><\/p><\/div><\/div><div id=\"calculation-1\" class=\"forminator-field-calculation forminator-col forminator-col-6 \"><div class=\"forminator-field\"><div class=\"forminator-input forminator-input-with-prefix\"><input type=\"text\" name=\"calculation-1\" value=\"\" id=\"calculation-1-field_69d784d5b50d9\" class=\"forminator-calculation\" data-formula=\"{number-1}*2+{number-2}*2.5+{number-3}*2.75\" data-required=\"\" data-decimal-point=\".\" data-precision=\"2\" data-is-hidden=\"\" disabled=\"disabled\" data-decimals=\"2\" data-inputmask=\"&#039;groupSeparator&#039;: &#039;&#039;, &#039;radixPoint&#039;: &#039;.&#039;, &#039;digits&#039;: &#039;2&#039;\" readonly=\"readonly\" \/><span class=\"forminator-suffix\">lbs<\/span><\/div><\/div><\/div><\/div><div class=\"forminator-row\"><div id=\"html-10\" class=\"forminator-field-html forminator-col forminator-col-6 \"><div class=\"forminator-field forminator-merge-tags\" data-field=\"html-10\"><p><strong>Quantit\u00e9 totale de glace n\u00e9cessaire<\/strong><\/p><\/div><\/div><div id=\"calculation-2\" class=\"forminator-field-calculation forminator-col forminator-col-6 \"><div class=\"forminator-field\"><div class=\"forminator-input forminator-input-with-prefix\"><input type=\"text\" name=\"calculation-2\" value=\"\" id=\"calculation-2-field_69d784d5b50d9\" class=\"forminator-calculation\" data-formula=\"{number-1}*0.91+{number-2}*1.13+{number-3}*1.25\" data-required=\"\" data-decimal-point=\".\" data-precision=\"2\" data-is-hidden=\"\" disabled=\"disabled\" data-decimals=\"2\" data-inputmask=\"&#039;groupSeparator&#039;: &#039;&#039;, &#039;radixPoint&#039;: &#039;.&#039;, &#039;digits&#039;: &#039;2&#039;\" readonly=\"readonly\" \/><span class=\"forminator-suffix\">kgs<\/span><\/div><\/div><\/div><\/div><input type=\"hidden\" name=\"referer_url\" value=\"\" \/><div class=\"forminator-row forminator-row-last\"><div class=\"forminator-col\"><div class=\"forminator-field\"><button class=\"forminator-button forminator-button-submit\">Send Message<\/button><\/div><\/div><\/div><input type=\"hidden\" id=\"forminator_nonce\" name=\"forminator_nonce\" value=\"ae64ff1e60\" \/><input type=\"hidden\" name=\"_wp_http_referer\" value=\"\/fr\/wp-json\/wp\/v2\/pages\/83895\" \/><input type=\"hidden\" name=\"form_id\" value=\"85190\"><input type=\"hidden\" name=\"page_id\" value=\"83895\"><input type=\"hidden\" name=\"form_type\" value=\"default\"><input type=\"hidden\" name=\"current_url\" value=\"https:\/\/arcticglacier.com\/fr\/calculateur-de-glace\/\"><input type=\"hidden\" name=\"render_id\" value=\"0\"><input type=\"hidden\" name=\"action\" value=\"forminator_submit_form_custom-forms\"><\/form>\n\n\n\n<p>Vous pouvez trouver notre glace emball\u00e9e de premi\u00e8re qualit\u00e9 chez votre d\u00e9panneur de quartier, en \u00e9picerie, dans les magasins de boissons, dans les grandes surfaces, les entrep\u00f4ts et les magasins club aux \u00c9tats-Unis et au Canada.&nbsp;<\/p>\n\n\n\n<p><a href=\"https:\/\/arcticglacier.com\/fr\/emplacements\/\">Voyez notre page Localisation<\/a> pour nos services offerts dans toute l\u2019Am\u00e9rique du Nord.<\/p>\n\n\n\n<div class=\"wp-block-spacer\" style=\"height: 20px;\" aria-hidden=\"true\">\u00a0<\/div>\n\n\n\n<p class=\"has-medium-font-size\"><strong>Options de ramassage et livraison<\/strong><\/p>\n\n\n\n<p>Pour les commandes de plus de 300 lb, veuillez nous contacter pour discuter des options de ramassage au quai ou de livraison directement <br>\u00e0 votre \u00e9v\u00e9nement *. Nous offrons aussi des pr\u00e9sentoirs et remorques en location pour plus de stockage r\u00e9frig\u00e9r\u00e9 lors de vos \u00e9v\u00e9nements.<\/p>\n\n\n\n<p>*Les minimums pour le ramassage et les livraisons, variant selon l\u2019emplacement et la saison.<\/p>\n\n\n\n<div class=\"wp-block-buttons is-layout-flex wp-block-buttons-is-layout-flex\">\n<div class=\"wp-block-button\"><a class=\"wp-block-button__link has-background wp-element-button\" href=\"https:\/\/arcticglacier.com\/fr\/renseignements-generaux\/\" style=\"border-radius:5px;background:linear-gradient(90deg,rgb(40,67,144) 0%,rgb(6,147,227) 100%)\"><strong>NOUS JOINDRE<\/strong><\/a><\/div>\n<\/div>\n\n\n\n<div class=\"wp-block-spacer\" style=\"height: 100px;\" aria-hidden=\"true\">\u00a0<\/div>\n","protected":false},"excerpt":{"rendered":"<p>Tout le monde le sait, quand il n\u2019y a plus de glace, la f\u00eate est finie. Arctic Glacier vous aide \u00e0 poursuivre les bons moments m\u00e9morables gr\u00e2ce \u00e0 notre calculateur de glace ultra pratique. Inscrivez simplement le nombre de gens participant \u00e0 votre f\u00eate, selon les sp\u00e9cifications de breuvages de votre \u00e9v\u00e9nement et notre calculateur [&hellip;]<\/p>\n","protected":false},"author":1,"featured_media":0,"parent":0,"menu_order":0,"comment_status":"closed","ping_status":"closed","template":"template-fullwidth.php","meta":{"_acf_changed":false,"_uag_custom_page_level_css":"","ub_ctt_via":"","footnotes":""},"class_list":["post-83895","page","type-page","status-publish","hentry"],"acf":[],"featured_image_src":null,"uagb_featured_image_src":{"full":false,"thumbnail":false,"medium":false,"medium_large":false,"large":false,"1536x1536":false,"2048x2048":false,"gform-image-choice-sm":false,"gform-image-choice-md":false,"gform-image-choice-lg":false},"uagb_author_info":{"display_name":"ArcticGlacier","author_link":"https:\/\/arcticglacier.com\/fr\/author\/ArcticGlacier\/"},"uagb_comment_info":0,"uagb_excerpt":"Tout le monde le sait, quand il n\u2019y a plus de glace, la f\u00eate est finie. Arctic Glacier vous aide \u00e0 poursuivre les bons moments m\u00e9morables gr\u00e2ce \u00e0 notre calculateur de glace ultra pratique. Inscrivez simplement le nombre de gens participant \u00e0 votre f\u00eate, selon les sp\u00e9cifications de breuvages de votre \u00e9v\u00e9nement et notre calculateur&hellip;","_links":{"self":[{"href":"https:\/\/arcticglacier.com\/fr\/wp-json\/wp\/v2\/pages\/83895","targetHints":{"allow":["GET"]}}],"collection":[{"href":"https:\/\/arcticglacier.com\/fr\/wp-json\/wp\/v2\/pages"}],"about":[{"href":"https:\/\/arcticglacier.com\/fr\/wp-json\/wp\/v2\/types\/page"}],"author":[{"embeddable":true,"href":"https:\/\/arcticglacier.com\/fr\/wp-json\/wp\/v2\/users\/1"}],"replies":[{"embeddable":true,"href":"https:\/\/arcticglacier.com\/fr\/wp-json\/wp\/v2\/comments?post=83895"}],"version-history":[{"count":0,"href":"https:\/\/arcticglacier.com\/fr\/wp-json\/wp\/v2\/pages\/83895\/revisions"}],"wp:attachment":[{"href":"https:\/\/arcticglacier.com\/fr\/wp-json\/wp\/v2\/media?parent=83895"}],"curies":[{"name":"wp","href":"https:\/\/api.w.org\/{rel}","templated":true}]}}