 {"id":74522,"date":"2022-05-19T17:11:28","date_gmt":"2022-05-19T22:11:28","guid":{"rendered":"https:\/\/a294f68154.nxcli.io\/fr\/?page_id=74522"},"modified":"2023-06-28T00:59:58","modified_gmt":"2023-06-28T05:59:58","slug":"meilleures-pratiques-de-production","status":"publish","type":"page","link":"https:\/\/arcticglacier.com\/fr\/qualite\/meilleures-pratiques-de-production\/","title":{"rendered":"Meilleures pratiques de production"},"content":{"rendered":"\n<p><span style=\"font-size: 20px;\"><strong>Normalisation de l\u2019assurance qualit\u00e9.<\/strong><\/span><\/p>\n\n\n\n<p>Nous croyons qu\u2019il est primordial pour nos clients d\u2019avoir une compl\u00e8te tranquillit\u00e9 d\u2019esprit en ce qui concerne notre glace de qualit\u00e9 alimentaire, Sp\u00e9cialement quand ils doivent fournir un document de contr\u00f4le de qualit\u00e9 lors d\u2019une inspection d\u2019innocuit\u00e9 des aliments. Nos installations de production et nos contr\u00f4les de qualit\u00e9 aident nos clients \u00e0 rester conformes et confiants dans de telles situations.<\/p>\n\n\n\n<p>Nous travaillons avec les meilleures normes de qualit\u00e9 et d\u2019hygi\u00e8ne de l\u2019industrie. Incluant les normes des contr\u00f4les de qualit\u00e9 de la glace emball\u00e9e, \u00a0ou PIQCS, mis en place par\u00a0l\u2019<a href=\"https:\/\/packagedice.com\/\">International Packaged Ice Association<\/a>. Ces normes se conforment enti\u00e8rement au Food Safety Modernization Act.<\/p>\r\n<p>&nbsp;<\/p>\r\n<p>\n\n\n\n<\/p>\r\n<p><strong>Conformit\u00e9 et qualit\u00e9<\/strong><\/p>\r\n<p>\n\n\n\n<\/p>\r\n<p>Notre glace d\u00e9passe les exigences de conformit\u00e9. Arctic Glacier conduit un programme interne de conformit\u00e9 et qualit\u00e9 qui g\u00e8re, surveille et valide notre proc\u00e9d\u00e9 de s\u00e9curit\u00e9 alimentaire gr\u00e2ce \u00e0 une vari\u00e9t\u00e9 d\u2019op\u00e9rations. Nous sommes fiers d\u2019offrir cette plus-value \u00e0 notre client\u00e8le.<\/p>\r\n<p>Pendant notre proc\u00e9d\u00e9 de production, nous effectuons plusieurs mesures de qualit\u00e9 pour valider, encore plus, l\u2019int\u00e9grit\u00e9 de nos produits.\u00a0Chaque installation travaille en partenariat avec un laboratoire tiers accr\u00e9dit\u00e9 pour la validation de leurs produits.<\/p>\r\n<p>\n\n\n\n<\/p>\r\n<figure class=\"wp-block-image size-full\"><img loading=\"lazy\" decoding=\"async\" class=\"alignnone wp-image-91288 size-large\" src=\"https:\/\/arcticglacier.com\/fr\/wp-content\/uploads\/sites\/4\/2023\/04\/AG-Best-Practice-Chart3-FRENCH-1024x709.jpg\" alt=\"\" width=\"1024\" height=\"709\" srcset=\"https:\/\/arcticglacier.com\/fr\/wp-content\/uploads\/sites\/4\/2023\/04\/AG-Best-Practice-Chart3-FRENCH-1024x709.jpg 1024w, https:\/\/arcticglacier.com\/fr\/wp-content\/uploads\/sites\/4\/2023\/04\/AG-Best-Practice-Chart3-FRENCH-300x208.jpg 300w, https:\/\/arcticglacier.com\/fr\/wp-content\/uploads\/sites\/4\/2023\/04\/AG-Best-Practice-Chart3-FRENCH-768x532.jpg 768w, https:\/\/arcticglacier.com\/fr\/wp-content\/uploads\/sites\/4\/2023\/04\/AG-Best-Practice-Chart3-FRENCH-1536x1063.jpg 1536w, https:\/\/arcticglacier.com\/fr\/wp-content\/uploads\/sites\/4\/2023\/04\/AG-Best-Practice-Chart3-FRENCH-2048x1418.jpg 2048w\" sizes=\"auto, (max-width: 1024px) 100vw, 1024px\" \/><\/figure>\r\n<p>\n\n\n\n<\/p>\r\n<p>De plus, nos produits subissent une v\u00e9rification annuelle de la part de l\u2019IPIA ex\u00e9cut\u00e9e par les v\u00e9rificateurs d\u2019une tierce partie, assurant que nos produits r\u00e9pondent aux normes \u00e9lev\u00e9es requises pour \u00eatre certifi\u00e9s de qualit\u00e9 alimentaire.<\/p>\r\n<p>\n","protected":false},"excerpt":{"rendered":"<p>Normalisation de l\u2019assurance qualit\u00e9. Nous croyons qu\u2019il est primordial pour nos clients d\u2019avoir une compl\u00e8te tranquillit\u00e9 d\u2019esprit en ce qui concerne notre glace de qualit\u00e9 alimentaire, Sp\u00e9cialement quand ils doivent fournir un document de contr\u00f4le de qualit\u00e9 lors d\u2019une inspection d\u2019innocuit\u00e9 des aliments. Nos installations de production et nos contr\u00f4les de qualit\u00e9 aident nos clients [&hellip;]<\/p>\n","protected":false},"author":1,"featured_media":0,"parent":74492,"menu_order":0,"comment_status":"closed","ping_status":"closed","template":"template-2column.php","meta":{"_acf_changed":false,"_uag_custom_page_level_css":"","ub_ctt_via":"","footnotes":""},"class_list":["post-74522","page","type-page","status-publish","hentry"],"acf":[],"featured_image_src":null,"uagb_featured_image_src":{"full":false,"thumbnail":false,"medium":false,"medium_large":false,"large":false,"1536x1536":false,"2048x2048":false,"gform-image-choice-sm":false,"gform-image-choice-md":false,"gform-image-choice-lg":false},"uagb_author_info":{"display_name":"ArcticGlacier","author_link":"https:\/\/arcticglacier.com\/fr\/author\/ArcticGlacier\/"},"uagb_comment_info":0,"uagb_excerpt":"Normalisation de l\u2019assurance qualit\u00e9. Nous croyons qu\u2019il est primordial pour nos clients d\u2019avoir une compl\u00e8te tranquillit\u00e9 d\u2019esprit en ce qui concerne notre glace de qualit\u00e9 alimentaire, Sp\u00e9cialement quand ils doivent fournir un document de contr\u00f4le de qualit\u00e9 lors d\u2019une inspection d\u2019innocuit\u00e9 des aliments. Nos installations de production et nos contr\u00f4les de qualit\u00e9 aident nos clients&hellip;","_links":{"self":[{"href":"https:\/\/arcticglacier.com\/fr\/wp-json\/wp\/v2\/pages\/74522","targetHints":{"allow":["GET"]}}],"collection":[{"href":"https:\/\/arcticglacier.com\/fr\/wp-json\/wp\/v2\/pages"}],"about":[{"href":"https:\/\/arcticglacier.com\/fr\/wp-json\/wp\/v2\/types\/page"}],"author":[{"embeddable":true,"href":"https:\/\/arcticglacier.com\/fr\/wp-json\/wp\/v2\/users\/1"}],"replies":[{"embeddable":true,"href":"https:\/\/arcticglacier.com\/fr\/wp-json\/wp\/v2\/comments?post=74522"}],"version-history":[{"count":0,"href":"https:\/\/arcticglacier.com\/fr\/wp-json\/wp\/v2\/pages\/74522\/revisions"}],"up":[{"embeddable":true,"href":"https:\/\/arcticglacier.com\/fr\/wp-json\/wp\/v2\/pages\/74492"}],"wp:attachment":[{"href":"https:\/\/arcticglacier.com\/fr\/wp-json\/wp\/v2\/media?parent=74522"}],"curies":[{"name":"wp","href":"https:\/\/api.w.org\/{rel}","templated":true}]}}