 {"id":74495,"date":"2022-05-19T17:09:37","date_gmt":"2022-05-19T22:09:37","guid":{"rendered":"https:\/\/a294f68154.nxcli.io\/fr\/?page_id=74495"},"modified":"2024-05-29T13:58:23","modified_gmt":"2024-05-29T18:58:23","slug":"glace-emballee","status":"publish","type":"page","link":"https:\/\/arcticglacier.com\/fr\/glace-emballee\/","title":{"rendered":"Glace emball\u00e9e"},"content":{"rendered":"\n<p><strong>Ouais, il y a de la glace pour cela. Et cela. Et cela.<\/strong><\/p>\n\n\n\n<p><strong>Parfaitement emball\u00e9e et au bon format<\/strong><\/p>\n\n\n\n<p>Que vous disiez glace en sac ou glace emball\u00e9e, nous comprenons vos besoins. Quand on parle des besoins en glace de nos clients, nous savons que le mot cl\u00e9 est versatilit\u00e9. C\u2019est pourquoi nous nous assurons que notre glace de qualit\u00e9 emball\u00e9e est disponible dans une vaste gamme de formats. Que vous en ayez besoin pour votre quotidien, votre cocktail, votre glaci\u00e8re, votre \u00e9v\u00e9nement, votre loisir, votre entreprise ou votre chantier, il y a de la glace pour cela.<\/p>\n\n\n\n<p><strong>Notre glace est disponible en plusieurs formats et vari\u00e9t\u00e9s.<\/strong><\/p>\n\n\n\n<div class=\"wp-block-columns is-layout-flex wp-container-core-columns-is-layout-9d6595d7 wp-block-columns-is-layout-flex\">\n<div class=\"wp-block-column is-layout-flow wp-block-column-is-layout-flow\"><div class=\"wp-block-image\">\n<figure class=\"aligncenter size-full\"><img loading=\"lazy\" decoding=\"async\" width=\"1512\" height=\"2016\" src=\"https:\/\/arcticglacier.com\/fr\/wp-content\/uploads\/sites\/4\/2023\/07\/16925-ArcticGlacier-Icebag-5lb-Front-SEAL-bilingual-1.jpg\" alt=\"\" class=\"wp-image-92069\" srcset=\"https:\/\/arcticglacier.com\/fr\/wp-content\/uploads\/sites\/4\/2023\/07\/16925-ArcticGlacier-Icebag-5lb-Front-SEAL-bilingual-1.jpg 1512w, https:\/\/arcticglacier.com\/fr\/wp-content\/uploads\/sites\/4\/2023\/07\/16925-ArcticGlacier-Icebag-5lb-Front-SEAL-bilingual-1-225x300.jpg 225w, https:\/\/arcticglacier.com\/fr\/wp-content\/uploads\/sites\/4\/2023\/07\/16925-ArcticGlacier-Icebag-5lb-Front-SEAL-bilingual-1-768x1024.jpg 768w, https:\/\/arcticglacier.com\/fr\/wp-content\/uploads\/sites\/4\/2023\/07\/16925-ArcticGlacier-Icebag-5lb-Front-SEAL-bilingual-1-1152x1536.jpg 1152w\" sizes=\"auto, (max-width: 1512px) 100vw, 1512px\" \/><\/figure>\n<\/div>\n\n\n<h4 class=\"wp-block-heading\"><strong>5 lb FORMAT PLAISIR<\/strong><\/h4>\n\n\n\n<p class=\"has-text-align-center\"><p>En format plaisir pour convenir \u00e0 votre cong\u00e9lateur et conserver le plaisir pour toutes les occasions.<\/p><\/p>\n\n\n\n<p>&nbsp;<\/p>\n<\/div>\n\n\n\n<div class=\"wp-block-column is-layout-flow wp-block-column-is-layout-flow\"><div class=\"wp-block-image\">\n<figure class=\"aligncenter size-full\"><img loading=\"lazy\" decoding=\"async\" width=\"1512\" height=\"2016\" src=\"https:\/\/arcticglacier.com\/fr\/wp-content\/uploads\/sites\/4\/2023\/07\/16925-ArcticGlacier-Icebag-16lb-Front-SEAL-bilingual-1.jpg\" alt=\"\" class=\"wp-image-92070\" srcset=\"https:\/\/arcticglacier.com\/fr\/wp-content\/uploads\/sites\/4\/2023\/07\/16925-ArcticGlacier-Icebag-16lb-Front-SEAL-bilingual-1.jpg 1512w, https:\/\/arcticglacier.com\/fr\/wp-content\/uploads\/sites\/4\/2023\/07\/16925-ArcticGlacier-Icebag-16lb-Front-SEAL-bilingual-1-225x300.jpg 225w, https:\/\/arcticglacier.com\/fr\/wp-content\/uploads\/sites\/4\/2023\/07\/16925-ArcticGlacier-Icebag-16lb-Front-SEAL-bilingual-1-768x1024.jpg 768w, https:\/\/arcticglacier.com\/fr\/wp-content\/uploads\/sites\/4\/2023\/07\/16925-ArcticGlacier-Icebag-16lb-Front-SEAL-bilingual-1-1152x1536.jpg 1152w\" sizes=\"auto, (max-width: 1512px) 100vw, 1512px\" \/><\/figure>\n<\/div>\n\n\n<h4 class=\"wp-block-heading\"><strong>16 lb FORMAT F\u00caTE<\/strong><\/h4>\n\n\n\n<p class=\"has-text-align-center\"><p>La glace de qualit\u00e9 Arctic Glacier est cristalline, toujours fra\u00eeche et 100% pure. En format f\u00eate, elle donne un plus \u00e0 toute occasion et conserve la joie de vivre.<\/p><\/p>\n<\/div>\n<\/div>\n\n\n\n<div class=\"wp-block-columns is-layout-flex wp-container-core-columns-is-layout-9d6595d7 wp-block-columns-is-layout-flex\">\n<div class=\"wp-block-column is-layout-flow wp-block-column-is-layout-flow\"><div class=\"wp-block-image\">\n<figure class=\"aligncenter size-large\"><img loading=\"lazy\" decoding=\"async\" width=\"768\" height=\"1024\" src=\"https:\/\/arcticglacier.com\/fr\/wp-content\/uploads\/sites\/4\/2022\/05\/16925-ArcticGlacier-Icebag-Cubes-Front-SEAL-1-768x1024.jpg\" alt=\"\" class=\"wp-image-74503\" srcset=\"https:\/\/arcticglacier.com\/fr\/wp-content\/uploads\/sites\/4\/2022\/05\/16925-ArcticGlacier-Icebag-Cubes-Front-SEAL-1-768x1024.jpg 768w, https:\/\/arcticglacier.com\/fr\/wp-content\/uploads\/sites\/4\/2022\/05\/16925-ArcticGlacier-Icebag-Cubes-Front-SEAL-1-225x300.jpg 225w, https:\/\/arcticglacier.com\/fr\/wp-content\/uploads\/sites\/4\/2022\/05\/16925-ArcticGlacier-Icebag-Cubes-Front-SEAL-1-1152x1536.jpg 1152w, https:\/\/arcticglacier.com\/fr\/wp-content\/uploads\/sites\/4\/2022\/05\/16925-ArcticGlacier-Icebag-Cubes-Front-SEAL-1-38x50.jpg 38w, https:\/\/arcticglacier.com\/fr\/wp-content\/uploads\/sites\/4\/2022\/05\/16925-ArcticGlacier-Icebag-Cubes-Front-SEAL-1-75x100.jpg 75w, https:\/\/arcticglacier.com\/fr\/wp-content\/uploads\/sites\/4\/2022\/05\/16925-ArcticGlacier-Icebag-Cubes-Front-SEAL-1.jpg 1512w\" sizes=\"auto, (max-width: 768px) 100vw, 768px\" \/><\/figure>\n<\/div>\n\n\n<h4 class=\"wp-block-heading\"><strong>5 lb CUBES<\/strong><\/h4>\n\n\n\n<p class=\"has-text-align-center\"><p>Rehaussez votre breuvage et conservez la joie de vivre avec les gros CUBES Arctic Glacier. Glace de qualit\u00e9 cristalline, toujours fra\u00eeche et 100% pure.<\/p><\/p>\n\n\n\n<p>&nbsp;<\/p>\n<\/div>\n\n\n\n<div class=\"wp-block-column is-layout-flow wp-block-column-is-layout-flow\"><div class=\"wp-block-image\">\n<figure class=\"aligncenter size-large\"><img loading=\"lazy\" decoding=\"async\" width=\"768\" height=\"1024\" src=\"https:\/\/arcticglacier.com\/fr\/wp-content\/uploads\/sites\/4\/2022\/05\/16925-ArcticGlacier-Icebag-Mini-Front-2-768x1024.jpg\" alt=\"\" class=\"wp-image-74504\" srcset=\"https:\/\/arcticglacier.com\/fr\/wp-content\/uploads\/sites\/4\/2022\/05\/16925-ArcticGlacier-Icebag-Mini-Front-2-768x1024.jpg 768w, https:\/\/arcticglacier.com\/fr\/wp-content\/uploads\/sites\/4\/2022\/05\/16925-ArcticGlacier-Icebag-Mini-Front-2-225x300.jpg 225w, https:\/\/arcticglacier.com\/fr\/wp-content\/uploads\/sites\/4\/2022\/05\/16925-ArcticGlacier-Icebag-Mini-Front-2-1152x1536.jpg 1152w, https:\/\/arcticglacier.com\/fr\/wp-content\/uploads\/sites\/4\/2022\/05\/16925-ArcticGlacier-Icebag-Mini-Front-2-38x50.jpg 38w, https:\/\/arcticglacier.com\/fr\/wp-content\/uploads\/sites\/4\/2022\/05\/16925-ArcticGlacier-Icebag-Mini-Front-2-75x100.jpg 75w, https:\/\/arcticglacier.com\/fr\/wp-content\/uploads\/sites\/4\/2022\/05\/16925-ArcticGlacier-Icebag-Mini-Front-2.jpg 1512w\" sizes=\"auto, (max-width: 768px) 100vw, 768px\" \/><\/figure>\n<\/div>\n\n\n<h4 class=\"wp-block-heading\"><strong>9 lb MINI SACS<\/strong><\/h4>\n\n\n\n<p class=\"has-text-align-center\"><p>Emball\u00e9s pour conserver la joie de vivre, les mini sacs comprennent 3 sacs individuels de 3 livres chacun de glace cristalline, toujours fra\u00eeche, et 100% pure. Les Minis se placent facilement dans votre cong\u00e9lateur et sont pr\u00eats \u00e0 aller dans votre glaci\u00e8re pour les \u00e9v\u00e9nements, les f\u00eates et plus!<\/p><\/p>\n<\/div>\n<\/div>\n\n\n\n<div class=\"wp-block-columns is-layout-flex wp-container-core-columns-is-layout-9d6595d7 wp-block-columns-is-layout-flex\">\n<div class=\"wp-block-column is-layout-flow wp-block-column-is-layout-flow\">\n<!--<figure class=\"wp-block-image aligncenter size-large\"><img loading=\"lazy\" decoding=\"async\" width=\"1024\" height=\"1024\" src=\"https:\/\/arcticglacier.com\/fr\/wp-content\/uploads\/sites\/4\/2022\/10\/blueround1-1024x1024.png\" alt=\"\" class=\"wp-image-86041\" srcset=\"https:\/\/arcticglacier.com\/fr\/wp-content\/uploads\/sites\/4\/2022\/10\/blueround1-1024x1024.png 1024w, https:\/\/arcticglacier.com\/fr\/wp-content\/uploads\/sites\/4\/2022\/10\/blueround1-300x300.png 300w, https:\/\/arcticglacier.com\/fr\/wp-content\/uploads\/sites\/4\/2022\/10\/blueround1-150x150.png 150w, https:\/\/arcticglacier.com\/fr\/wp-content\/uploads\/sites\/4\/2022\/10\/blueround1-768x768.png 768w, https:\/\/arcticglacier.com\/fr\/wp-content\/uploads\/sites\/4\/2022\/10\/blueround1-1536x1536.png 1536w, https:\/\/arcticglacier.com\/fr\/wp-content\/uploads\/sites\/4\/2022\/10\/blueround1.png 1944w\" sizes=\"auto, (max-width: 1024px) 100vw, 1024px\" \/><\/figure>-->\n\n\n\n<!--<p class=\"has-text-align-center\"><p><strong>Voici les sph\u00e8res de glace \u00e0 cocktail \u00e0 fonte lente <\/strong><\/p><\/p>-->\n\n\n\n<!--<p>Rehaussez l\u2019exp\u00e9rience breuvage avec les sph\u00e8res de glace \u00e0 fonte lente Lux.<br \/>Les sph\u00e8res de glace cristalline, \u00e0 fonte lente sont parfaites pour toutes les boissons, alcoolis\u00e9es ou non. Les sph\u00e8res de 2,3\u201d sont disponibles en emballage refermable de 6.<\/p>-->\n\n\n\n<p>&nbsp;<\/p>\n<\/div>\n\n\n\n<div class=\"wp-block-column is-layout-flow wp-block-column-is-layout-flow\">\n<p>&nbsp;<\/p>\n<\/div>\n<\/div>\n\n\n\n<p><strong>De plus gros paniers<\/strong><\/p>\n\n\n\n<p><p>Les gens ach\u00e8tent de la glace pour toute sorte d\u2019occasions et d\u2019utilisations. Pour un usage quotidien, une f\u00eate ou leur entreprise, Quand les consommateurs ach\u00e8tent de la glace, ils ach\u00e8tent aussi plus d\u2019autres items dans le magasin.<\/p>\n<p>En tant que marque de glace emball\u00e9e pr\u00e9f\u00e9r\u00e9e des consommateurs nord-am\u00e9ricains, Arctic Glacier aide les d\u00e9taillants nord-am\u00e9ricains \u00e0 augmenter la taille des paniers avec un programme de glace enti\u00e8rement g\u00e9r\u00e9.<\/p><\/p>\n\n\n\n<figure class=\"wp-block-image size-full\"><img decoding=\"async\" src=\"https:\/\/arcticglacier.com\/fr\/wp-content\/uploads\/sites\/4\/2023\/04\/Why_Ice-French.png\" alt=\"\" class=\"wp-image-91441\"\/><\/figure>\n\n\n\n<p>Nous fournissons la gestion compl\u00e8te de la cat\u00e9gorie. En commen\u00e7ant par notre glace de haute qualit\u00e9, nous aidons les commer\u00e7ants \u00e0 augmenter leurs ventes gr\u00e2ce \u00e0 un programme de marchandisage et un programme de marketing de point de vente en magasin.<\/p>\n\n\n\n<div class=\"wp-block-buttons is-layout-flex wp-block-buttons-is-layout-flex\">\n<div class=\"wp-block-button\"><a class=\"wp-block-button__link has-background wp-element-button\" href=\"https:\/\/arcticglacier.com\/fr\/contactez-nous\/\" style=\"border-radius:5px;background:linear-gradient(90deg,rgb(40,67,144) 0%,rgb(6,147,227) 100%)\"><strong>ALLONS-Y, COMMEN\u00c7ONS!<\/strong><\/a><\/div>\n<\/div>\n\n\n\n<p>&nbsp;<\/p>\n","protected":false},"excerpt":{"rendered":"<p>Ouais, il y a de la glace pour cela. Et cela. Et cela. Parfaitement emball\u00e9e et au bon format Que vous disiez glace en sac ou glace emball\u00e9e, nous comprenons vos besoins. Quand on parle des besoins en glace de nos clients, nous savons que le mot cl\u00e9 est versatilit\u00e9. C\u2019est pourquoi nous nous assurons [&hellip;]<\/p>\n","protected":false},"author":1,"featured_media":0,"parent":0,"menu_order":0,"comment_status":"closed","ping_status":"closed","template":"template-2column.php","meta":{"_acf_changed":false,"_uag_custom_page_level_css":"","ub_ctt_via":"","footnotes":""},"class_list":["post-74495","page","type-page","status-publish","hentry"],"acf":[],"featured_image_src":null,"uagb_featured_image_src":{"full":false,"thumbnail":false,"medium":false,"medium_large":false,"large":false,"1536x1536":false,"2048x2048":false,"gform-image-choice-sm":false,"gform-image-choice-md":false,"gform-image-choice-lg":false},"uagb_author_info":{"display_name":"ArcticGlacier","author_link":"https:\/\/arcticglacier.com\/fr\/author\/ArcticGlacier\/"},"uagb_comment_info":0,"uagb_excerpt":"Ouais, il y a de la glace pour cela. Et cela. Et cela. Parfaitement emball\u00e9e et au bon format Que vous disiez glace en sac ou glace emball\u00e9e, nous comprenons vos besoins. Quand on parle des besoins en glace de nos clients, nous savons que le mot cl\u00e9 est versatilit\u00e9. C\u2019est pourquoi nous nous assurons&hellip;","_links":{"self":[{"href":"https:\/\/arcticglacier.com\/fr\/wp-json\/wp\/v2\/pages\/74495","targetHints":{"allow":["GET"]}}],"collection":[{"href":"https:\/\/arcticglacier.com\/fr\/wp-json\/wp\/v2\/pages"}],"about":[{"href":"https:\/\/arcticglacier.com\/fr\/wp-json\/wp\/v2\/types\/page"}],"author":[{"embeddable":true,"href":"https:\/\/arcticglacier.com\/fr\/wp-json\/wp\/v2\/users\/1"}],"replies":[{"embeddable":true,"href":"https:\/\/arcticglacier.com\/fr\/wp-json\/wp\/v2\/comments?post=74495"}],"version-history":[{"count":0,"href":"https:\/\/arcticglacier.com\/fr\/wp-json\/wp\/v2\/pages\/74495\/revisions"}],"wp:attachment":[{"href":"https:\/\/arcticglacier.com\/fr\/wp-json\/wp\/v2\/media?parent=74495"}],"curies":[{"name":"wp","href":"https:\/\/api.w.org\/{rel}","templated":true}]}}