 {"id":74492,"date":"2022-05-19T17:11:01","date_gmt":"2022-05-19T22:11:01","guid":{"rendered":"https:\/\/a294f68154.nxcli.io\/fr\/?page_id=74492"},"modified":"2023-06-28T00:57:43","modified_gmt":"2023-06-28T05:57:43","slug":"qualite","status":"publish","type":"page","link":"https:\/\/arcticglacier.com\/fr\/qualite\/","title":{"rendered":"Qualit\u00e9"},"content":{"rendered":"\n<p><span style=\"font-size: 20px;\"><strong>Pour obtenir une qualit\u00e9 sup\u00e9rieure, il faut d\u2019abord se concentrer sur la sant\u00e9 et s\u00e9curit\u00e9<\/strong><strong><b>.<\/b><\/strong><\/span><\/p>\n\n\n\n<p>La glace, tout le monde sait comment en faire, mais la produire en grande quantit\u00e9, satisfaire \u00e0 la demande du march\u00e9 et produire de la glace de qualit\u00e9, s\u00e9curitaire pour le consommateur est bien plus complexe. Faire toutes ces choses de la bonne mani\u00e8re est la proverbiale recette secr\u00e8te des produits de glace emball\u00e9s. Que ce soit pour nos propres employ\u00e9s, pour les clients que nous avons le plaisir de servir, ou le consommateur qui appr\u00e9cie notre glace, assurer la sant\u00e9 et la s\u00e9curit\u00e9 est, sans aucun doute, la premi\u00e8re priorit\u00e9 d\u2019Arctic Glacier\u00ae.<\/p>\n\n\n\n<p><strong>La glace est un aliment<\/strong><\/p>\n\n\n\n<p>Les consommateurs et les d\u00e9taillants sont souvent surpris d\u2019apprendre que la FDA consid\u00e8re la glace emball\u00e9e comme un produit alimentaire. En tant que produit alimentaire, la glace emball\u00e9e doit \u00eatre conforme aux exigences des agences sanitaires f\u00e9d\u00e9rales et aux pratiques d\u2019hygi\u00e8ne pour \u00eatre s\u00e9curitaire pour les consommateurs. Maintenant, plus que jamais, les consommateurs demandent de la transparence sur la s\u00e9curit\u00e9 et la qualit\u00e9 des produits qu\u2019ils ach\u00e8tent, encore plus pour les aliments. Cependant, se conformer aux exigences des organismes de r\u00e9glementation peut \u00eatre d\u00e9concertant et co\u00fbteux.<\/p>\n\n\n\n<p><strong>Meilleures pratiques de production et d\u2019emballage<\/strong><\/p>\n\n\n\n<p>En tant que chef de file des manufacturiers de glace emball\u00e9e en Am\u00e9rique du Nord, nous nous appuyons sur plus de 140 ans d\u2019expertise pour garantir que notre glace d\u00e9passe les exigences de qualit\u00e9 de l\u2019International Packaged Ice Association et des agences gouvernementales. \u00c0 toutes nos installations d\u2019Am\u00e9rique du Nord, nous effectuons un contr\u00f4le rigoureux de nos proc\u00e9d\u00e9s de production qui comprend des tests complets. Chaque installation a obtenu un \u201cCertificat de conformit\u00e9\u201d du service des eaux local qui valide la qualit\u00e9 de leur production.<\/p>\n\n\n\n<p><strong>Assurance de qualit\u00e9, produit et emballage<\/strong><\/p>\n\n\n\n<p><p>Lors de notre proc\u00e9d\u00e9 de production, nous ex\u00e9cutons diff\u00e9rentes mesures de AQ pour valider encore plus l\u2019int\u00e9grit\u00e9 du produit.<\/p>\n<p><img loading=\"lazy\" decoding=\"async\" class=\"alignnone size-large wp-image-91286\" src=\"https:\/\/arcticglacier.com\/fr\/wp-content\/uploads\/sites\/4\/2023\/04\/AG-Safety-Chart-French-1024x867.jpg\" alt=\"\" width=\"1024\" height=\"867\" srcset=\"https:\/\/arcticglacier.com\/fr\/wp-content\/uploads\/sites\/4\/2023\/04\/AG-Safety-Chart-French-1024x867.jpg 1024w, https:\/\/arcticglacier.com\/fr\/wp-content\/uploads\/sites\/4\/2023\/04\/AG-Safety-Chart-French-300x254.jpg 300w, https:\/\/arcticglacier.com\/fr\/wp-content\/uploads\/sites\/4\/2023\/04\/AG-Safety-Chart-French-768x650.jpg 768w, https:\/\/arcticglacier.com\/fr\/wp-content\/uploads\/sites\/4\/2023\/04\/AG-Safety-Chart-French-1536x1300.jpg 1536w, https:\/\/arcticglacier.com\/fr\/wp-content\/uploads\/sites\/4\/2023\/04\/AG-Safety-Chart-French.jpg 1956w\" sizes=\"auto, (max-width: 1024px) 100vw, 1024px\" \/><\/p><\/p>\n\n\n\n\n\n<p><a href=\"https:\/\/arcticglacier.com\/fr\/qualite\/meilleures-pratiques-de-production\/\">En apprendre plus sur les meilleures pratiques de production d\u2019Arctic Glacier.<\/a><\/p>\n\n\n\n<p><a href=\"https:\/\/arcticglacier.com\/fr\/contactez-nous\/\">Obtenir un programme de glace pour votre entreprise.<\/a><\/p>\n","protected":false},"excerpt":{"rendered":"<p>Pour obtenir une qualit\u00e9 sup\u00e9rieure, il faut d\u2019abord se concentrer sur la sant\u00e9 et s\u00e9curit\u00e9. La glace, tout le monde sait comment en faire, mais la produire en grande quantit\u00e9, satisfaire \u00e0 la demande du march\u00e9 et produire de la glace de qualit\u00e9, s\u00e9curitaire pour le consommateur est bien plus complexe. Faire toutes ces choses [&hellip;]<\/p>\n","protected":false},"author":1,"featured_media":0,"parent":0,"menu_order":0,"comment_status":"closed","ping_status":"closed","template":"template-2column.php","meta":{"_acf_changed":false,"_uag_custom_page_level_css":"","ub_ctt_via":"","footnotes":""},"class_list":["post-74492","page","type-page","status-publish","hentry"],"acf":[],"featured_image_src":null,"uagb_featured_image_src":{"full":false,"thumbnail":false,"medium":false,"medium_large":false,"large":false,"1536x1536":false,"2048x2048":false,"gform-image-choice-sm":false,"gform-image-choice-md":false,"gform-image-choice-lg":false},"uagb_author_info":{"display_name":"ArcticGlacier","author_link":"https:\/\/arcticglacier.com\/fr\/author\/ArcticGlacier\/"},"uagb_comment_info":0,"uagb_excerpt":"Pour obtenir une qualit\u00e9 sup\u00e9rieure, il faut d\u2019abord se concentrer sur la sant\u00e9 et s\u00e9curit\u00e9. La glace, tout le monde sait comment en faire, mais la produire en grande quantit\u00e9, satisfaire \u00e0 la demande du march\u00e9 et produire de la glace de qualit\u00e9, s\u00e9curitaire pour le consommateur est bien plus complexe. Faire toutes ces choses&hellip;","_links":{"self":[{"href":"https:\/\/arcticglacier.com\/fr\/wp-json\/wp\/v2\/pages\/74492","targetHints":{"allow":["GET"]}}],"collection":[{"href":"https:\/\/arcticglacier.com\/fr\/wp-json\/wp\/v2\/pages"}],"about":[{"href":"https:\/\/arcticglacier.com\/fr\/wp-json\/wp\/v2\/types\/page"}],"author":[{"embeddable":true,"href":"https:\/\/arcticglacier.com\/fr\/wp-json\/wp\/v2\/users\/1"}],"replies":[{"embeddable":true,"href":"https:\/\/arcticglacier.com\/fr\/wp-json\/wp\/v2\/comments?post=74492"}],"version-history":[{"count":0,"href":"https:\/\/arcticglacier.com\/fr\/wp-json\/wp\/v2\/pages\/74492\/revisions"}],"wp:attachment":[{"href":"https:\/\/arcticglacier.com\/fr\/wp-json\/wp\/v2\/media?parent=74492"}],"curies":[{"name":"wp","href":"https:\/\/api.w.org\/{rel}","templated":true}]}}