 {"id":71236,"date":"2022-03-14T10:59:47","date_gmt":"2022-03-14T15:59:47","guid":{"rendered":"https:\/\/a294f68154.nxcli.io\/fr\/?page_id=71236"},"modified":"2025-05-19T13:40:40","modified_gmt":"2025-05-19T18:40:40","slug":"notre-histoire","status":"publish","type":"page","link":"https:\/\/arcticglacier.com\/fr\/notre-histoire\/","title":{"rendered":"Notre histoire"},"content":{"rendered":"\n<figure class=\"wp-block-gallery has-nested-images columns-default is-cropped wp-block-gallery-2 is-layout-flex wp-block-gallery-is-layout-flex\">\n<figure class=\"wp-block-image size-large\"><img loading=\"lazy\" decoding=\"async\" width=\"1024\" height=\"300\" data-id=\"71543\" src=\"https:\/\/arcticglacier.com\/fr\/wp-content\/uploads\/sites\/4\/2022\/03\/Arctic-28.jpg\" alt=\"\" class=\"wp-image-71543\" srcset=\"https:\/\/arcticglacier.com\/fr\/wp-content\/uploads\/sites\/4\/2022\/03\/Arctic-28.jpg 1024w, https:\/\/arcticglacier.com\/fr\/wp-content\/uploads\/sites\/4\/2022\/03\/Arctic-28-300x88.jpg 300w, https:\/\/arcticglacier.com\/fr\/wp-content\/uploads\/sites\/4\/2022\/03\/Arctic-28-768x225.jpg 768w\" sizes=\"auto, (max-width: 1024px) 100vw, 1024px\" \/><\/figure>\n<\/figure>\n\n\n\n<p>La vision d&#8217;Arctic Glacier nous vient de l&#8217;esprit d&#8217;entreprise de nos fondateurs il y a plus de 140&nbsp;ans au Manitoba, au Canada.&nbsp;<\/p>\n\n\n\n<p>Notre histoire d\u00e9bute en 1882 lorsque Charles H. McNaughton a achet\u00e9 deux chevaux, quelques chariots et une glaci\u00e8re sur la rue Fountain \u00e0 Winnipeg, cr\u00e9ant ainsi la Arctic Ice Company. McNaughton et son partenaire d&#8217;affaires James S. Nicholson coupaient des blocs de glace sur la rivi\u00e8re Rouge. Ces massifs blocs de glace \u00e9taient plac\u00e9s dans de la sciure de bois et entrepos\u00e9s jusqu&#8217;\u00e0 ce qu&#8217;ils soient pr\u00eats \u00e0 \u00eatre livr\u00e9s dans des chariots tir\u00e9s par des chevaux et vendus aux citoyens de Winnipeg.&nbsp;<\/p>\n\n\n\n<figure class=\"wp-block-image size-full\"><img loading=\"lazy\" decoding=\"async\" width=\"1024\" height=\"300\" src=\"https:\/\/arcticglacier.com\/fr\/wp-content\/uploads\/sites\/4\/2022\/03\/Arctic-8.jpg\" alt=\"\" class=\"wp-image-71542\" srcset=\"https:\/\/arcticglacier.com\/fr\/wp-content\/uploads\/sites\/4\/2022\/03\/Arctic-8.jpg 1024w, https:\/\/arcticglacier.com\/fr\/wp-content\/uploads\/sites\/4\/2022\/03\/Arctic-8-300x88.jpg 300w, https:\/\/arcticglacier.com\/fr\/wp-content\/uploads\/sites\/4\/2022\/03\/Arctic-8-768x225.jpg 768w\" sizes=\"auto, (max-width: 1024px) 100vw, 1024px\" \/><\/figure>\n\n\n\n<p>En 1901, l&#8217;entreprise a fait sa premi\u00e8re acquisition, en fusionnant avec la Winnipeg Ice Company. \u00c0 mesure qu&#8217;Arctic Ice grandissait, elle a r\u00e9invent\u00e9 son approche op\u00e9rationnelle. Pour s&#8217;adapter \u00e0 la demande croissante, l&#8217;entreprise a coup\u00e9 de la glace sur plusieurs rivi\u00e8res et lacs, a utilis\u00e9 des chariots pouvant transporter jusqu&#8217;\u00e0 40&nbsp;tonnes, et des barges d&#8217;une capacit\u00e9 de 250&nbsp;tonnes, pour acheminer la glace \u00e0 leurs clients partout dans la r\u00e9gion.<\/p>\n\n\n\n<figure class=\"wp-block-gallery has-nested-images columns-default is-cropped wp-block-gallery-3 is-layout-flex wp-block-gallery-is-layout-flex\">\n<figure class=\"wp-block-image size-large\"><img loading=\"lazy\" decoding=\"async\" width=\"1024\" height=\"300\" data-id=\"71540\" src=\"https:\/\/arcticglacier.com\/fr\/wp-content\/uploads\/sites\/4\/2022\/03\/Arctic-4.jpg\" alt=\"\" class=\"wp-image-71540\" srcset=\"https:\/\/arcticglacier.com\/fr\/wp-content\/uploads\/sites\/4\/2022\/03\/Arctic-4.jpg 1024w, https:\/\/arcticglacier.com\/fr\/wp-content\/uploads\/sites\/4\/2022\/03\/Arctic-4-300x88.jpg 300w, https:\/\/arcticglacier.com\/fr\/wp-content\/uploads\/sites\/4\/2022\/03\/Arctic-4-768x225.jpg 768w\" sizes=\"auto, (max-width: 1024px) 100vw, 1024px\" \/><\/figure>\n<\/figure>\n\n\n\n<p>Lorsque les niveaux d&#8217;eau ont baiss\u00e9 et que M\u00e8re Nature s&#8217;est av\u00e9r\u00e9e une partenaire peu fiable, l&#8217;\u00e9quipe entreprenante s&#8217;est rapidement tourn\u00e9e vers la fabrication de glace. L&#8217;entreprise a achet\u00e9 un terrain de 56&nbsp;acres \u00e0 Saint-Boniface, Manitoba et a rempli un r\u00e9servoir artificiel de 38&nbsp;millions de litres d&#8217;eau. Avec des scies m\u00e9caniques, l&#8217;entreprise a r\u00e9colt\u00e9 110&nbsp;000&nbsp;tonnes de glace en un an et l&#8217;a entrepos\u00e9 dans leurs \u00e9difices et \u00e9tables.&nbsp;&nbsp;<\/p>\n\n\n\n<figure class=\"wp-block-gallery has-nested-images columns-default is-cropped wp-block-gallery-4 is-layout-flex wp-block-gallery-is-layout-flex\">\n<figure class=\"wp-block-image size-large\"><img loading=\"lazy\" decoding=\"async\" width=\"1024\" height=\"300\" data-id=\"71541\" src=\"https:\/\/arcticglacier.com\/fr\/wp-content\/uploads\/sites\/4\/2022\/03\/Arctic-7.jpg\" alt=\"\" class=\"wp-image-71541\" srcset=\"https:\/\/arcticglacier.com\/fr\/wp-content\/uploads\/sites\/4\/2022\/03\/Arctic-7.jpg 1024w, https:\/\/arcticglacier.com\/fr\/wp-content\/uploads\/sites\/4\/2022\/03\/Arctic-7-300x88.jpg 300w, https:\/\/arcticglacier.com\/fr\/wp-content\/uploads\/sites\/4\/2022\/03\/Arctic-7-768x225.jpg 768w\" sizes=\"auto, (max-width: 1024px) 100vw, 1024px\" \/><\/figure>\n<\/figure>\n\n\n\n<p>Vers 1950 la demande en glace naturelle a commenc\u00e9 \u00e0 diminuer. Entreprise innovatrice d\u00e8s ses d\u00e9buts et \u00e9voluant avec les changements de l&#8217;\u00e9poque, Arctic Ice a cess\u00e9 de r\u00e9colter de la glace de source naturelle et a fait sa derni\u00e8re livraison \u00e0 domicile en 1954. &nbsp;L&#8217;entreprise rend hommage \u00e0 son site d&#8217;affaires original de Winnipeg en tant que commanditaire en titre du parc d&#8217;hiver Arctic Glacier \u00e0 La Fourche au Manitoba. Lieu o\u00f9 se rencontrent les rivi\u00e8res Rouge et Assiniboine l\u00e0 o\u00f9 l&#8217;entreprise r\u00e9coltait autrefois la glace. La Fourche est maintenant une zone r\u00e9cr\u00e9ative dynamique \u00e0 usage mixte et un joyau de la communaut\u00e9 accueillant plus de 4&nbsp;millions de visiteurs annuellement et apportant des retomb\u00e9es \u00e9conomiques de 1,26&nbsp;million de dollars localement.&nbsp;<\/p>\n\n\n\n<figure class=\"wp-block-image size-full\"><img loading=\"lazy\" decoding=\"async\" width=\"1024\" height=\"300\" src=\"https:\/\/arcticglacier.com\/fr\/wp-content\/uploads\/sites\/4\/2022\/03\/Arctic-1.jpg\" alt=\"\" class=\"wp-image-71539\" srcset=\"https:\/\/arcticglacier.com\/fr\/wp-content\/uploads\/sites\/4\/2022\/03\/Arctic-1.jpg 1024w, https:\/\/arcticglacier.com\/fr\/wp-content\/uploads\/sites\/4\/2022\/03\/Arctic-1-300x88.jpg 300w, https:\/\/arcticglacier.com\/fr\/wp-content\/uploads\/sites\/4\/2022\/03\/Arctic-1-768x225.jpg 768w\" sizes=\"auto, (max-width: 1024px) 100vw, 1024px\" \/><\/figure>\n\n\n\n<p>Au cours de ses 100&nbsp;premi\u00e8res ann\u00e9es d&#8217;activit\u00e9, Arctic Ice a continu\u00e9 d&#8217;\u00e9voluer, s&#8217;imposant comme le plus grand fabricant de glace au Canada, employant 800&nbsp;associ\u00e9s, b\u00e9n\u00e9ficiant d&#8217;une flotte de plus de 400&nbsp;camions et livrant annuellement plus de 100&nbsp;millions de sacs de glace partout en Am\u00e9rique du Nord.<\/p>\n\n\n\n<p>Au cours des 25&nbsp;ann\u00e9es qui ont suivi le changement de marque, Arctic Glacier a r\u00e9uni avec succ\u00e8s plus de 150&nbsp;entreprises de glace r\u00e9gionales et familiales dont les solides r\u00e9putations en mati\u00e8re de qualit\u00e9 des produits et du service \u00e0 la client\u00e8le ont permis \u00e0 l&#8217;entreprise de devenir le premier fournisseur nord-am\u00e9ricain de produits et de services de glace certifi\u00e9s de haute qualit\u00e9.&nbsp;Depuis 1997, l&#8217;entreprise est entr\u00e9e dans le march\u00e9 des \u00c9tats-Unis en faisant plusieurs acquisitions dans le Midwest. Au d\u00e9but des ann\u00e9es 2000, l&#8217;entreprise a pris de l&#8217;expansion vers l&#8217;est avec des acquisitions cl\u00e9s dans les \u00e9tats de New York et de la Pennsylvanie.&nbsp;Entre 2006 et 2007, l&#8217;entreprise a \u00e9tendu ses activit\u00e9s pour inclure la c\u00f4te ouest des \u00c9tats-Unis, consolidant ainsi plusieurs entreprises r\u00e9gionales de glace incluant le chef de file du march\u00e9 de la Californie dont l&#8217;histoire remonte aussi \u00e0 1882.<\/p>\n\n\n\n<p><\/p>\n\n\n\n<p>Parmi les r\u00e9centes acquisitions qui nous ont permis de p\u00e9n\u00e9trer de nouveaux march\u00e9s nous comptons la Star Ice and Fuel de Washington, la Superior Ice Company de l&#8217;Indiana, la Southeastern Ice de l&#8217;Oklahoma, la AC Ice Company du Colorado, la Getchell Bros du Maine, et la Brookline Ice Company du Massachusetts. En 2022, l&#8217;entreprise a ouvert sa toute nouvelle installation \u00e0 la fine pointe de la technologie \u00e0 Montr\u00e9al, Canada.&nbsp;<\/p>\n\n\n\n<p><\/p>\n\n\n\n<p>\u00c9paul\u00e9e par les ressources financi\u00e8res du Groupe Carlyle, l&#8217;entreprise r\u00e9alise continuellement des Investissements cibl\u00e9s en technologie, talents de premier plan, et en pratiques respectueuses de l&#8217;environnement pour cr\u00e9er plus de valeur pour ses clients et soutenir les moyens de subsistance de ses associ\u00e9s et des communaut\u00e9s o\u00f9 elle est install\u00e9e.<\/p>\n\n\n\n<p>Depuis ses d\u00e9buts modestes, en tant qu&#8217;entreprise poss\u00e9dant deux chevaux et une seule glaci\u00e8re, jusqu&#8217;\u00e0 sa position actuelle de chef de file international de l&#8217;industrie, Arctic Glacier&nbsp;produit et livre annuellement plus de 1&nbsp;milliard de kilos de glace \u00e0 plus de 75&nbsp;000 clients situ\u00e9s dans tout le Canada et les \u00c9tats-Unis et emploie plus de 5&nbsp;000&nbsp;associ\u00e9s dans plus de 100&nbsp;installations dans toute l&#8217;Am\u00e9rique du Nord.&nbsp;&nbsp;<\/p>\n\n\n\n<p>&nbsp;<\/p>\n\n\n            <div class=\"oxi-addons-container noLightbox oxi-image-hover-wrapper-1 \" id=\"oxi-image-hover-wrapper-1\">\n                <div class=\"oxi-addons-row\">\n                                <div class=\"oxi_addons__light_box_style_1 oxi_addons__light_box oxi-bt-col-lg-12 oxi-bt-col-md-12 oxi-bt-col-sm-12  \">\n                <div class=\"oxi_addons__light_box_parent oxi_addons__light_box_parent-1-0\">\n\n                    <div id=\"oxi_lg_sub_html_1_0\" class=\"oxi_addons__lg_subhtml\" style=\"display:none;\">\n                        <h3 class=\"oxi_addons__heading\">What is Lorem Ipsum? <\/h3><div class=\"oxi_addons__details\">Lorem Ipsum is simply dummy text of the printing and typesetting industry. Lorem Ipsum has been the industrytandard <\/div>                    <\/div>\n\n                    <a class=\"glightbox oxi_addons__light_box_item\"\n                        href=\"https:\/\/arcticglacier.com\/fr\/wp-content\/uploads\/sites\/4\/2023\/06\/18434-Arctic-Glacier-Timeline-Graphic-June2023-French-FNL.jpg\"\n                        data-caption-id=\"oxi_lg_sub_html_1_0\"\n                        data-type=\"image\">\n\n                                                    <div class=\"oxi_addons__image_main oxi_addons__custom_width_height\"\n                                style=\"background-image: url('https:\/\/arcticglacier.com\/fr\/wp-content\/uploads\/sites\/4\/2023\/06\/18434-Arctic-Glacier-Timeline-Graphic-June2023-French-FNL.jpg');\">\n                                <div class=\"oxi_addons__overlay\">\n                                    <i class=\"fas fa-search oxi-icons\"><\/i>                                <\/div>\n                            <\/div>\n                        \n                        \n                    <\/a>\n                <\/div>\n\n                            <\/div>\n                            <\/div>\n            <\/div>\n\t\t\t\n<p>&nbsp;<\/p>\n\n\n\n<p><strong>\u00c0 propos du groupe Carlyle<\/strong><\/p>\n\n\n\n<p><p>Carlyle (NASDAQ : CG) est une firme d&#8217;Investissement mondiale ayant une expertise approfondie de l&#8217;Industrie qui d\u00e9ploie des capitaux priv\u00e9s dans trois secteurs d&#8217;activit\u00e9 : capital d&#8217;investissement mondial, cr\u00e9dit mondial et solutions globales d&#8217;investissement. Avec la gestion d&#8217;actifs de 301&nbsp;milliards de dollars en date du 31 d\u00e9cembre 2021, Carlyle a pour mission d&#8217;investir judicieusement et cr\u00e9er de la richesse pour nos investisseurs, les soci\u00e9t\u00e9s de notre portefeuille et les communaut\u00e9s dans lesquelles nous vivons et investissons. Carlyle emploie pr\u00e8s de 1&nbsp;850&nbsp;personnes dans 26&nbsp;bureaux sur 5&nbsp;continents.<\/p>\n<p>Pour plus d&#8217;informations, visitez le&nbsp; <a class=\"\" href=\"http:\/\/www.carlyle.com\/\">www.carlyle.com<\/a>.&nbsp;&nbsp;<\/p><\/p>\n\n\n\n<p><p><strong>Acquisitions sous la direction du groupe Carlyle<\/strong><\/p>\n<p>\u2022&nbsp;2017 &#8211; Astoria Ice <br>\u2022&nbsp;2017 &#8211; Tinley Ice Company <br>\u2022 2018 &#8211; Emerald Water &amp; Ice<br>\u2022 2018 &#8211; Mountain Ice<br>\u2022 2018 &#8211; Genos Ice <br>\u2022 2018 &#8211; Star Ice &amp; Fuel <br>\u2022 2018 &#8211; Nuzzolese Bros Ice <br>\u2022 2018 &#8211; Rose Ice<br>\u2022 2018 &#8211; Kwik Ice<br>\u2022 2018 &#8211; Holiday Ice Corp and Holiday Ice LLC<br>\u2022 2019 &#8211; American Ice LLC <br>\u2022 2019 &#8211; Northern Ice <br>\u2022 2019 &#8211; Avalanche Ice LLC &#8211; Medford OR<br>\u2022 2019 &#8211; Harper County Ice<br>\u2022 2019 &#8211; Creed Ice <br>\u2022 2019 &#8211; Fosters Frozen Water <br>\u2022 2019 &#8211; Hicks Ice &#8211; Theresa NY<br>\u2022 2019 &#8211; Cosner Ice<br>\u2022 2019 &#8211; J&amp;S Ice<br>\u2022 2020 &#8211; Superior Ice &#8211; Indianapolis IN<br>\u2022 2021 &#8211; Southeastern Ice &#8211; Oklahoma<br>\u2022 2021 &#8211; Norton Ice &#8211; Kansas<br>\u2022 2021 &#8211; Mid-Central Ice &#8211; Minnesota<br>\u2022 2021 &#8211; Clayville Ice Products Co, LLC &#8211; New York<br>\u2022 2021 &#8211; Gem Ice &#8211; Oregon (The Dalles)<br>\u2022 2021 &#8211; AC Ice &#8211; Colorado<br>\u2022 2021 &#8211; Hawkeye Ice &#8211; Illinois<br>\u2022 2021 &#8211; Diamond Ice &#8211; California<br>\u2022 2021 &#8211; Getchell Bros &#8211; Maine<br>\u2022 2021 &#8211; Blue Sky Ice &#8211; Gilette WY<br>\u2022 2022 &#8211; IceSurance &#8211; NY_CA<br>\u2022 2022 &#8211; Brookline Ice Company &#8211; Massachusetts<\/p><\/p>\n\n\n\n<div class=\"wp-block-spacer\" style=\"height: 25px;\" aria-hidden=\"true\">\u00a0<\/div>\n","protected":false},"excerpt":{"rendered":"<p>La vision d&#8217;Arctic Glacier nous vient de l&#8217;esprit d&#8217;entreprise de nos fondateurs il y a plus de 140&nbsp;ans au Manitoba, au Canada.&nbsp; Notre histoire d\u00e9bute en 1882 lorsque Charles H. McNaughton a achet\u00e9 deux chevaux, quelques chariots et une glaci\u00e8re sur la rue Fountain \u00e0 Winnipeg, cr\u00e9ant ainsi la Arctic Ice Company. McNaughton et son [&hellip;]<\/p>\n","protected":false},"author":1,"featured_media":0,"parent":0,"menu_order":0,"comment_status":"closed","ping_status":"closed","template":"template-fullwidth.php","meta":{"_acf_changed":false,"_uag_custom_page_level_css":"","ub_ctt_via":"","footnotes":""},"class_list":["post-71236","page","type-page","status-publish","hentry"],"acf":[],"featured_image_src":null,"uagb_featured_image_src":{"full":false,"thumbnail":false,"medium":false,"medium_large":false,"large":false,"1536x1536":false,"2048x2048":false,"gform-image-choice-sm":false,"gform-image-choice-md":false,"gform-image-choice-lg":false},"uagb_author_info":{"display_name":"ArcticGlacier","author_link":"https:\/\/arcticglacier.com\/fr\/author\/ArcticGlacier\/"},"uagb_comment_info":0,"uagb_excerpt":"La vision d&#8217;Arctic Glacier nous vient de l&#8217;esprit d&#8217;entreprise de nos fondateurs il y a plus de 140&nbsp;ans au Manitoba, au Canada.&nbsp; Notre histoire d\u00e9bute en 1882 lorsque Charles H. McNaughton a achet\u00e9 deux chevaux, quelques chariots et une glaci\u00e8re sur la rue Fountain \u00e0 Winnipeg, cr\u00e9ant ainsi la Arctic Ice Company. McNaughton et son&hellip;","_links":{"self":[{"href":"https:\/\/arcticglacier.com\/fr\/wp-json\/wp\/v2\/pages\/71236","targetHints":{"allow":["GET"]}}],"collection":[{"href":"https:\/\/arcticglacier.com\/fr\/wp-json\/wp\/v2\/pages"}],"about":[{"href":"https:\/\/arcticglacier.com\/fr\/wp-json\/wp\/v2\/types\/page"}],"author":[{"embeddable":true,"href":"https:\/\/arcticglacier.com\/fr\/wp-json\/wp\/v2\/users\/1"}],"replies":[{"embeddable":true,"href":"https:\/\/arcticglacier.com\/fr\/wp-json\/wp\/v2\/comments?post=71236"}],"version-history":[{"count":0,"href":"https:\/\/arcticglacier.com\/fr\/wp-json\/wp\/v2\/pages\/71236\/revisions"}],"wp:attachment":[{"href":"https:\/\/arcticglacier.com\/fr\/wp-json\/wp\/v2\/media?parent=71236"}],"curies":[{"name":"wp","href":"https:\/\/api.w.org\/{rel}","templated":true}]}}