 {"id":69253,"date":"2022-01-14T19:27:09","date_gmt":"2022-01-15T01:27:09","guid":{"rendered":"https:\/\/a294f68154.nxcli.io\/fr\/?page_id=69253"},"modified":"2025-07-10T14:39:22","modified_gmt":"2025-07-10T19:39:22","slug":"obtenir-lappli","status":"publish","type":"page","link":"https:\/\/arcticglacier.com\/fr\/obtenir-lappli\/","title":{"rendered":"Obtenir l\u2019appli!"},"content":{"rendered":"\n<div style=\"height:10px\" aria-hidden=\"true\" class=\"wp-block-spacer\"><\/div>\n\n\n\n<div class=\"wp-block-columns is-layout-flex wp-container-core-columns-is-layout-9d6595d7 wp-block-columns-is-layout-flex\">\n<div class=\"wp-block-column is-layout-flow wp-block-column-is-layout-flow\"><\/div>\n\n\n\n<div class=\"wp-block-column is-layout-flow wp-block-column-is-layout-flow\">\n<figure class=\"wp-block-image size-full is-resized\"><a href=\"https:\/\/apps.apple.com\/app\/id6743805420\" target=\"_blank\" rel=\"https:\/\/apps.apple.com\/us\/app\/arctic-glacier-premium-ice-app\/id1597508997 noopener\"><img loading=\"lazy\" decoding=\"async\" width=\"503\" height=\"171\" src=\"https:\/\/arcticglacier.com\/fr\/wp-content\/uploads\/sites\/4\/2022\/01\/Download_on_the_App_Store_Badge_US-UK_RGB_blk_092917.png\" alt=\"\" class=\"wp-image-69255\" style=\"width:144px;height:50px\" srcset=\"https:\/\/arcticglacier.com\/fr\/wp-content\/uploads\/sites\/4\/2022\/01\/Download_on_the_App_Store_Badge_US-UK_RGB_blk_092917.png 503w, https:\/\/arcticglacier.com\/fr\/wp-content\/uploads\/sites\/4\/2022\/01\/Download_on_the_App_Store_Badge_US-UK_RGB_blk_092917-300x102.png 300w\" sizes=\"auto, (max-width: 503px) 100vw, 503px\" \/><\/a><\/figure>\n<\/div>\n\n\n\n<div class=\"wp-block-column is-layout-flow wp-block-column-is-layout-flow\">\n<figure class=\"wp-block-image size-full is-resized\"><a href=\"https:\/\/play.google.com\/store\/apps\/details?id=com.mysalesforce.mycommunity.C00DHs000008nwAuMAI.A0OTHs000000wkhmOAA&amp;utm_source=na_Med\" target=\"_blank\" rel=\"noopener\"><img loading=\"lazy\" decoding=\"async\" width=\"646\" height=\"171\" src=\"https:\/\/arcticglacier.com\/fr\/wp-content\/uploads\/sites\/4\/2022\/01\/google-play-badge1.png\" alt=\"\" class=\"wp-image-69256\" style=\"width:189px;height:50px\" srcset=\"https:\/\/arcticglacier.com\/fr\/wp-content\/uploads\/sites\/4\/2022\/01\/google-play-badge1.png 646w, https:\/\/arcticglacier.com\/fr\/wp-content\/uploads\/sites\/4\/2022\/01\/google-play-badge1-300x79.png 300w\" sizes=\"auto, (max-width: 646px) 100vw, 646px\" \/><\/a><\/figure>\n<\/div>\n\n\n\n<div class=\"wp-block-column is-layout-flow wp-block-column-is-layout-flow\"><\/div>\n<\/div>\n\n\n\n<div style=\"height:25px\" aria-hidden=\"true\" class=\"wp-block-spacer\"><\/div>\n\n\n\n<p><span style=\"font-size: 20px;\"><strong>Pratique, rapide et super facile, commandez nos produits de glace de qualit\u00e9, g\u00e9rez votre compte et assurez-vous d\u2019\u00eatre toujours approvisionn\u00e9, \u00e0 partir de votre t\u00e9l\u00e9phone!<\/strong><\/span><\/p>\n\n\n\n<div style=\"height:5px\" aria-hidden=\"true\" class=\"wp-block-spacer\"><\/div>\n\n\n\n<p style=\"font-size:18px\"><strong>T\u00e9l\u00e9chargez l\u2019application gratuite pour&nbsp;:<\/strong><br>\u2022&nbsp;G\u00e9rer et passer des commandes<br>\u2022&nbsp;Cr\u00e9er des demandes de soutien<br>\u2022&nbsp;Recevoir des mises \u00e0 jour en temps r\u00e9el sur vos demandes<br>\u2022&nbsp;Consulter vos factures<br>\u2022&nbsp;Vous connecter \u00e0 l\u2019application Glen Glacier<br>\u2022&nbsp;Parler directement avec un agent<br>\u2022&nbsp;L\u2019application sera \u00e9galement accessible via un portail web avec les m\u00eames identifiants<\/p>\n\n\n\n<div style=\"height:5px\" aria-hidden=\"true\" class=\"wp-block-spacer\"><\/div>\n\n\n\n<p><a href=\"mailto:App_support@arcticglacier.com\">Cliquer ici<\/a> si vous avez des questions ou besoin d\u2019aide.<\/p>\n\n\n\n<div style=\"height:25px\" aria-hidden=\"true\" class=\"wp-block-spacer\"><\/div>\n\n\n\n<h3 class=\"wp-block-heading\"><strong>FAQ de l\u2019application mobile<\/strong><\/h3>\n\n\n\n<p><strong><strong><strong>APER\u00c7U<\/strong><\/strong><\/strong><\/p>\n\n\n<div class=\"wp-block-ub-content-toggle wp-block-ub-content-toggle-block\" id=\"ub-content-toggle-block-6b1548c2-6cf2-4a25-9451-59f1cd3bff93\" data-mobilecollapse=\"false\" data-desktopcollapse=\"true\" data-preventcollapse=\"false\" data-showonlyone=\"false\">\n<div class=\"wp-block-ub-content-toggle-accordion\" style=\"border-color: #24a0d8;\" id=\"ub-content-toggle-panel-block-\">\n\t\t\t<div class=\"wp-block-ub-content-toggle-accordion-title-wrap\" style=\"background-color: #24a0d8;\" aria-controls=\"ub-content-toggle-panel-0-6b1548c2-6cf2-4a25-9451-59f1cd3bff93\" tabindex=\"0\">\n\t\t\t<p class=\"wp-block-ub-content-toggle-accordion-title ub-content-toggle-title-6b1548c2-6cf2-4a25-9451-59f1cd3bff93\" style=\"color: #ffffff; \"><strong><strong>Comment obtenir l&#8217;application mobile Arctic Glacier?<\/strong><\/strong><\/p>\n\t\t\t<div class=\"wp-block-ub-content-toggle-accordion-toggle-wrap right\" style=\"color: #ffffff;\"><span class=\"wp-block-ub-content-toggle-accordion-state-indicator wp-block-ub-chevron-down\"><\/span><\/div>\n\t\t<\/div>\n\t\t\t<div role=\"region\" aria-expanded=\"false\" class=\"wp-block-ub-content-toggle-accordion-content-wrap ub-hide\" id=\"ub-content-toggle-panel-0-6b1548c2-6cf2-4a25-9451-59f1cd3bff93\">\n\n<p>L&#8217;application mobile Arctic Glacier est disponible en t\u00e9l\u00e9chargement sur l&#8217;App Store d&#8217;Apple et le Google Play Store. Recherchez simplement \u00ab Arctic Glacier \u00bb et t\u00e9l\u00e9chargez l\u2019application pour commencer.<\/p>\n\n<\/div>\n\t\t<\/div>\n\n<div class=\"wp-block-ub-content-toggle-accordion\" style=\"border-color: #24a0d8;\" id=\"ub-content-toggle-panel-block-\">\n\t\t\t<div class=\"wp-block-ub-content-toggle-accordion-title-wrap\" style=\"background-color: #24a0d8;\" aria-controls=\"ub-content-toggle-panel-1-6b1548c2-6cf2-4a25-9451-59f1cd3bff93\" tabindex=\"0\">\n\t\t\t<p class=\"wp-block-ub-content-toggle-accordion-title ub-content-toggle-title-6b1548c2-6cf2-4a25-9451-59f1cd3bff93\" style=\"color: #ffffff; \"><strong><strong><strong>\u00c0 quoi sert l&#8217;application mobile Arctic Glacier?<\/strong><\/strong><\/strong><\/p>\n\t\t\t<div class=\"wp-block-ub-content-toggle-accordion-toggle-wrap right\" style=\"color: #ffffff;\"><span class=\"wp-block-ub-content-toggle-accordion-state-indicator wp-block-ub-chevron-down\"><\/span><\/div>\n\t\t<\/div>\n\t\t\t<div role=\"region\" aria-expanded=\"false\" class=\"wp-block-ub-content-toggle-accordion-content-wrap ub-hide\" id=\"ub-content-toggle-panel-1-6b1548c2-6cf2-4a25-9451-59f1cd3bff93\">\n\n<p>Ouvrez l&#8217;application et connectez-vous \u00e0 votre compte pour cr\u00e9er rapidement votre commande pour un ou plusieurs emplacements, v\u00e9rifier l&#8217;\u00e9tat de livraison d&#8217;une commande existante, faciliter la maintenance du cong\u00e9lateur et afficher les d\u00e9tails de la facture.<\/p>\n\n<\/div>\n\t\t<\/div>\n<\/div>\n\n\n<div style=\"height:25px\" aria-hidden=\"true\" class=\"wp-block-spacer\"><\/div>\n\n\n\n<p><strong><strong><strong>INSCRIPTION<\/strong><\/strong><\/strong><\/p>\n\n\n<div class=\"wp-block-ub-content-toggle wp-block-ub-content-toggle-block\" id=\"ub-content-toggle-block-4d646d9c-f2ff-48ab-ac7e-30a304fe763e\" data-mobilecollapse=\"false\" data-desktopcollapse=\"true\" data-preventcollapse=\"false\" data-showonlyone=\"false\">\n<div class=\"wp-block-ub-content-toggle-accordion\" style=\"border-color: #24a0d8;\" id=\"ub-content-toggle-panel-block-\">\n\t\t\t<div class=\"wp-block-ub-content-toggle-accordion-title-wrap\" style=\"background-color: #24a0d8;\" aria-controls=\"ub-content-toggle-panel-0-4d646d9c-f2ff-48ab-ac7e-30a304fe763e\" tabindex=\"0\">\n\t\t\t<p class=\"wp-block-ub-content-toggle-accordion-title ub-content-toggle-title-4d646d9c-f2ff-48ab-ac7e-30a304fe763e\" style=\"color: #ffffff; \"><strong><strong><strong>Comment puis-je m&#8217;inscrire?<\/strong><\/strong><\/strong><\/p>\n\t\t\t<div class=\"wp-block-ub-content-toggle-accordion-toggle-wrap right\" style=\"color: #ffffff;\"><span class=\"wp-block-ub-content-toggle-accordion-state-indicator wp-block-ub-chevron-down\"><\/span><\/div>\n\t\t<\/div>\n\t\t\t<div role=\"region\" aria-expanded=\"false\" class=\"wp-block-ub-content-toggle-accordion-content-wrap ub-hide\" id=\"ub-content-toggle-panel-0-4d646d9c-f2ff-48ab-ac7e-30a304fe763e\">\n\n<p>Pour les nouveaux utilisateurs\u00a0: Si vous \u00eates un nouvel utilisateur, vous verrez un formulaire d\u2019inscription qui comprend des champs pour votre adresse courriel, votre pr\u00e9nom, votre nom, votre num\u00e9ro de compte et le code postal du magasin. Veuillez vous assurer que vous pouvez acc\u00e9der \u00e0 l\u2019adresse courriel que vous fournissez, car elle est essentielle pour vous connecter.<\/p>\n\n<\/div>\n\t\t<\/div>\n<\/div>\n\n\n<div style=\"height:25px\" aria-hidden=\"true\" class=\"wp-block-spacer\"><\/div>\n\n\n\n<p><strong><strong><strong>SE CONNECTER<\/strong><\/strong><\/strong><\/p>\n\n\n<div class=\"wp-block-ub-content-toggle wp-block-ub-content-toggle-block\" id=\"ub-content-toggle-block-0822a520-f621-4551-8a28-a49ef1e561e6\" data-mobilecollapse=\"false\" data-desktopcollapse=\"true\" data-preventcollapse=\"false\" data-showonlyone=\"false\">\n<div class=\"wp-block-ub-content-toggle-accordion\" style=\"border-color: #24a0d8;\" id=\"ub-content-toggle-panel-block-\">\n\t\t\t<div class=\"wp-block-ub-content-toggle-accordion-title-wrap\" style=\"background-color: #24a0d8;\" aria-controls=\"ub-content-toggle-panel-0-0822a520-f621-4551-8a28-a49ef1e561e6\" tabindex=\"0\">\n\t\t\t<p class=\"wp-block-ub-content-toggle-accordion-title ub-content-toggle-title-0822a520-f621-4551-8a28-a49ef1e561e6\" style=\"color: #ffffff; \"><strong><strong><strong>Comment puis-je me connecter \u00e0 mon compte?<\/strong><\/strong><\/strong><\/p>\n\t\t\t<div class=\"wp-block-ub-content-toggle-accordion-toggle-wrap right\" style=\"color: #ffffff;\"><span class=\"wp-block-ub-content-toggle-accordion-state-indicator wp-block-ub-chevron-down\"><\/span><\/div>\n\t\t<\/div>\n\t\t\t<div role=\"region\" aria-expanded=\"false\" class=\"wp-block-ub-content-toggle-accordion-content-wrap ub-hide\" id=\"ub-content-toggle-panel-0-0822a520-f621-4551-8a28-a49ef1e561e6\">\n\n<p><strong>Inscription standard :<\/strong><br>Apr\u00e8s votre inscription, vous pouvez vous connecter en utilisant l\u2019adresse courriel que vous avez fournie. Une fois votre adresse courriel entr\u00e9e, un code d\u2019acc\u00e8s vous sera envoy\u00e9 par courriel. Il suffira de saisir ce code dans le formulaire pr\u00e9vu \u00e0 cet effet. Si c\u2019est votre premi\u00e8re connexion, une fen\u00eatre contextuelle vous demandera d\u2019autoriser l\u2019acc\u00e8s \u00e0 vos donn\u00e9es de base ; veuillez accepter cette demande. Une fois authentifi\u00e9(e), vous n\u2019aurez plus besoin de vous reconnecter, sauf si vous d\u00e9sinstallez l\u2019application.<\/p>\n\n\n\n<p><strong>Comptes courriel Microsoft :<\/strong><br>Apr\u00e8s votre inscription, vous pouvez vous connecter en utilisant l\u2019adresse courriel que vous avez fournie. Lorsque vous entrez votre courriel, si celui-ci est associ\u00e9 \u00e0 l\u2019environnement Microsoft (comme un courriel professionnel), votre exp\u00e9rience de connexion d\u00e9pendra des politiques de votre entreprise. Cela peut inclure une authentification \u00e0 deux facteurs, comme un message texte, une application d\u2019authentification ou votre mot de passe Microsoft personnel.<\/p>\n\n<\/div>\n\t\t<\/div>\n<\/div>\n\n\n<div style=\"height:25px\" aria-hidden=\"true\" class=\"wp-block-spacer\"><\/div>\n\n\n\n<p><strong><strong>FONCTIONNALIT\u00c9S INT\u00c9GR\u00c9ES \u00c0 L&#8217;APPLICATION<\/strong><\/strong><\/p>\n\n\n<div class=\"wp-block-ub-content-toggle wp-block-ub-content-toggle-block\" id=\"ub-content-toggle-block-5cfbcf42-bdb6-49e9-8ec2-a5a1ac48ac2c\" data-mobilecollapse=\"false\" data-desktopcollapse=\"true\" data-preventcollapse=\"false\" data-showonlyone=\"false\">\n<div class=\"wp-block-ub-content-toggle-accordion\" style=\"border-color: #24a0d8;\" id=\"ub-content-toggle-panel-block-\">\n\t\t\t<div class=\"wp-block-ub-content-toggle-accordion-title-wrap\" style=\"background-color: #24a0d8;\" aria-controls=\"ub-content-toggle-panel-0-5cfbcf42-bdb6-49e9-8ec2-a5a1ac48ac2c\" tabindex=\"0\">\n\t\t\t<p class=\"wp-block-ub-content-toggle-accordion-title ub-content-toggle-title-5cfbcf42-bdb6-49e9-8ec2-a5a1ac48ac2c\" style=\"color: #ffffff; \"><strong><strong>O\u00f9 puis-je trouver mon num\u00e9ro de compte?<\/strong><\/strong><\/p>\n\t\t\t<div class=\"wp-block-ub-content-toggle-accordion-toggle-wrap right\" style=\"color: #ffffff;\"><span class=\"wp-block-ub-content-toggle-accordion-state-indicator wp-block-ub-chevron-down\"><\/span><\/div>\n\t\t<\/div>\n\t\t\t<div role=\"region\" aria-expanded=\"false\" class=\"wp-block-ub-content-toggle-accordion-content-wrap ub-hide\" id=\"ub-content-toggle-panel-0-5cfbcf42-bdb6-49e9-8ec2-a5a1ac48ac2c\">\n\n<p>Votre num\u00e9ro de compte se trouve sur votre facture de commande la plus r\u00e9cente.<\/p>\n\n<\/div>\n\t\t<\/div>\n\n<div class=\"wp-block-ub-content-toggle-accordion\" style=\"border-color: #24a0d8;\" id=\"ub-content-toggle-panel-block-\">\n\t\t\t<div class=\"wp-block-ub-content-toggle-accordion-title-wrap\" style=\"background-color: #24a0d8;\" aria-controls=\"ub-content-toggle-panel-1-5cfbcf42-bdb6-49e9-8ec2-a5a1ac48ac2c\" tabindex=\"0\">\n\t\t\t<p class=\"wp-block-ub-content-toggle-accordion-title ub-content-toggle-title-5cfbcf42-bdb6-49e9-8ec2-a5a1ac48ac2c\" style=\"color: #ffffff; \"><strong><strong>Je n&#8217;ai plus de glace, comment puis-je commander?<\/strong><\/strong><\/p>\n\t\t\t<div class=\"wp-block-ub-content-toggle-accordion-toggle-wrap right\" style=\"color: #ffffff;\"><span class=\"wp-block-ub-content-toggle-accordion-state-indicator wp-block-ub-chevron-down\"><\/span><\/div>\n\t\t<\/div>\n\t\t\t<div role=\"region\" aria-expanded=\"false\" class=\"wp-block-ub-content-toggle-accordion-content-wrap ub-hide\" id=\"ub-content-toggle-panel-1-5cfbcf42-bdb6-49e9-8ec2-a5a1ac48ac2c\">\n\n<p>Une fois connect\u00e9 \u00e0 l&#8217;application Arctic Glacier, dans le menu d&#8217;accueil, appuyez sur \u00ab Passer une commande \u00bb, choisissez votre type de livraison et v\u00e9rifiez votre minimum de commande, puis appuyez sur la case \u00e0 cocher pour accepter, puis appuyez sur \u00ab Oui \u00bb pour commander. Une roue de chargement appara\u00eetra et vous recevrez ensuite la confirmation de votre commande.<\/p>\n\n<\/div>\n\t\t<\/div>\n\n<div class=\"wp-block-ub-content-toggle-accordion\" style=\"border-color: #24a0d8;\" id=\"ub-content-toggle-panel-block-\">\n\t\t\t<div class=\"wp-block-ub-content-toggle-accordion-title-wrap\" style=\"background-color: #24a0d8;\" aria-controls=\"ub-content-toggle-panel-2-5cfbcf42-bdb6-49e9-8ec2-a5a1ac48ac2c\" tabindex=\"0\">\n\t\t\t<p class=\"wp-block-ub-content-toggle-accordion-title ub-content-toggle-title-5cfbcf42-bdb6-49e9-8ec2-a5a1ac48ac2c\" style=\"color: #ffffff; \"><strong><strong>Comment puis-je suivre mes commandes?<\/strong><\/strong><\/p>\n\t\t\t<div class=\"wp-block-ub-content-toggle-accordion-toggle-wrap right\" style=\"color: #ffffff;\"><span class=\"wp-block-ub-content-toggle-accordion-state-indicator wp-block-ub-chevron-down\"><\/span><\/div>\n\t\t<\/div>\n\t\t\t<div role=\"region\" aria-expanded=\"false\" class=\"wp-block-ub-content-toggle-accordion-content-wrap ub-hide\" id=\"ub-content-toggle-panel-2-5cfbcf42-bdb6-49e9-8ec2-a5a1ac48ac2c\">\n\n<p>Depuis le menu d&#8217;accueil, les d\u00e9tails de votre prochaine commande appara\u00eetront en bas de l&#8217;\u00e9cran.<\/p>\n\n<\/div>\n\t\t<\/div>\n\n<div class=\"wp-block-ub-content-toggle-accordion\" style=\"border-color: #24a0d8;\" id=\"ub-content-toggle-panel-block-\">\n\t\t\t<div class=\"wp-block-ub-content-toggle-accordion-title-wrap\" style=\"background-color: #24a0d8;\" aria-controls=\"ub-content-toggle-panel-3-5cfbcf42-bdb6-49e9-8ec2-a5a1ac48ac2c\" tabindex=\"0\">\n\t\t\t<p class=\"wp-block-ub-content-toggle-accordion-title ub-content-toggle-title-5cfbcf42-bdb6-49e9-8ec2-a5a1ac48ac2c\" style=\"color: #ffffff; \"><strong>Que signifie le statut de suivi de commande?<\/strong><\/p>\n\t\t\t<div class=\"wp-block-ub-content-toggle-accordion-toggle-wrap right\" style=\"color: #ffffff;\"><span class=\"wp-block-ub-content-toggle-accordion-state-indicator wp-block-ub-chevron-down\"><\/span><\/div>\n\t\t<\/div>\n\t\t\t<div role=\"region\" aria-expanded=\"false\" class=\"wp-block-ub-content-toggle-accordion-content-wrap ub-hide\" id=\"ub-content-toggle-panel-3-5cfbcf42-bdb6-49e9-8ec2-a5a1ac48ac2c\">\n\n<p>Une nouvelle commande recevra le statut \u00ab En planification \u00bb, cela repr\u00e9sente une commande \u00e0 laquelle aucune date de livraison n&#8217;a \u00e9t\u00e9 attribu\u00e9e. Les commandes seront plac\u00e9es dans l&#8217;\u00e9tat \u00ab\u00a0Livraison pr\u00e9vue\u00a0\u00bb une fois la date de livraison s\u00e9lectionn\u00e9e. Elles seront ensuite plac\u00e9es dans l&#8217;\u00e9tat \u00ab\u00a0En cours de livraison\u00a0\u00bb une fois la commande r\u00e9cup\u00e9r\u00e9e par notre chauffeur.<\/p>\n\n<\/div>\n\t\t<\/div>\n\n<div class=\"wp-block-ub-content-toggle-accordion\" style=\"border-color: #24a0d8;\" id=\"ub-content-toggle-panel-block-\">\n\t\t\t<div class=\"wp-block-ub-content-toggle-accordion-title-wrap\" style=\"background-color: #24a0d8;\" aria-controls=\"ub-content-toggle-panel-4-5cfbcf42-bdb6-49e9-8ec2-a5a1ac48ac2c\" tabindex=\"0\">\n\t\t\t<p class=\"wp-block-ub-content-toggle-accordion-title ub-content-toggle-title-5cfbcf42-bdb6-49e9-8ec2-a5a1ac48ac2c\" style=\"color: #ffffff; \"><strong><strong>Il y a un probl\u00e8me avec mon marchandiseur, comment puis-je commander un service?<\/strong><\/strong><\/p>\n\t\t\t<div class=\"wp-block-ub-content-toggle-accordion-toggle-wrap right\" style=\"color: #ffffff;\"><span class=\"wp-block-ub-content-toggle-accordion-state-indicator wp-block-ub-chevron-down\"><\/span><\/div>\n\t\t<\/div>\n\t\t\t<div role=\"region\" aria-expanded=\"false\" class=\"wp-block-ub-content-toggle-accordion-content-wrap ub-hide\" id=\"ub-content-toggle-panel-4-5cfbcf42-bdb6-49e9-8ec2-a5a1ac48ac2c\">\n\n<p>Depuis le menu d&#8217;accueil, appuyez sur le bouton de menu situ\u00e9 en haut \u00e0 gauche de votre \u00e9cran, puis appuyez sur Support et suivez les \u00e9tapes simples d\u00e9crites.<\/p>\n\n<\/div>\n\t\t<\/div>\n\n<div class=\"wp-block-ub-content-toggle-accordion\" style=\"border-color: #24a0d8;\" id=\"ub-content-toggle-panel-block-\">\n\t\t\t<div class=\"wp-block-ub-content-toggle-accordion-title-wrap\" style=\"background-color: #24a0d8;\" aria-controls=\"ub-content-toggle-panel-5-5cfbcf42-bdb6-49e9-8ec2-a5a1ac48ac2c\" tabindex=\"0\">\n\t\t\t<p class=\"wp-block-ub-content-toggle-accordion-title ub-content-toggle-title-5cfbcf42-bdb6-49e9-8ec2-a5a1ac48ac2c\" style=\"color: #ffffff; \"><strong><strong>Comment ajouter un autre compte?<\/strong><\/strong><\/p>\n\t\t\t<div class=\"wp-block-ub-content-toggle-accordion-toggle-wrap right\" style=\"color: #ffffff;\"><span class=\"wp-block-ub-content-toggle-accordion-state-indicator wp-block-ub-chevron-down\"><\/span><\/div>\n\t\t<\/div>\n\t\t\t<div role=\"region\" aria-expanded=\"false\" class=\"wp-block-ub-content-toggle-accordion-content-wrap ub-hide\" id=\"ub-content-toggle-panel-5-5cfbcf42-bdb6-49e9-8ec2-a5a1ac48ac2c\">\n\n<p>Une fois connect\u00e9 au premier emplacement, dans le menu de navigation sup\u00e9rieur, appuyez sur le menu de profil et appuyez sur \u00ab Informations sur le compte \u00bb. Dans la section Informations sur le compte, appuyez sur \u00ab Ajouter un compte \u00bb et saisissez le num\u00e9ro de compte et le code postal du magasin, puis appuyez sur \u00ab Ajouter \u00bb. Votre num\u00e9ro de compte se trouve sur votre facture de commande la plus r\u00e9cente.<\/p>\n\n<\/div>\n\t\t<\/div>\n\n<div class=\"wp-block-ub-content-toggle-accordion\" style=\"border-color: #24a0d8;\" id=\"ub-content-toggle-panel-block-\">\n\t\t\t<div class=\"wp-block-ub-content-toggle-accordion-title-wrap\" style=\"background-color: #24a0d8;\" aria-controls=\"ub-content-toggle-panel-6-5cfbcf42-bdb6-49e9-8ec2-a5a1ac48ac2c\" tabindex=\"0\">\n\t\t\t<p class=\"wp-block-ub-content-toggle-accordion-title ub-content-toggle-title-5cfbcf42-bdb6-49e9-8ec2-a5a1ac48ac2c\" style=\"color: #ffffff; \"><strong><strong>Comment basculer entre plusieurs comptes?<\/strong><\/strong><\/p>\n\t\t\t<div class=\"wp-block-ub-content-toggle-accordion-toggle-wrap right\" style=\"color: #ffffff;\"><span class=\"wp-block-ub-content-toggle-accordion-state-indicator wp-block-ub-chevron-down\"><\/span><\/div>\n\t\t<\/div>\n\t\t\t<div role=\"region\" aria-expanded=\"false\" class=\"wp-block-ub-content-toggle-accordion-content-wrap ub-hide\" id=\"ub-content-toggle-panel-6-5cfbcf42-bdb6-49e9-8ec2-a5a1ac48ac2c\">\n\n<p>Dans le menu de navigation sup\u00e9rieur, appuyez sur le nom du magasin actuel. Appuyez sur l&#8217;emplacement sur lequel vous souhaitez agir et vous serez redirig\u00e9 vers la page d&#8217;accueil de ce compte.<\/p>\n\n<\/div>\n\t\t<\/div>\n<\/div>","protected":false},"excerpt":{"rendered":"<p>Pratique, rapide et super facile, commandez nos produits de glace de qualit\u00e9, g\u00e9rez votre compte et assurez-vous d\u2019\u00eatre toujours approvisionn\u00e9, \u00e0 partir de votre t\u00e9l\u00e9phone! T\u00e9l\u00e9chargez l\u2019application gratuite pour&nbsp;:\u2022&nbsp;G\u00e9rer et passer des commandes\u2022&nbsp;Cr\u00e9er des demandes de soutien\u2022&nbsp;Recevoir des mises \u00e0 jour en temps r\u00e9el sur vos demandes\u2022&nbsp;Consulter vos factures\u2022&nbsp;Vous connecter \u00e0 l\u2019application Glen Glacier\u2022&nbsp;Parler directement [&hellip;]<\/p>\n","protected":false},"author":1,"featured_media":0,"parent":0,"menu_order":0,"comment_status":"closed","ping_status":"closed","template":"template-fullwidth.php","meta":{"_acf_changed":false,"_uag_custom_page_level_css":"","ub_ctt_via":"","footnotes":""},"class_list":["post-69253","page","type-page","status-publish","hentry"],"acf":[],"featured_image_src":null,"uagb_featured_image_src":{"full":false,"thumbnail":false,"medium":false,"medium_large":false,"large":false,"1536x1536":false,"2048x2048":false,"gform-image-choice-sm":false,"gform-image-choice-md":false,"gform-image-choice-lg":false},"uagb_author_info":{"display_name":"ArcticGlacier","author_link":"https:\/\/arcticglacier.com\/fr\/author\/ArcticGlacier\/"},"uagb_comment_info":0,"uagb_excerpt":"Pratique, rapide et super facile, commandez nos produits de glace de qualit\u00e9, g\u00e9rez votre compte et assurez-vous d\u2019\u00eatre toujours approvisionn\u00e9, \u00e0 partir de votre t\u00e9l\u00e9phone! T\u00e9l\u00e9chargez l\u2019application gratuite pour&nbsp;:\u2022&nbsp;G\u00e9rer et passer des commandes\u2022&nbsp;Cr\u00e9er des demandes de soutien\u2022&nbsp;Recevoir des mises \u00e0 jour en temps r\u00e9el sur vos demandes\u2022&nbsp;Consulter vos factures\u2022&nbsp;Vous connecter \u00e0 l\u2019application Glen Glacier\u2022&nbsp;Parler directement&hellip;","_links":{"self":[{"href":"https:\/\/arcticglacier.com\/fr\/wp-json\/wp\/v2\/pages\/69253","targetHints":{"allow":["GET"]}}],"collection":[{"href":"https:\/\/arcticglacier.com\/fr\/wp-json\/wp\/v2\/pages"}],"about":[{"href":"https:\/\/arcticglacier.com\/fr\/wp-json\/wp\/v2\/types\/page"}],"author":[{"embeddable":true,"href":"https:\/\/arcticglacier.com\/fr\/wp-json\/wp\/v2\/users\/1"}],"replies":[{"embeddable":true,"href":"https:\/\/arcticglacier.com\/fr\/wp-json\/wp\/v2\/comments?post=69253"}],"version-history":[{"count":0,"href":"https:\/\/arcticglacier.com\/fr\/wp-json\/wp\/v2\/pages\/69253\/revisions"}],"wp:attachment":[{"href":"https:\/\/arcticglacier.com\/fr\/wp-json\/wp\/v2\/media?parent=69253"}],"curies":[{"name":"wp","href":"https:\/\/api.w.org\/{rel}","templated":true}]}}