 {"id":67892,"date":"2021-12-08T11:02:52","date_gmt":"2021-12-08T17:02:52","guid":{"rendered":"https:\/\/a294f68154.nxcli.io\/fr\/?page_id=67892"},"modified":"2023-07-14T11:02:02","modified_gmt":"2023-07-14T16:02:02","slug":"renseignements-rh","status":"publish","type":"page","link":"https:\/\/arcticglacier.com\/fr\/renseignements-rh\/","title":{"rendered":"Renseignements RH"},"content":{"rendered":"\n<h3 class=\"wp-block-heading\">&nbsp;<\/h3>\n\n\n\n<p>La meilleure fa\u00e7on d&#8217;en savoir plus sur nos produits et services ou nos offres d&#8217;emploi est de nous contacter. Nous avons h\u00e2te de vous conna\u00eetre et de vous aider \u00e0 r\u00e9pondre \u00e0 vos besoins.<\/p>\n\n\n\n<h3 class=\"wp-block-heading\">&nbsp;<\/h3>\n\n\n\n<div class=\"QmZWSe\">\n<h3 class=\"DHcWmd\">&nbsp;<\/h3>\n<\/div>\n\n\n\n<div class=\"oSioSc\">\n<div id=\"tw-target\" class=\"\">\n<div id=\"kAz1tf\" class=\"g9WsWb\">\n<div id=\"tw-target-text-container\" class=\"tw-ta-container F0azHf tw-nfl\" tabindex=\"0\">\n<h3 id=\"tw-target-text\" class=\"tw-data-text tw-text-large tw-ta\" dir=\"ltr\" data-placeholder=\"Translation\"><span class=\"Y2IQFc\" lang=\"fr\">Contactez-nous<\/span><\/h3>\n<\/div>\n<\/div>\n<\/div>\n<\/div>\n\n\n\n<p class=\"has-text-align-center\">\n<div class=\"wpcf7 no-js\" id=\"wpcf7-f67295-o1\" lang=\"en-CA\" dir=\"ltr\" data-wpcf7-id=\"67295\">\n<div class=\"screen-reader-response\"><p role=\"status\" aria-live=\"polite\" aria-atomic=\"true\"><\/p> <ul><\/ul><\/div>\n<form action=\"\/fr\/wp-json\/wp\/v2\/pages\/67892#wpcf7-f67295-o1\" method=\"post\" class=\"wpcf7-form init\" aria-label=\"Contact form\" novalidate=\"novalidate\" data-status=\"init\">\n<fieldset class=\"hidden-fields-container\"><input type=\"hidden\" name=\"_wpcf7\" value=\"67295\" \/><input type=\"hidden\" name=\"_wpcf7_version\" value=\"6.1.5\" \/><input type=\"hidden\" name=\"_wpcf7_locale\" value=\"en_CA\" \/><input type=\"hidden\" name=\"_wpcf7_unit_tag\" value=\"wpcf7-f67295-o1\" \/><input type=\"hidden\" name=\"_wpcf7_container_post\" value=\"0\" \/><input type=\"hidden\" name=\"_wpcf7_posted_data_hash\" value=\"\" \/><input type=\"hidden\" name=\"_wpcf7_recaptcha_response\" value=\"\" \/>\n<\/fieldset>\n<p><label> Votre nom<br \/>\n<span class=\"wpcf7-form-control-wrap\" data-name=\"your-name\"><input size=\"40\" maxlength=\"400\" class=\"wpcf7-form-control wpcf7-text wpcf7-validates-as-required\" aria-required=\"true\" aria-invalid=\"false\" value=\"\" type=\"text\" name=\"your-name\" \/><\/span> <\/label>\n<\/p>\n<p><label> Votre courriel<br \/>\n<span class=\"wpcf7-form-control-wrap\" data-name=\"your-email\"><input size=\"40\" maxlength=\"400\" class=\"wpcf7-form-control wpcf7-email wpcf7-validates-as-required wpcf7-text wpcf7-validates-as-email\" aria-required=\"true\" aria-invalid=\"false\" value=\"\" type=\"email\" name=\"your-email\" \/><\/span> <\/label>\n<\/p>\n<p><label>Num\u00e9ro de contact<br \/>\n<span class=\"wpcf7-form-control-wrap\" data-name=\"ContactNumber\"><input size=\"40\" maxlength=\"400\" class=\"wpcf7-form-control wpcf7-tel wpcf7-validates-as-required wpcf7-text wpcf7-validates-as-tel\" aria-required=\"true\" aria-invalid=\"false\" value=\"\" type=\"tel\" name=\"ContactNumber\" \/><\/span><\/label>\n<\/p>\n<p class=\"two-columns\"><br \/>\n<label> Ville<br \/>\n<span class=\"wpcf7-form-control-wrap\" data-name=\"City\"><input size=\"40\" maxlength=\"400\" class=\"wpcf7-form-control wpcf7-text wpcf7-validates-as-required\" aria-required=\"true\" aria-invalid=\"false\" value=\"\" type=\"text\" name=\"City\" \/><\/span> <\/label>\n<\/p>\n<p class=\"two-columns\"><br \/>\n<label> \u00c9tat\/Province<br \/>\n<span class=\"wpcf7-form-control-wrap\" data-name=\"StateProvince\"><select class=\"wpcf7-form-control wpcf7-select wpcf7-validates-as-required\" aria-required=\"true\" aria-invalid=\"false\" name=\"StateProvince\"><option value=\"Choisir\">Choisir<\/option><option value=\"Alabama\">Alabama<\/option><option value=\"Alaska\">Alaska<\/option><option value=\"American Samoa\">American Samoa<\/option><option value=\"Arizona\">Arizona<\/option><option value=\"Arkansas\">Arkansas<\/option><option value=\"California\">California<\/option><option value=\"Colorado\">Colorado<\/option><option value=\"Connecticut\">Connecticut<\/option><option value=\"Delaware\">Delaware<\/option><option value=\"District of Columbia\">District of Columbia<\/option><option value=\"Florida\">Florida<\/option><option value=\"Georgia\">Georgia<\/option><option value=\"Guam\">Guam<\/option><option value=\"Hawaii\">Hawaii<\/option><option value=\"Idaho\">Idaho<\/option><option value=\"Illinois\">Illinois<\/option><option value=\"Indiana\">Indiana<\/option><option value=\"Iowa\">Iowa<\/option><option value=\"Kansas\">Kansas<\/option><option value=\"Kentucky\">Kentucky<\/option><option value=\"Louisiana\">Louisiana<\/option><option value=\"Maine\">Maine<\/option><option value=\"Maryland\">Maryland<\/option><option value=\"Massachusetts\">Massachusetts<\/option><option value=\"Michigan\">Michigan<\/option><option value=\"Minnesota\">Minnesota<\/option><option value=\"Mississippi\">Mississippi<\/option><option value=\"Missouri\">Missouri<\/option><option value=\"Montana\">Montana<\/option><option value=\"Nebraska\">Nebraska<\/option><option value=\"Nevada\">Nevada<\/option><option value=\"New Hampshire\">New Hampshire<\/option><option value=\"New Jersey\">New Jersey<\/option><option value=\"New Mexico\">New Mexico<\/option><option value=\"New York\">New York<\/option><option value=\"North Carolina\">North Carolina<\/option><option value=\"North Dakota\">North Dakota<\/option><option value=\"Northern Marianas Islands\">Northern Marianas Islands<\/option><option value=\"Ohio\">Ohio<\/option><option value=\"Oklahoma\">Oklahoma<\/option><option value=\"Oregon\">Oregon<\/option><option value=\"Pennsylvania\">Pennsylvania<\/option><option value=\"Puerto Rico\">Puerto Rico<\/option><option value=\"Rhode Island\">Rhode Island<\/option><option value=\"South Carolina\">South Carolina<\/option><option value=\"South Dakota\">South Dakota<\/option><option value=\"Tennessee\">Tennessee<\/option><option value=\"Texas\">Texas<\/option><option value=\"Utah\">Utah<\/option><option value=\"Vermont\">Vermont<\/option><option value=\"Virginia\">Virginia<\/option><option value=\"Virgin Islands\">Virgin Islands<\/option><option value=\"Washington\">Washington<\/option><option value=\"West Virginia\">West Virginia<\/option><option value=\"Wisconsin\">Wisconsin<\/option><option value=\"Wyoming\">Wyoming<\/option><option value=\"Alberta\">Alberta<\/option><option value=\"British Columbia\">British Columbia<\/option><option value=\"Manitoba\">Manitoba<\/option><option value=\"New Brunswick\">New Brunswick<\/option><option value=\"Newfoundland\">Newfoundland<\/option><option value=\"Northwest Territories\">Northwest Territories<\/option><option value=\"Nova Scotia\">Nova Scotia<\/option><option value=\"Nunavut\">Nunavut<\/option><option value=\"Ontario\">Ontario<\/option><option value=\"Prince Edward Island\">Prince Edward Island<\/option><option value=\"Quebec\">Quebec<\/option><option value=\"Saskatchewan\">Saskatchewan<\/option><option value=\"Yukon\">Yukon<\/option><\/select><\/span> <\/label>\n<\/p>\n<p><label> Dites-nous comment nous pouvons aider<br \/>\n<span class=\"wpcf7-form-control-wrap\" data-name=\"HowCanWeHelp\"><textarea cols=\"40\" rows=\"10\" maxlength=\"2000\" class=\"wpcf7-form-control wpcf7-textarea\" aria-invalid=\"false\" name=\"HowCanWeHelp\"><\/textarea><\/span> <\/label>\n<\/p>\n<p><input class=\"wpcf7-form-control wpcf7-submit has-spinner gradient-btn\" type=\"submit\" value=\"Soumettre\" \/>\n<\/p><div class=\"wpcf7-response-output\" aria-hidden=\"true\"><\/div>\n<\/form>\n<\/div>\n<\/p>\n\n\n\n<h3 class=\"wp-block-heading\">&nbsp;<\/h3>\n\n\n\n<h3 class=\"wp-block-heading\">BUREAUX ADMINISTRATIFS<\/h3>\n\n\n\n<figure class=\"wp-block-table\"><table><tbody><tr><td> <br><p>One Bala Plaza, Suite 622<\/p> <p>Bala Cynwyd, PA 19004<\/p> <p>Toll Free:<b> (800) 562-1990<\/b><\/p> <\/td><td> <br><p>625 Henry Ave, Winnipeg, MB<\/p> <p>R3A 0V1 Canada<\/p> <p>Toll Free: <b>(888) 736-4423<\/b><\/p> <\/td><\/tr><\/tbody><\/table><\/figure>\n","protected":false},"excerpt":{"rendered":"<p>&nbsp; La meilleure fa\u00e7on d&#8217;en savoir plus sur nos produits et services ou nos offres d&#8217;emploi est de nous contacter. Nous avons h\u00e2te de vous conna\u00eetre et de vous aider \u00e0 r\u00e9pondre \u00e0 vos besoins. &nbsp; &nbsp; Contactez-nous &nbsp; BUREAUX ADMINISTRATIFS One Bala Plaza, Suite 622 Bala Cynwyd, PA 19004 Toll Free: (800) 562-1990 625 [&hellip;]<\/p>\n","protected":false},"author":1,"featured_media":0,"parent":0,"menu_order":0,"comment_status":"closed","ping_status":"closed","template":"template-2column.php","meta":{"_acf_changed":false,"_uag_custom_page_level_css":"","ub_ctt_via":"","footnotes":""},"class_list":["post-67892","page","type-page","status-publish","hentry"],"acf":[],"featured_image_src":null,"uagb_featured_image_src":{"full":false,"thumbnail":false,"medium":false,"medium_large":false,"large":false,"1536x1536":false,"2048x2048":false,"gform-image-choice-sm":false,"gform-image-choice-md":false,"gform-image-choice-lg":false},"uagb_author_info":{"display_name":"ArcticGlacier","author_link":"https:\/\/arcticglacier.com\/fr\/author\/ArcticGlacier\/"},"uagb_comment_info":0,"uagb_excerpt":"&nbsp; La meilleure fa\u00e7on d&#8217;en savoir plus sur nos produits et services ou nos offres d&#8217;emploi est de nous contacter. Nous avons h\u00e2te de vous conna\u00eetre et de vous aider \u00e0 r\u00e9pondre \u00e0 vos besoins. &nbsp; &nbsp; Contactez-nous &nbsp; BUREAUX ADMINISTRATIFS One Bala Plaza, Suite 622 Bala Cynwyd, PA 19004 Toll Free: (800) 562-1990 625&hellip;","_links":{"self":[{"href":"https:\/\/arcticglacier.com\/fr\/wp-json\/wp\/v2\/pages\/67892","targetHints":{"allow":["GET"]}}],"collection":[{"href":"https:\/\/arcticglacier.com\/fr\/wp-json\/wp\/v2\/pages"}],"about":[{"href":"https:\/\/arcticglacier.com\/fr\/wp-json\/wp\/v2\/types\/page"}],"author":[{"embeddable":true,"href":"https:\/\/arcticglacier.com\/fr\/wp-json\/wp\/v2\/users\/1"}],"replies":[{"embeddable":true,"href":"https:\/\/arcticglacier.com\/fr\/wp-json\/wp\/v2\/comments?post=67892"}],"version-history":[{"count":0,"href":"https:\/\/arcticglacier.com\/fr\/wp-json\/wp\/v2\/pages\/67892\/revisions"}],"wp:attachment":[{"href":"https:\/\/arcticglacier.com\/fr\/wp-json\/wp\/v2\/media?parent=67892"}],"curies":[{"name":"wp","href":"https:\/\/api.w.org\/{rel}","templated":true}]}}