 {"id":59351,"date":"2021-07-07T11:50:06","date_gmt":"2021-07-07T16:50:06","guid":{"rendered":"https:\/\/a294f68154.nxcli.io\/fr\/?page_id=59351"},"modified":"2023-07-05T23:16:33","modified_gmt":"2023-07-06T04:16:33","slug":"durabilite","status":"publish","type":"page","link":"https:\/\/arcticglacier.com\/fr\/qui-nous-sommes\/durabilite\/","title":{"rendered":"Faire Plus, Faure Mieux.<sup>\u2122<sup>"},"content":{"rendered":"\n<p><span style=\"font-size: 20px;\"><strong>Pas uniquement la croissance, mais la croissance durable.<\/strong><\/span><br>Arctic Glacier<sup>\u00ae<\/sup>&nbsp;est le partenaire de glace de qualit\u00e9 dont l&#8217;existence est vou\u00e9e \u00e0 la p\u00e9rennit\u00e9 des choses importantes, parce que nous croyons que la glace est un des aspects fondamentaux qui font les bonnes choses de la vie. Nous nous engageons \u00e0 adopter des pratiques respectueuses de l&#8217;environnement et \u00e0 soutenir les communaut\u00e9s que nous desservons. C&#8217;est pourquoi nous avons mis en place un plan cibl\u00e9 autour de trois domaines cl\u00e9s de notre activit\u00e9.<\/p>\n\n\n\n<p><span style=\"font-size: 20px;\"><strong>Le plastique<\/strong><\/span><br>En ce qui concerne l&#8217;utilisation du plastique, apr\u00e8s 3&nbsp;ans de recherche et d\u00e9veloppement, nous avons compl\u00e9t\u00e9 des essais pour incorporer 51&nbsp;% de r\u00e9sine recycl\u00e9e \u00e0 nos sacs.&nbsp;&nbsp;Le passage d&#8217;Arctic Glacier \u00e0 un emballage contenant 51&nbsp;% de contenu recycl\u00e9 repr\u00e9sente une r\u00e9duction de 46&nbsp;% des impacts potentiels sur le r\u00e9chauffement climatique par rapport au poly\u00e9thyl\u00e8ne g\u00e9n\u00e9rique standard utilis\u00e9 par l&#8217;industrie.<\/p>\n\n\n\n<p>Arctic Glacier met en place progressivement des emballages \u00e9cologiques, ce qui est d\u00e9j\u00e0 en place dans plusieurs grands march\u00e9s incluant la Californie, le Michigan, le Wisconsin, le Kansas, l&#8217;\u00e9tat de New York, et le Missouri. L&#8217;entreprise de glace pr\u00e9voit que les nouveaux emballages seront disponibles dans tous les formats et tous les march\u00e9s d&#8217;ici 12 \u00e0 18&nbsp;mois.<\/p>\n\n\n\n<p><span style=\"font-size: 20px;\"><strong>\u00c9lectricit\u00e9<\/strong><\/span><br>En ce qui concerne l&#8217;\u00e9lectricit\u00e9, nos d\u00e9penses d&#8217;immobilisation de 2019 comprenaient la mise \u00e0 niveau de tous les sites avec des \u00e9clairages \u00e0 DEL. Nous avons aussi mis en place des contr\u00f4les Intelligents pour nos syst\u00e8mes de cong\u00e9lation, ce qui a r\u00e9duit la quantit\u00e9 d&#8217;\u00e9nergie requise pour le d\u00e9givrage des \u00e9vaporateurs. Ces am\u00e9liorations, en plus d&#8217;autres investissements dans la modernisation de nos usines, ont r\u00e9duit de 12&nbsp;% notre utilisation d&#8217;\u00e9nergie comparativement aux ann\u00e9es pr\u00e9c\u00e9dentes.<\/p>\n\n\n\n<p><p><span style=\"font-size: 20px;\"><strong>Carburant<\/strong><\/span><\/p>\n<p>Pour ce qui est du carburant, en 2019, nous avons mis en \u0153uvre le projet SUMMIT qui a pour but de se concentrer sur l&#8217;efficacit\u00e9 de notre distribution. Ce qui nous a permis d&#8217;avoir des trajets plus dynamiques et plus efficaces, avec moins de kilom\u00e8tres parcourus et des op\u00e9rations de distributions am\u00e9lior\u00e9es et des co\u00fbts moindres. Le projet SUMMIT a \u00e9t\u00e9 mis en place avec succ\u00e8s dans plus de 60 de nos sites et a r\u00e9duit les co\u00fbts en carburant de 19&nbsp;% par tonne de glace livr\u00e9e.<\/p>\n<p>Jusqu&#8217;\u00e0 maintenant, nos efforts pour cr\u00e9er une \u00e9conomie plus circulaire en se concentrant sur la r\u00e9duction et la r\u00e9utilisation ont donn\u00e9 pour r\u00e9sultats ces impacts positifs pour l&#8217;environnement :<\/p>\n<p>46&nbsp;% moins de plastique allant au d\u00e9potoir.<\/p>\n<p>12&nbsp;% moins de carburant utilis\u00e9 annuellement<\/p>\n<p>12&nbsp;% moins d&#8217;\u00e9lectricit\u00e9 &nbsp;<\/p>\n<p>Pour l&#8217;avenir, nos objectifs incluent le d\u00e9veloppement d&#8217;alternatives plus \u00e9cologiques \u00e0 nos sacs de plastique, la poursuite de nos recherches en efficacit\u00e9 \u00e9nerg\u00e9tique pour nos proc\u00e9d\u00e9s de production et de distribution, et la cr\u00e9ation de partenariats significatifs avec des organismes de responsabilit\u00e9 sociale dans les domaines des secours en cas de catastrophes, du r\u00e9chauffement climatique, et de la protection des oc\u00e9ans et de l&#8217;Arctique.<\/p><\/p>\n\n\n\n<p><a href=\"https:\/\/arcticglacier.com\/fr\/contactez-nous\/\">En savoir plus<\/a><\/p>\n\n\n\n<p>&nbsp;<\/p>\n","protected":false},"excerpt":{"rendered":"<p>Pas uniquement la croissance, mais la croissance durable.Arctic Glacier\u00ae&nbsp;est le partenaire de glace de qualit\u00e9 dont l&#8217;existence est vou\u00e9e \u00e0 la p\u00e9rennit\u00e9 des choses importantes, parce que nous croyons que la glace est un des aspects fondamentaux qui font les bonnes choses de la vie. Nous nous engageons \u00e0 adopter des pratiques respectueuses de l&#8217;environnement [&hellip;]<\/p>\n","protected":false},"author":1,"featured_media":0,"parent":58179,"menu_order":0,"comment_status":"closed","ping_status":"closed","template":"template-2column.php","meta":{"_acf_changed":false,"_uag_custom_page_level_css":"","ub_ctt_via":"","footnotes":""},"class_list":["post-59351","page","type-page","status-publish","hentry"],"acf":[],"featured_image_src":null,"uagb_featured_image_src":{"full":false,"thumbnail":false,"medium":false,"medium_large":false,"large":false,"1536x1536":false,"2048x2048":false,"gform-image-choice-sm":false,"gform-image-choice-md":false,"gform-image-choice-lg":false},"uagb_author_info":{"display_name":"ArcticGlacier","author_link":"https:\/\/arcticglacier.com\/fr\/author\/ArcticGlacier\/"},"uagb_comment_info":0,"uagb_excerpt":"Pas uniquement la croissance, mais la croissance durable.Arctic Glacier\u00ae&nbsp;est le partenaire de glace de qualit\u00e9 dont l&#8217;existence est vou\u00e9e \u00e0 la p\u00e9rennit\u00e9 des choses importantes, parce que nous croyons que la glace est un des aspects fondamentaux qui font les bonnes choses de la vie. Nous nous engageons \u00e0 adopter des pratiques respectueuses de l&#8217;environnement&hellip;","_links":{"self":[{"href":"https:\/\/arcticglacier.com\/fr\/wp-json\/wp\/v2\/pages\/59351","targetHints":{"allow":["GET"]}}],"collection":[{"href":"https:\/\/arcticglacier.com\/fr\/wp-json\/wp\/v2\/pages"}],"about":[{"href":"https:\/\/arcticglacier.com\/fr\/wp-json\/wp\/v2\/types\/page"}],"author":[{"embeddable":true,"href":"https:\/\/arcticglacier.com\/fr\/wp-json\/wp\/v2\/users\/1"}],"replies":[{"embeddable":true,"href":"https:\/\/arcticglacier.com\/fr\/wp-json\/wp\/v2\/comments?post=59351"}],"version-history":[{"count":0,"href":"https:\/\/arcticglacier.com\/fr\/wp-json\/wp\/v2\/pages\/59351\/revisions"}],"up":[{"embeddable":true,"href":"https:\/\/arcticglacier.com\/fr\/wp-json\/wp\/v2\/pages\/58179"}],"wp:attachment":[{"href":"https:\/\/arcticglacier.com\/fr\/wp-json\/wp\/v2\/media?parent=59351"}],"curies":[{"name":"wp","href":"https:\/\/api.w.org\/{rel}","templated":true}]}}