 {"id":59293,"date":"2021-07-06T17:46:37","date_gmt":"2021-07-06T22:46:37","guid":{"rendered":"https:\/\/a294f68154.nxcli.io\/fr\/?page_id=59293"},"modified":"2023-06-27T23:55:41","modified_gmt":"2023-06-28T04:55:41","slug":"responsibilite-de-lentreprise","status":"publish","type":"page","link":"https:\/\/arcticglacier.com\/fr\/responsibilite-de-lentreprise\/","title":{"rendered":"Responsibilit\u00e9 de l&#8217;entreprise"},"content":{"rendered":"\n<p><strong>Responsabilit\u00e9 de l&#8217;entreprise<\/strong><\/p>\n\n\n\n<p>Arctic Glacier est une entreprise socialement responsable autant au sein de notre Industrie que dans les communaut\u00e9s o\u00f9 elle est install\u00e9e. Cet engagement implique de mener nos activit\u00e9s de mani\u00e8re \u00e9thique et l\u00e9gale, de fournir un lieu de travail \u00e9quitable et s\u00fbr et de traiter les employ\u00e9s avec dignit\u00e9 et respect partout o\u00f9 nous op\u00e9rons. Arctic Glacier s&#8217;efforce de garantir que toutes nos installations respectent les lois relatives \u00e0 la traite des \u00eatres humains et \u00e0 l&#8217;esclavage dans les juridictions dans lesquelles elles se situent, y compris les politiques et principes \u00e9nonc\u00e9s dans la loi californienne sur la transparence des cha\u00eenes d&#8217;approvisionnement.<\/p>\n\n\n\n<p>Nous sommes convaincus que nos fournisseurs partagent nos valeurs et respectent les lois relatives \u00e0 la traite des \u00eatres humains et \u00e0 l&#8217;esclavage. Arctic Glacier fait appel \u00e0 un groupe restreint de fournisseurs que nous connaissons bien. Nous sommes en contact avec nos fournisseurs sur une base r\u00e9guli\u00e8re, y compris des visites sur site, et compte tenu de notre proximit\u00e9 avec eux, nous ne v\u00e9rifions pas, n&#8217;auditons pas ou n&#8217;exigeons pas de certification formelle de leur part concernant leurs pratiques de travail. Si nous prenons connaissance qu&#8217;un fournisseur participe directement ou indirectement \u00e0 la traite ou \u00e0 l&#8217;asservissement d&#8217;\u00eatres humains, nous prendrons rapidement des mesures pour rem\u00e9dier \u00e0 la situation de mani\u00e8re appropri\u00e9e.<\/p>\n\n\n\n<p>Arctic Glacier offre \u00e0 ses employ\u00e9s une formation en fonction de leur responsabilit\u00e9 professionnelle. Le cas \u00e9ch\u00e9ant, la formation inclut les questions de travail. Si nos employ\u00e9s prennent connaissance de violations l\u00e9gales ou r\u00e9glementaires, y compris celles li\u00e9es au travail de la cha\u00eene d&#8217;approvisionnement, nous nous attendons \u00e0 ce qu&#8217;ils signalent ces violations. Pour encourager ce signalement, Arctic Glacier dispose d&#8217;un syst\u00e8me de d\u00e9nonciation qui offre \u00e0 nos fournisseurs, clients et sous-traitants un processus confidentiel pour signaler les actes r\u00e9pr\u00e9hensibles pr\u00e9sum\u00e9s.<\/p>\n\n\n\n<p>Pour plus d&#8217;informations sur l&#8217;engagement d&#8217;Arctic Glacier envers la responsabilit\u00e9 sociale des entreprises, y compris l&#8217;\u00e9radication de la traite des \u00eatres humains et de l&#8217;esclavage, n&#8217;h\u00e9sitez pas \u00e0 nous contacter.<\/p>\n\n\n\n<div style=\"height:100px\" aria-hidden=\"true\" class=\"wp-block-spacer\"><\/div>\n","protected":false},"excerpt":{"rendered":"<p>Responsabilit\u00e9 de l&#8217;entreprise Arctic Glacier est une entreprise socialement responsable autant au sein de notre Industrie que dans les communaut\u00e9s o\u00f9 elle est install\u00e9e. Cet engagement implique de mener nos activit\u00e9s de mani\u00e8re \u00e9thique et l\u00e9gale, de fournir un lieu de travail \u00e9quitable et s\u00fbr et de traiter les employ\u00e9s avec dignit\u00e9 et respect partout [&hellip;]<\/p>\n","protected":false},"author":1,"featured_media":0,"parent":0,"menu_order":0,"comment_status":"closed","ping_status":"closed","template":"template-fullwidth.php","meta":{"_acf_changed":false,"_uag_custom_page_level_css":"","ub_ctt_via":"","footnotes":""},"class_list":["post-59293","page","type-page","status-publish","hentry"],"acf":[],"featured_image_src":null,"uagb_featured_image_src":{"full":false,"thumbnail":false,"medium":false,"medium_large":false,"large":false,"1536x1536":false,"2048x2048":false,"gform-image-choice-sm":false,"gform-image-choice-md":false,"gform-image-choice-lg":false},"uagb_author_info":{"display_name":"ArcticGlacier","author_link":"https:\/\/arcticglacier.com\/fr\/author\/ArcticGlacier\/"},"uagb_comment_info":0,"uagb_excerpt":"Responsabilit\u00e9 de l&#8217;entreprise Arctic Glacier est une entreprise socialement responsable autant au sein de notre Industrie que dans les communaut\u00e9s o\u00f9 elle est install\u00e9e. Cet engagement implique de mener nos activit\u00e9s de mani\u00e8re \u00e9thique et l\u00e9gale, de fournir un lieu de travail \u00e9quitable et s\u00fbr et de traiter les employ\u00e9s avec dignit\u00e9 et respect partout&hellip;","_links":{"self":[{"href":"https:\/\/arcticglacier.com\/fr\/wp-json\/wp\/v2\/pages\/59293","targetHints":{"allow":["GET"]}}],"collection":[{"href":"https:\/\/arcticglacier.com\/fr\/wp-json\/wp\/v2\/pages"}],"about":[{"href":"https:\/\/arcticglacier.com\/fr\/wp-json\/wp\/v2\/types\/page"}],"author":[{"embeddable":true,"href":"https:\/\/arcticglacier.com\/fr\/wp-json\/wp\/v2\/users\/1"}],"replies":[{"embeddable":true,"href":"https:\/\/arcticglacier.com\/fr\/wp-json\/wp\/v2\/comments?post=59293"}],"version-history":[{"count":0,"href":"https:\/\/arcticglacier.com\/fr\/wp-json\/wp\/v2\/pages\/59293\/revisions"}],"wp:attachment":[{"href":"https:\/\/arcticglacier.com\/fr\/wp-json\/wp\/v2\/media?parent=59293"}],"curies":[{"name":"wp","href":"https:\/\/api.w.org\/{rel}","templated":true}]}}