 {"id":59291,"date":"2021-07-06T17:45:41","date_gmt":"2021-07-06T22:45:41","guid":{"rendered":"https:\/\/a294f68154.nxcli.io\/fr\/?page_id=59291"},"modified":"2023-06-28T00:06:54","modified_gmt":"2023-06-28T05:06:54","slug":"mentions-legales","status":"publish","type":"page","link":"https:\/\/arcticglacier.com\/fr\/mentions-legales\/","title":{"rendered":"Mentions l\u00e9gales"},"content":{"rendered":"\n<p><strong>Mentions l\u00e9gales<\/strong><\/p>\n\n\n\n<p>Bienvenue sur ce site Web, qui appartient et est exploit\u00e9 par Arctic Glacier Canada Inc. et Arctic Glacier U.S.A., Inc. et\/ou une filiale, une entreprise affili\u00e9e ou apparent\u00e9e \u00e0 Arctic Glacier (le \u00ab&nbsp;Site&nbsp;\u00bb). Arctic Glacier maintient le site en tant que service \u00e0 ses visiteurs, sous r\u00e9serve des conditions d\u2019utilisation suivantes concernant l&#8217;utilisation du site (\u00ab&nbsp;Conditions d&#8217;utilisation&nbsp;\u00bb). Lorsque vous utilisez le Site, vous acceptez les conditions d&#8217;utilisation. Si vous n&#8217;acceptez pas les conditions d&#8217;utilisation, vous ne pouvez pas utiliser le site. Arctic Glacier se r\u00e9serve le droit de modifier p\u00e9riodiquement le contenu du Site et les pr\u00e9sentes conditions d&#8217;utilisation sans pr\u00e9avis.<\/p>\n\n\n\n<p>Utilisation du contenu du site<\/p>\n\n\n\n<p>Vous pouvez visualiser, t\u00e9l\u00e9charger, et imprimer le contenu de ce site sous r\u00e9serve des conditions suivantes : (a) le contenu ne peut \u00eatre utilis\u00e9 uniquement \u00e0 des fins d\u2019information; et (b) le contenu ne doit pas \u00eatre alt\u00e9r\u00e9 ou modifi\u00e9 d\u2019aucune fa\u00e7on; vous ne pouvez pas republier, distribuer, pr\u00e9parer des contenus d\u00e9riv\u00e9s, ou utiliser le contenu autrement que sp\u00e9cifi\u00e9 explicitement dans les pr\u00e9sentes.<\/p>\n\n\n\n<p>Vous ne pouvez pas encadrer ou utiliser des techniques d&#8217;encadrement pour inclure une marque de commerce, un logo ou d&#8217;autres informations exclusives (y compris des images, du texte, une mise en page ou un formulaire) d&#8217;Arctic Glacier sans le consentement \u00e9crit expr\u00e8s d&#8217;Arctic Glacier. Vous ne pouvez pas utiliser le logo Arctic Glacier ou tout autre graphique ou marque d\u00e9pos\u00e9e dans le cadre d&#8217;un lien sans autorisation \u00e9crite expresse.<\/p>\n\n\n\n<p>Vous n&#8217;acqu\u00e9rez aucun droit de propri\u00e9t\u00e9 sur le contenu du Site. Toute utilisation non autoris\u00e9e met fin \u00e0 l&#8217;autorisation ou \u00e0 la licence accord\u00e9e par Arctic Glacier, avis, commentaires, communications et autres contenus.<\/p>\n\n\n\n<p>Vous pouvez soumettre des commentaires et fournir d&#8217;autres contenus tant que le contenu n&#8217;est pas obsc\u00e8ne, ill\u00e9gal, mena\u00e7ant ou diffamatoire et tant que le contenu n&#8217;envahit pas la vie priv\u00e9e ou n&#8217;enfreint pas la propri\u00e9t\u00e9 intellectuelle d&#8217;un tiers. En outre, ce contenu ne doit pas contenir de virus logiciels, de publipostages en masse, de cha\u00eenes de lettres ou de toute forme de&nbsp;pourriel. Vous ne pouvez pas utiliser une fausse adresse courriel, usurper l&#8217;identit\u00e9 d&#8217;une personne ou d&#8217;une entit\u00e9, ou autrement induire en erreur quant \u00e0 l&#8217;origine des informations.<\/p>\n\n\n\n<p>En soumettant des informations, vous accordez \u00e0 Arctic Glacier un droit non exclusif, libre de droits, perp\u00e9tuel, irr\u00e9vocable et enti\u00e8rement sous-licenciable de reproduire, utiliser, modifier, publier, adapter, traduire, cr\u00e9er des contenus d\u00e9riv\u00e9s, distribuer et afficher ce contenu \u00e0 travers le monde dans n&#8217;importe quel m\u00e9dia. En soumettant des informations, vous d\u00e9clarez et garantissez \u00e9galement que le contenu est exact&nbsp;; vous poss\u00e9dez ou avez la permission d&#8217;utiliser le contenu que vous soumettez&nbsp;; et que l&#8217;utilisation du contenu ne cause de pr\u00e9judice \u00e0 aucune personne ou entit\u00e9.<\/p>\n\n\n\n<p>Informations sur les droits d\u2019auteur<\/p>\n\n\n\n<p>Le site et le contenu du site sont la propri\u00e9t\u00e9 d&#8217;Arctic Glacier ou de ses fournisseurs et sont prot\u00e9g\u00e9s par les lois canadiennes et am\u00e9ricaines sur le droit d&#8217;auteur et les dispositions des trait\u00e9s internationaux. La compilation, l&#8217;organisation et l&#8217;affichage du contenu ainsi que tous les logiciels et inventions utilis\u00e9s sur et en relation avec ce Site sont la propri\u00e9t\u00e9 exclusive d&#8217;Arctic Glacier. Arctic Glacier se r\u00e9serve tous les droits sur le site et le contenu qui ne sont pas sp\u00e9cifiquement accord\u00e9s dans les accords avec Arctic Glacier ou dans les conditions d&#8217;utilisation.<\/p>\n\n\n\n<p>Informations sur la marque de commerce<\/p>\n\n\n\n<p>Arctic Glacier, Ice Perfection Systems et les autres marques indiqu\u00e9es sur notre site sont des marques de commerce d&#8217;Arctic Glacier au Canada, aux \u00c9tats-Unis et\/ou dans d&#8217;autres pays. Les autres marques, graphiques, logos, en-t\u00eates de page, ic\u00f4nes de bouton, scripts d&#8217;Arctic Glacier pr\u00e9sentes sur le site sont des marques de service, des marques de commerce et des habillages commerciaux d&#8217;Arctic Glacier et sont la propri\u00e9t\u00e9 unique et exclusive d&#8217;Arctic Glacier. Les marques de service, les marques de commerce et les habillages commerciaux d&#8217;Arctic Glacier ne peuvent \u00eatre utilis\u00e9s d&#8217;une mani\u00e8re susceptible de semer la confusion parmi les clients, de d\u00e9nigrer ou de discr\u00e9diter Arctic Glacier et en relation avec tout service ou programme qui n&#8217;est pas commandit\u00e9, approuv\u00e9 ou produit par Glacier Arctique. Toutes les autres marques d\u00e9pos\u00e9es non d\u00e9tenues par Arctic Glacier ou ses filiales qui apparaissent sur ce site sont la propri\u00e9t\u00e9 de leurs propri\u00e9taires respectifs, qui peuvent ou non \u00eatre affili\u00e9s, connect\u00e9s ou commandit\u00e9s par Arctic Glacier ou ses filiales.<\/p>\n\n\n\n<p>Informations et sites internet de tierces parties<\/p>\n\n\n\n<p>Le site peut fournir des hyperliens vers des sites internet de tierces parties ou un acc\u00e8s \u00e0 du contenu tiers. Arctic Glacier ne contr\u00f4le, n&#8217;approuve, ni ne garantit le contenu de ces sites. Vous convenez qu&#8217;Arctic Glacier n&#8217;est pas responsable du contenu, des liens associ\u00e9s, des ressources ou des services associ\u00e9s au site d\u2019un tiers. Vous acceptez en outre qu&#8217;Arctic Glacier ne soit pas responsable de toute perte ou tout dommage de quelque nature que ce soit associ\u00e9 \u00e0 votre utilisation du contenu d\u2019un tiers. Les liens et l&#8217;acc\u00e8s \u00e0 ces sites sont fournis uniquement pour votre commodit\u00e9. Tout lien vers le site internet de la Bourse nationale canadienne pour le montant de la valeur actuelle des parts du Fonds de revenu Arctic Glacier est fourni \u00e0 titre informatif seulement et n&#8217;est pas destin\u00e9 \u00e0 des fins commerciales. Arctic Glacier ne sera pas responsable des inexactitudes ou des retards dans la soumission de la valeur des parts du Fonds, ou de toute autre information fournie sur ou via le site internet de CNSX, ou de toute action que vous pourriez prendre en vous fiant \u00e0 celui-ci.<\/p>\n\n\n\n<p>Indemnisation<\/p>\n\n\n\n<p>Vous acceptez de d\u00e9fendre, d&#8217;indemniser et d&#8217;exon\u00e9rer Arctic Glacier, ses employ\u00e9s, ses avocats et ses agents (\u00ab&nbsp;indemnis\u00e9s&nbsp;\u00bb) contre toutes les r\u00e9clamations, d\u00e9penses, responsabilit\u00e9s, pertes, co\u00fbts et dommages, y compris les honoraires raisonnables d&#8217;avocat, que les indemnis\u00e9s pourraient encourir ( i) en relation avec votre utilisation du Site ou de tout site internet hyperli\u00e9 ou (ii) r\u00e9sultant du contenu que vous fournissez.<\/p>\n\n\n\n<p>Lois applicables<\/p>\n\n\n\n<p>Toutes les questions relatives \u00e0 votre acc\u00e8s et \u00e0 votre utilisation du site sont r\u00e9gies par la loi f\u00e9d\u00e9rale canadienne ou les lois des provinces ou des \u00c9tats o\u00f9 le site internet sp\u00e9cifique que vous consultez est h\u00e9berg\u00e9, sans \u00e9gard \u00e0 ses principes de conflit de lois. Toute l\u00e9gislation ou proc\u00e9dure relative \u00e0 votre acc\u00e8s ou \u00e0 votre utilisation du Site doit \u00eatre intent\u00e9e devant un tribunal provincial, \u00e9tatique ou f\u00e9d\u00e9ral dans la juridiction dans laquelle le site internet sp\u00e9cifique que vous consultez est h\u00e9berg\u00e9. S&#8217;il est d\u00e9termin\u00e9 qu&#8217;une disposition des pr\u00e9sentes conditions d&#8217;utilisation est invalide ou inapplicable, cette d\u00e9termination n&#8217;affectera pas le reste des conditions d&#8217;utilisation et les conditions d&#8217;utilisation seront r\u00e9put\u00e9es modifi\u00e9es dans la mesure minimale n\u00e9cessaire pour les rendre valides et ex\u00e9cutoires.<\/p>\n\n\n\n<div style=\"height:100px\" aria-hidden=\"true\" class=\"wp-block-spacer\"><\/div>\n","protected":false},"excerpt":{"rendered":"<p>Mentions l\u00e9gales Bienvenue sur ce site Web, qui appartient et est exploit\u00e9 par Arctic Glacier Canada Inc. et Arctic Glacier U.S.A., Inc. et\/ou une filiale, une entreprise affili\u00e9e ou apparent\u00e9e \u00e0 Arctic Glacier (le \u00ab&nbsp;Site&nbsp;\u00bb). Arctic Glacier maintient le site en tant que service \u00e0 ses visiteurs, sous r\u00e9serve des conditions d\u2019utilisation suivantes concernant l&#8217;utilisation [&hellip;]<\/p>\n","protected":false},"author":1,"featured_media":0,"parent":0,"menu_order":0,"comment_status":"closed","ping_status":"closed","template":"template-fullwidth.php","meta":{"_acf_changed":false,"_uag_custom_page_level_css":"","ub_ctt_via":"","footnotes":""},"class_list":["post-59291","page","type-page","status-publish","hentry"],"acf":[],"featured_image_src":null,"uagb_featured_image_src":{"full":false,"thumbnail":false,"medium":false,"medium_large":false,"large":false,"1536x1536":false,"2048x2048":false,"gform-image-choice-sm":false,"gform-image-choice-md":false,"gform-image-choice-lg":false},"uagb_author_info":{"display_name":"ArcticGlacier","author_link":"https:\/\/arcticglacier.com\/fr\/author\/ArcticGlacier\/"},"uagb_comment_info":0,"uagb_excerpt":"Mentions l\u00e9gales Bienvenue sur ce site Web, qui appartient et est exploit\u00e9 par Arctic Glacier Canada Inc. et Arctic Glacier U.S.A., Inc. et\/ou une filiale, une entreprise affili\u00e9e ou apparent\u00e9e \u00e0 Arctic Glacier (le \u00ab&nbsp;Site&nbsp;\u00bb). Arctic Glacier maintient le site en tant que service \u00e0 ses visiteurs, sous r\u00e9serve des conditions d\u2019utilisation suivantes concernant l&#8217;utilisation&hellip;","_links":{"self":[{"href":"https:\/\/arcticglacier.com\/fr\/wp-json\/wp\/v2\/pages\/59291","targetHints":{"allow":["GET"]}}],"collection":[{"href":"https:\/\/arcticglacier.com\/fr\/wp-json\/wp\/v2\/pages"}],"about":[{"href":"https:\/\/arcticglacier.com\/fr\/wp-json\/wp\/v2\/types\/page"}],"author":[{"embeddable":true,"href":"https:\/\/arcticglacier.com\/fr\/wp-json\/wp\/v2\/users\/1"}],"replies":[{"embeddable":true,"href":"https:\/\/arcticglacier.com\/fr\/wp-json\/wp\/v2\/comments?post=59291"}],"version-history":[{"count":0,"href":"https:\/\/arcticglacier.com\/fr\/wp-json\/wp\/v2\/pages\/59291\/revisions"}],"wp:attachment":[{"href":"https:\/\/arcticglacier.com\/fr\/wp-json\/wp\/v2\/media?parent=59291"}],"curies":[{"name":"wp","href":"https:\/\/api.w.org\/{rel}","templated":true}]}}