 {"id":58590,"date":"2021-06-30T16:50:18","date_gmt":"2021-06-30T21:50:18","guid":{"rendered":"https:\/\/a294f68154.nxcli.io\/fr\/?page_id=58590"},"modified":"2023-06-29T00:41:00","modified_gmt":"2023-06-29T05:41:00","slug":"sante-et-securite","status":"publish","type":"page","link":"https:\/\/arcticglacier.com\/fr\/qui-nous-sommes\/sante-et-securite\/","title":{"rendered":"Sant\u00e9 et s\u00e9curit\u00e9"},"content":{"rendered":"\n<p><strong>Pour obtenir de la glace de qualit\u00e9 sup\u00e9rieure, il faut d\u2019abord se concentrer sur la sant\u00e9 et la s\u00e9curit\u00e9.<\/strong><\/p>\n\n\n\n<p>Que ce soit pour nos propres employ\u00e9s, pour les clients que nous avons le plaisir de servir, ou le consommateur qui appr\u00e9cie notre glace, assurer la sant\u00e9 et la s\u00e9curit\u00e9 est, sans aucun doute, la premi\u00e8re pr\u00e9occupation d\u2019Arctic Glacier<sup>\u00ae<\/sup>.<\/p>\n\n\n\n<p><strong>Une assurance qualit\u00e9 qui red\u00e9finit les normes.<\/strong><br>Nous croyons qu\u2019il est primordial pour nos clients d&#8217;avoir une totale tranquillit\u00e9 d&#8217;esprit en ce qui concerne notre glace de qualit\u00e9 alimentaire, en particulier lorsqu&#8217;ils doivent fournir des documents de contr\u00f4le de la qualit\u00e9 lors d&#8217;un audit sur la s\u00e9curit\u00e9 alimentaire. Nos installations de fabrication permettent \u00e0 nos clients de se conformer \u00e0 la r\u00e9glementation et d&#8217;\u00eatre confiants dans de tels cas.<\/p>\n\n\n\n<p>Nous appliquons les plus hautes normes de qualit\u00e9 et d\u2019hygi\u00e8ne de l\u2019industrie. Incluant les normes de contr\u00f4le de qualit\u00e9 pour la glace emball\u00e9e ou PIQCS, mis en place par l&#8217; <a rel=\"noopener\" href=\"https:\/\/packagedice.com\/\" target=\"_blank\">International Packaged Ice Association<\/a>. Ces normes se conforment enti\u00e8rement au Food Safety Modernization Act.<\/p>\n\n\n\n<p>Nos produits sont soumis \u00e0 un audit annuel de l\u2019IPIA ex\u00e9cut\u00e9 par des v\u00e9rificateurs d\u2019une tierce partie, assurant que nos produits r\u00e9pondent aux normes \u00e9lev\u00e9es pour \u00eatre certifi\u00e9s de qualit\u00e9 alimentaire.<\/p>\n\n\n\n<p>Avec notre glace la confiance en mati\u00e8re de s\u00e9curit\u00e9 est incluse, Nous sommes fiers d\u2019apporter cette valeur ajout\u00e9e \u00e0 nos clients.<\/p>\n\n\n\n<p><span style=\"font-size: 20px;\"><strong><strong>Notre approche COVID-19<\/strong><\/strong><\/span><\/p>\n\n\n\n<p><img loading=\"lazy\" decoding=\"async\" width=\"567\" height=\"471\" class=\"alignnone wp-image-59975\" src=\"https:\/\/arcticglacier.com\/fr\/wp-content\/uploads\/sites\/4\/2021\/07\/employee-stocking-with-mask-768x1024-1.jpg\" alt=\"\" srcset=\"https:\/\/arcticglacier.com\/fr\/wp-content\/uploads\/sites\/4\/2021\/07\/employee-stocking-with-mask-768x1024-1.jpg 768w, https:\/\/arcticglacier.com\/fr\/wp-content\/uploads\/sites\/4\/2021\/07\/employee-stocking-with-mask-768x1024-1-300x249.jpg 300w\" sizes=\"auto, (max-width: 567px) 100vw, 567px\" \/><br>En tant qu\u2019entreprise dans un domaine essentiel, toutes nos installations de production respectent les directives strictes \u00e9tablies par l\u2019IPIA et les agences gouvernementales. Nous nous conformons aux crit\u00e8res requis pour les produits alimentaires certifies s\u00e9curitaires, ce qui nous permet de continuer \u00e0 servir nos clients pendant la pand\u00e9mie. Nous suivons et respectons les directives du CDC et les mandats locaux pour fournir de fa\u00e7on s\u00e9curitaire et en toute confiance les m\u00eames produits exceptionnels sur lesquels nos clients comptent depuis des ann\u00e9es.<\/p>\n\n\n\n<p>En plus de l\u2019utilisation des EPI et les meilleures pratiques de distanciation sociale, nous avons mis en place les am\u00e9liorations suivantes conform\u00e9ment aux recommandations du CDC :<\/p>\n\n\n\n<p>\u2022\u00a0 Contr\u00f4les de temp\u00e9rature quotidiens \u00e0 l\u2019entr\u00e9e de toutes nos installations et bureaux<br>\u2022\u00a0 Questionnaire de v\u00e9rification de sant\u00e9 pour les visiteurs et les employ\u00e9s<br>\u2022\u00a0 Stations d\u2019assainissement dans l\u2019ensemble de l\u2019\u00e9tablissement<br>\u2022\u00a0 Port du masque obligatoire dans nos installations, bureaux et lors d\u2019interaction avec nos clients<br>\u2022\u00a0 Assainissement quotidien des lieux de travail et de l&#8217;\u00e9quipement, incluant l&#8217;int\u00e9rieur des camions de livraison<\/p>\n\n\n\n<p><strong>Apprenez-en plus sur nos normes de qualit\u00e9 et les proc\u00e9d\u00e9s qui nous permettent d\u2019obtenir de la glace de grande qualit\u00e9, certifi\u00e9e s\u00e9curitaire pour les aliments.\u00a0<\/strong><span style=\"font-size: 20px;\"><strong> <\/strong><\/span><\/p>\n\n\n\n<p><a href=\"https:\/\/arcticglacier.com\/fr\/obtenir-de-la-glace\/\"><a rel=\"noreferrer noopener\" href=\"https:\/\/arcticglacier.com\/fr\/get-ice\" target=\"_blank\">Obtenez<\/a> de la glace maintenant<\/a><\/p>\n\n\n\n<div style=\"height:100px\" aria-hidden=\"true\" class=\"wp-block-spacer\"><\/div>\n","protected":false},"excerpt":{"rendered":"<p>Pour obtenir de la glace de qualit\u00e9 sup\u00e9rieure, il faut d\u2019abord se concentrer sur la sant\u00e9 et la s\u00e9curit\u00e9. Que ce soit pour nos propres employ\u00e9s, pour les clients que nous avons le plaisir de servir, ou le consommateur qui appr\u00e9cie notre glace, assurer la sant\u00e9 et la s\u00e9curit\u00e9 est, sans aucun doute, la premi\u00e8re [&hellip;]<\/p>\n","protected":false},"author":1,"featured_media":0,"parent":58179,"menu_order":0,"comment_status":"closed","ping_status":"closed","template":"template-2column.php","meta":{"_acf_changed":false,"_uag_custom_page_level_css":"","ub_ctt_via":"","footnotes":""},"class_list":["post-58590","page","type-page","status-publish","hentry"],"acf":[],"featured_image_src":null,"uagb_featured_image_src":{"full":false,"thumbnail":false,"medium":false,"medium_large":false,"large":false,"1536x1536":false,"2048x2048":false,"gform-image-choice-sm":false,"gform-image-choice-md":false,"gform-image-choice-lg":false},"uagb_author_info":{"display_name":"ArcticGlacier","author_link":"https:\/\/arcticglacier.com\/fr\/author\/ArcticGlacier\/"},"uagb_comment_info":0,"uagb_excerpt":"Pour obtenir de la glace de qualit\u00e9 sup\u00e9rieure, il faut d\u2019abord se concentrer sur la sant\u00e9 et la s\u00e9curit\u00e9. Que ce soit pour nos propres employ\u00e9s, pour les clients que nous avons le plaisir de servir, ou le consommateur qui appr\u00e9cie notre glace, assurer la sant\u00e9 et la s\u00e9curit\u00e9 est, sans aucun doute, la premi\u00e8re&hellip;","_links":{"self":[{"href":"https:\/\/arcticglacier.com\/fr\/wp-json\/wp\/v2\/pages\/58590","targetHints":{"allow":["GET"]}}],"collection":[{"href":"https:\/\/arcticglacier.com\/fr\/wp-json\/wp\/v2\/pages"}],"about":[{"href":"https:\/\/arcticglacier.com\/fr\/wp-json\/wp\/v2\/types\/page"}],"author":[{"embeddable":true,"href":"https:\/\/arcticglacier.com\/fr\/wp-json\/wp\/v2\/users\/1"}],"replies":[{"embeddable":true,"href":"https:\/\/arcticglacier.com\/fr\/wp-json\/wp\/v2\/comments?post=58590"}],"version-history":[{"count":0,"href":"https:\/\/arcticglacier.com\/fr\/wp-json\/wp\/v2\/pages\/58590\/revisions"}],"up":[{"embeddable":true,"href":"https:\/\/arcticglacier.com\/fr\/wp-json\/wp\/v2\/pages\/58179"}],"wp:attachment":[{"href":"https:\/\/arcticglacier.com\/fr\/wp-json\/wp\/v2\/media?parent=58590"}],"curies":[{"name":"wp","href":"https:\/\/api.w.org\/{rel}","templated":true}]}}