 {"id":58422,"date":"2021-06-29T21:17:51","date_gmt":"2021-06-30T02:17:51","guid":{"rendered":"https:\/\/a294f68154.nxcli.io\/fr\/?page_id=58422"},"modified":"2023-06-28T01:02:24","modified_gmt":"2023-06-28T06:02:24","slug":"services","status":"publish","type":"page","link":"https:\/\/arcticglacier.com\/fr\/services\/","title":{"rendered":"Services"},"content":{"rendered":"\n<p>Que vous dirigiez un d\u00e9panneur populaire, un magasin de boissons ou une \u00e9picerie tr\u00e8s fr\u00e9quent\u00e9e; que vous planifiez un \u00e9v\u00e9nement; ou que vous ayez besoin de glace pour la fabrication de produits, nous avons les ressources et la capacit\u00e9 de vous approvisionner en glace quand, l\u00e0, et comment, vous en avez besoin.<\/p>\n\n\n\n<p>De plus, nous fournissons et entretenons des \u00e9quipements int\u00e9rieurs ou ext\u00e9rieurs de marque Arctic Glacier<sup>\u00ae<\/sup>. Plus qu\u2019un pr\u00e9sentoir accrocheur, il est \u00e0 la hauteur des attentes de vos clients pour de la glace de qualit\u00e9 sup\u00e9rieure et indique la pr\u00e9sence d\u2019une marque de qualit\u00e9 qui peut augmenter les ventes et la fr\u00e9quentation de votre magasin. La responsabilit\u00e9 de notre \u00e9quipe est de s\u2019assurer de r\u00e9pondre \u00e0 vos besoins en glace sans que vous ayez \u00e0 vous casser la t\u00eate. Peu importe le genre de service qui vous convient le mieux, notre \u00e9quipe fera tout ce qui est en son pouvoir pour vous aider votre \u00e9quipe \u00e0 atteindre ses objectifs.<\/p>\n\n\n\n<p>En savoir plus sur nos <a href=\"https:\/\/arcticglacier.com\/fr\/services\/livraison\/\" data-type=\"URL\" data-id=\"https:\/\/arcticglacier.com\/fr\/delivery\/\">services de livraison<\/a><\/p>\n\n\n\n<div class=\"wp-block-buttons is-layout-flex wp-block-buttons-is-layout-flex\">\n<div class=\"wp-block-button\"><a class=\"wp-block-button__link has-background wp-element-button\" href=\"https:\/\/arcticglacier.com\/fr\/calculateur-de-glace\/\" style=\"border-radius:5px;background:linear-gradient(90deg,rgb(40,67,144) 0%,rgb(6,147,227) 100%)\"><strong>CALCULATEUR DE GLACE<\/strong><\/a><\/div>\n<\/div>\n\n\n\n<div style=\"height:100px\" aria-hidden=\"true\" class=\"wp-block-spacer\"><\/div>\n","protected":false},"excerpt":{"rendered":"<p>Que vous dirigiez un d\u00e9panneur populaire, un magasin de boissons ou une \u00e9picerie tr\u00e8s fr\u00e9quent\u00e9e; que vous planifiez un \u00e9v\u00e9nement; ou que vous ayez besoin de glace pour la fabrication de produits, nous avons les ressources et la capacit\u00e9 de vous approvisionner en glace quand, l\u00e0, et comment, vous en avez besoin. De plus, nous [&hellip;]<\/p>\n","protected":false},"author":1,"featured_media":0,"parent":0,"menu_order":0,"comment_status":"closed","ping_status":"closed","template":"template-fullwidth.php","meta":{"_acf_changed":false,"_uag_custom_page_level_css":"","ub_ctt_via":"","footnotes":""},"class_list":["post-58422","page","type-page","status-publish","hentry"],"acf":[],"featured_image_src":null,"uagb_featured_image_src":{"full":false,"thumbnail":false,"medium":false,"medium_large":false,"large":false,"1536x1536":false,"2048x2048":false,"gform-image-choice-sm":false,"gform-image-choice-md":false,"gform-image-choice-lg":false},"uagb_author_info":{"display_name":"ArcticGlacier","author_link":"https:\/\/arcticglacier.com\/fr\/author\/ArcticGlacier\/"},"uagb_comment_info":0,"uagb_excerpt":"Que vous dirigiez un d\u00e9panneur populaire, un magasin de boissons ou une \u00e9picerie tr\u00e8s fr\u00e9quent\u00e9e; que vous planifiez un \u00e9v\u00e9nement; ou que vous ayez besoin de glace pour la fabrication de produits, nous avons les ressources et la capacit\u00e9 de vous approvisionner en glace quand, l\u00e0, et comment, vous en avez besoin. De plus, nous&hellip;","_links":{"self":[{"href":"https:\/\/arcticglacier.com\/fr\/wp-json\/wp\/v2\/pages\/58422","targetHints":{"allow":["GET"]}}],"collection":[{"href":"https:\/\/arcticglacier.com\/fr\/wp-json\/wp\/v2\/pages"}],"about":[{"href":"https:\/\/arcticglacier.com\/fr\/wp-json\/wp\/v2\/types\/page"}],"author":[{"embeddable":true,"href":"https:\/\/arcticglacier.com\/fr\/wp-json\/wp\/v2\/users\/1"}],"replies":[{"embeddable":true,"href":"https:\/\/arcticglacier.com\/fr\/wp-json\/wp\/v2\/comments?post=58422"}],"version-history":[{"count":0,"href":"https:\/\/arcticglacier.com\/fr\/wp-json\/wp\/v2\/pages\/58422\/revisions"}],"wp:attachment":[{"href":"https:\/\/arcticglacier.com\/fr\/wp-json\/wp\/v2\/media?parent=58422"}],"curies":[{"name":"wp","href":"https:\/\/api.w.org\/{rel}","templated":true}]}}