 {"id":58384,"date":"2021-06-29T16:53:35","date_gmt":"2021-06-29T21:53:35","guid":{"rendered":"https:\/\/a294f68154.nxcli.io\/fr\/?page_id=58384"},"modified":"2023-07-10T13:34:54","modified_gmt":"2023-07-10T18:34:54","slug":"specialtes","status":"publish","type":"page","link":"https:\/\/arcticglacier.com\/fr\/specialtes\/","title":{"rendered":"Sp\u00e9cialt\u00e9s"},"content":{"rendered":"<p>Alors que nous grandissions pour servir toute l&#8217;Am\u00e9rique du Nord, nous avons constat\u00e9 que certaines r\u00e9gions ont des besoins sp\u00e9cifiques. Dans le cadre de notre d\u00e9vouement inlassable envers chacun de nos clients, nous sommes fiers d&#8217;offrir une gamme de services sp\u00e9cialis\u00e9s.<\/p>\n\n\n<div class=\"wp-block-columns is-layout-flex wp-container-core-columns-is-layout-9d6595d7 wp-block-columns-is-layout-flex\">\n<div class=\"wp-block-column is-layout-flow wp-block-column-is-layout-flow\">\n<figure class=\"wp-block-image size-large is-resized\"><a href=\"https:\/\/arcticglacier.com\/fr\/artificial-snow\/\"><img loading=\"lazy\" decoding=\"async\" src=\"https:\/\/arcticglacier.com\/fr\/wp-content\/uploads\/sites\/4\/2021\/07\/AdobeStock_275788998-1024x720.jpeg\" alt=\"\" class=\"wp-image-60181\" width=\"381\" height=\"268\" srcset=\"https:\/\/arcticglacier.com\/fr\/wp-content\/uploads\/sites\/4\/2021\/07\/AdobeStock_275788998-1024x720.jpeg 1024w, https:\/\/arcticglacier.com\/fr\/wp-content\/uploads\/sites\/4\/2021\/07\/AdobeStock_275788998-300x211.jpeg 300w, https:\/\/arcticglacier.com\/fr\/wp-content\/uploads\/sites\/4\/2021\/07\/AdobeStock_275788998-768x540.jpeg 768w, https:\/\/arcticglacier.com\/fr\/wp-content\/uploads\/sites\/4\/2021\/07\/AdobeStock_275788998-1536x1080.jpeg 1536w, https:\/\/arcticglacier.com\/fr\/wp-content\/uploads\/sites\/4\/2021\/07\/AdobeStock_275788998-2048x1440.jpeg 2048w\" sizes=\"auto, (max-width: 381px) 100vw, 381px\" \/><\/a><\/figure>\n\n\n\n<p><strong>D\u00e9couvrez notre service de paysages enneig\u00e9s pour les productions et les r\u00e9sidences.<\/strong><\/p>\n<\/div>\n\n\n\n<div class=\"wp-block-column is-layout-flow wp-block-column-is-layout-flow\">\n<figure class=\"wp-block-image size-large is-resized\"><a href=\"https:\/\/arcticglacier.com\/fr\/concrete\/\"><img loading=\"lazy\" decoding=\"async\" src=\"https:\/\/arcticglacier.com\/fr\/wp-content\/uploads\/sites\/4\/2021\/07\/shutterstock_497453284-1024x684.jpg\" alt=\"\" class=\"wp-image-60219\" width=\"398\" height=\"264\"\/><\/a><\/figure>\n\n\n\n<p><strong>Prot\u00e9gez vos chantiers de construction avec de la glace pour le b\u00e9ton.<\/strong><\/p>\n<\/div>\n<\/div>\n\n\n\n<div class=\"wp-block-columns is-layout-flex wp-container-core-columns-is-layout-9d6595d7 wp-block-columns-is-layout-flex\">\n<div class=\"wp-block-column is-layout-flow wp-block-column-is-layout-flow\">\n<figure class=\"wp-block-image size-large is-resized\"><a href=\"https:\/\/arcticglacier.com\/fr\/events\/\"><img loading=\"lazy\" decoding=\"async\" src=\"https:\/\/arcticglacier.com\/fr\/wp-content\/uploads\/sites\/4\/2021\/07\/shutterstock_1144990643-1024x683.jpg\" alt=\"\" class=\"wp-image-60220\" width=\"407\" height=\"270\" srcset=\"https:\/\/arcticglacier.com\/fr\/wp-content\/uploads\/sites\/4\/2021\/07\/shutterstock_1144990643-1024x683.jpg 1024w, https:\/\/arcticglacier.com\/fr\/wp-content\/uploads\/sites\/4\/2021\/07\/shutterstock_1144990643-300x200.jpg 300w, https:\/\/arcticglacier.com\/fr\/wp-content\/uploads\/sites\/4\/2021\/07\/shutterstock_1144990643-768x512.jpg 768w, https:\/\/arcticglacier.com\/fr\/wp-content\/uploads\/sites\/4\/2021\/07\/shutterstock_1144990643-1536x1024.jpg 1536w, https:\/\/arcticglacier.com\/fr\/wp-content\/uploads\/sites\/4\/2021\/07\/shutterstock_1144990643-2048x1365.jpg 2048w\" sizes=\"auto, (max-width: 407px) 100vw, 407px\" \/><\/a><\/figure>\n\n\n\n<p><strong>Obtenez du soutien pour vos grands \u00e9v\u00e9nements gr\u00e2ce \u00e0 notre planification et livraison.<\/strong><\/p>\n<\/div>\n\n\n\n<div class=\"wp-block-column is-layout-flow wp-block-column-is-layout-flow\">\n<figure class=\"wp-block-image size-large is-resized\"><a href=\"https:\/\/arcticglacier.com\/fr\/dry-ice\/\"><img loading=\"lazy\" decoding=\"async\" src=\"https:\/\/arcticglacier.com\/fr\/wp-content\/uploads\/sites\/4\/2021\/07\/shutterstock_276887966-1024x683.jpg\" alt=\"\" class=\"wp-image-60221\" width=\"406\" height=\"270\" srcset=\"https:\/\/arcticglacier.com\/fr\/wp-content\/uploads\/sites\/4\/2021\/07\/shutterstock_276887966-1024x683.jpg 1024w, https:\/\/arcticglacier.com\/fr\/wp-content\/uploads\/sites\/4\/2021\/07\/shutterstock_276887966-300x200.jpg 300w, https:\/\/arcticglacier.com\/fr\/wp-content\/uploads\/sites\/4\/2021\/07\/shutterstock_276887966-768x512.jpg 768w, https:\/\/arcticglacier.com\/fr\/wp-content\/uploads\/sites\/4\/2021\/07\/shutterstock_276887966-1536x1024.jpg 1536w, https:\/\/arcticglacier.com\/fr\/wp-content\/uploads\/sites\/4\/2021\/07\/shutterstock_276887966-2048x1365.jpg 2048w\" sizes=\"auto, (max-width: 406px) 100vw, 406px\" \/><\/a><\/figure>\n\n\n\n<p><strong>Gardez vos aliments congel\u00e9s ou au frais avec la glace s\u00e8che.<\/strong><\/p>\n<\/div>\n<\/div>\n\n\n\n<div class=\"wp-block-columns is-layout-flex wp-container-core-columns-is-layout-9d6595d7 wp-block-columns-is-layout-flex\">\n<div class=\"wp-block-column is-layout-flow wp-block-column-is-layout-flow\">\n<figure class=\"wp-block-image size-large is-resized\"><a href=\"https:\/\/arcticglacier.com\/fr\/ice-sculptures-luges\/\"><img loading=\"lazy\" decoding=\"async\" src=\"https:\/\/arcticglacier.com\/fr\/wp-content\/uploads\/sites\/4\/2021\/07\/shutterstock_1435289462-1024x576.jpg\" alt=\"\" class=\"wp-image-60142\" width=\"420\" height=\"236\" srcset=\"https:\/\/arcticglacier.com\/fr\/wp-content\/uploads\/sites\/4\/2021\/07\/shutterstock_1435289462-1024x576.jpg 1024w, https:\/\/arcticglacier.com\/fr\/wp-content\/uploads\/sites\/4\/2021\/07\/shutterstock_1435289462-300x169.jpg 300w, https:\/\/arcticglacier.com\/fr\/wp-content\/uploads\/sites\/4\/2021\/07\/shutterstock_1435289462-768x432.jpg 768w, https:\/\/arcticglacier.com\/fr\/wp-content\/uploads\/sites\/4\/2021\/07\/shutterstock_1435289462-1536x864.jpg 1536w, https:\/\/arcticglacier.com\/fr\/wp-content\/uploads\/sites\/4\/2021\/07\/shutterstock_1435289462-2048x1152.jpg 2048w\" sizes=\"auto, (max-width: 420px) 100vw, 420px\" \/><\/a><\/figure>\n\n\n\n<p><strong>Renversez vos invit\u00e9s avec des sculptures de glace \u00e9labor\u00e9es et des luges de glace.<\/strong><\/p>\n<\/div>\n\n\n\n<div class=\"wp-block-column is-layout-flow wp-block-column-is-layout-flow\">\u00a0<\/div>\n<\/div>\n\n\n\n<p><strong>\u00c0 court de glace?<\/strong><br><strong>Nous faisons des livraisons d&#8217;urgence<\/strong><\/p>\n","protected":false},"excerpt":{"rendered":"<p>Alors que nous grandissions pour servir toute l&#8217;Am\u00e9rique du Nord, nous avons constat\u00e9 que certaines r\u00e9gions ont des besoins sp\u00e9cifiques. Dans le cadre de notre d\u00e9vouement inlassable envers chacun de nos clients, nous sommes fiers d&#8217;offrir une gamme de services sp\u00e9cialis\u00e9s. D\u00e9couvrez notre service de paysages enneig\u00e9s pour les productions et les r\u00e9sidences. Prot\u00e9gez vos [&hellip;]<\/p>\n","protected":false},"author":1,"featured_media":0,"parent":0,"menu_order":0,"comment_status":"closed","ping_status":"closed","template":"template-fullwidth.php","meta":{"_acf_changed":false,"_uag_custom_page_level_css":"","ub_ctt_via":"","footnotes":""},"class_list":["post-58384","page","type-page","status-publish","hentry"],"acf":[],"featured_image_src":null,"uagb_featured_image_src":{"full":false,"thumbnail":false,"medium":false,"medium_large":false,"large":false,"1536x1536":false,"2048x2048":false,"gform-image-choice-sm":false,"gform-image-choice-md":false,"gform-image-choice-lg":false},"uagb_author_info":{"display_name":"ArcticGlacier","author_link":"https:\/\/arcticglacier.com\/fr\/author\/ArcticGlacier\/"},"uagb_comment_info":0,"uagb_excerpt":"Alors que nous grandissions pour servir toute l&#8217;Am\u00e9rique du Nord, nous avons constat\u00e9 que certaines r\u00e9gions ont des besoins sp\u00e9cifiques. Dans le cadre de notre d\u00e9vouement inlassable envers chacun de nos clients, nous sommes fiers d&#8217;offrir une gamme de services sp\u00e9cialis\u00e9s. D\u00e9couvrez notre service de paysages enneig\u00e9s pour les productions et les r\u00e9sidences. Prot\u00e9gez vos&hellip;","_links":{"self":[{"href":"https:\/\/arcticglacier.com\/fr\/wp-json\/wp\/v2\/pages\/58384","targetHints":{"allow":["GET"]}}],"collection":[{"href":"https:\/\/arcticglacier.com\/fr\/wp-json\/wp\/v2\/pages"}],"about":[{"href":"https:\/\/arcticglacier.com\/fr\/wp-json\/wp\/v2\/types\/page"}],"author":[{"embeddable":true,"href":"https:\/\/arcticglacier.com\/fr\/wp-json\/wp\/v2\/users\/1"}],"replies":[{"embeddable":true,"href":"https:\/\/arcticglacier.com\/fr\/wp-json\/wp\/v2\/comments?post=58384"}],"version-history":[{"count":0,"href":"https:\/\/arcticglacier.com\/fr\/wp-json\/wp\/v2\/pages\/58384\/revisions"}],"wp:attachment":[{"href":"https:\/\/arcticglacier.com\/fr\/wp-json\/wp\/v2\/media?parent=58384"}],"curies":[{"name":"wp","href":"https:\/\/api.w.org\/{rel}","templated":true}]}}