 {"id":58378,"date":"2021-06-29T16:46:08","date_gmt":"2021-06-29T21:46:08","guid":{"rendered":"https:\/\/a294f68154.nxcli.io\/fr\/?page_id=58378"},"modified":"2023-07-10T11:16:28","modified_gmt":"2023-07-10T16:16:28","slug":"produits","status":"publish","type":"page","link":"https:\/\/arcticglacier.com\/fr\/produits\/","title":{"rendered":"Produits"},"content":{"rendered":"\n<p>Chez Arctic Glacier<sup>\u00ae<\/sup>, nous produisons et livrons annuellement un milliard de kilos de glace sous plusieurs formes. Mais au bout du compte, Il y a une seule et unique chose au centre de notre production, l&#8217;Eau. &nbsp;<\/p>\n\n\n\n<p>Dans chacune de nos plus de 50 installations de production en Am\u00e9rique du Nord, tout tourne autour de l&#8217;eau. Afin de produire de la glace ultra fra\u00eeche, propre et claire, nous utilisons des techniques de filtration avanc\u00e9es telles que l&#8217;osmose invers\u00e9e, la filtration UV et la protection d&#8217;une chambre d&#8217;\u00e9quilibre. Nous effectuons \u00e9galement un suivi rigoureux de notre processus de production, qui comprend des tests quotidiens, hebdomadaires et mensuels.<\/p>\n\n\n\n<p>De plus, nous utilisons plusieurs contr\u00f4les d&#8217;assurance qualit\u00e9 pour valider que chaque \u00e9tape du processus de production fonctionne de la mani\u00e8re la plus s\u00fbre et la plus approfondie. Nos programmes de s\u00e9curit\u00e9 alimentaire et d&#8217;hygi\u00e8ne \u00e0 la pointe de l&#8217;industrie et nos capacit\u00e9s de tra\u00e7abilit\u00e9 d\u00e9taill\u00e9e des produits nous diff\u00e9rencient de tous les autres concurrents et ont contribu\u00e9 \u00e0 \u00e9lever la barre pour toute une industrie. Nos clients m\u00e9ritent la glace la plus pure, la plus propre et la plus claire disponible, c&#8217;est exactement ce que nous faisons.<\/p>\n\n\n\n<p>La seule question \u00e0 poser est, comment voulez-vous votre glace?<\/p>\n\n\n\n<p><a href=\"https:\/\/arcticglacier.com\/fr\/glace-emballee\/\">Glace emball\u00e9e et en sac<\/a><\/p>\n\n\n\n<p><a href=\"https:\/\/arcticglacier.com\/fr\/bloc-de-glace\/\">Bloc de glace<\/a><\/p>\n\n\n\n<p><a href=\"https:\/\/arcticglacier.com\/fr\/glace-concassee\/\">Glace concass\u00e9e<\/a><\/p>\n\n\n\n<div class=\"wp-block-buttons is-layout-flex wp-block-buttons-is-layout-flex\">\n<div class=\"wp-block-button\"><a class=\"wp-block-button__link has-background wp-element-button\" href=\"https:\/\/arcticglacier.com\/fr\/calculateur-de-glace\/\" style=\"border-radius:5px;background:linear-gradient(90deg,rgb(40,67,144) 0%,rgb(6,147,227) 100%)\"><strong>CALCULATEUR DE GLACE<\/strong><\/a><\/div>\n<\/div>\n\n\n\n<div style=\"height:100px\" aria-hidden=\"true\" class=\"wp-block-spacer\"><\/div>\n","protected":false},"excerpt":{"rendered":"<p>Chez Arctic Glacier\u00ae, nous produisons et livrons annuellement un milliard de kilos de glace sous plusieurs formes. Mais au bout du compte, Il y a une seule et unique chose au centre de notre production, l&#8217;Eau. &nbsp; Dans chacune de nos plus de 50 installations de production en Am\u00e9rique du Nord, tout tourne autour de [&hellip;]<\/p>\n","protected":false},"author":1,"featured_media":0,"parent":0,"menu_order":0,"comment_status":"closed","ping_status":"closed","template":"template-fullwidth.php","meta":{"_acf_changed":false,"_uag_custom_page_level_css":"","ub_ctt_via":"","footnotes":""},"class_list":["post-58378","page","type-page","status-publish","hentry"],"acf":[],"featured_image_src":null,"uagb_featured_image_src":{"full":false,"thumbnail":false,"medium":false,"medium_large":false,"large":false,"1536x1536":false,"2048x2048":false,"gform-image-choice-sm":false,"gform-image-choice-md":false,"gform-image-choice-lg":false},"uagb_author_info":{"display_name":"ArcticGlacier","author_link":"https:\/\/arcticglacier.com\/fr\/author\/ArcticGlacier\/"},"uagb_comment_info":0,"uagb_excerpt":"Chez Arctic Glacier\u00ae, nous produisons et livrons annuellement un milliard de kilos de glace sous plusieurs formes. Mais au bout du compte, Il y a une seule et unique chose au centre de notre production, l&#8217;Eau. &nbsp; Dans chacune de nos plus de 50 installations de production en Am\u00e9rique du Nord, tout tourne autour de&hellip;","_links":{"self":[{"href":"https:\/\/arcticglacier.com\/fr\/wp-json\/wp\/v2\/pages\/58378","targetHints":{"allow":["GET"]}}],"collection":[{"href":"https:\/\/arcticglacier.com\/fr\/wp-json\/wp\/v2\/pages"}],"about":[{"href":"https:\/\/arcticglacier.com\/fr\/wp-json\/wp\/v2\/types\/page"}],"author":[{"embeddable":true,"href":"https:\/\/arcticglacier.com\/fr\/wp-json\/wp\/v2\/users\/1"}],"replies":[{"embeddable":true,"href":"https:\/\/arcticglacier.com\/fr\/wp-json\/wp\/v2\/comments?post=58378"}],"version-history":[{"count":0,"href":"https:\/\/arcticglacier.com\/fr\/wp-json\/wp\/v2\/pages\/58378\/revisions"}],"wp:attachment":[{"href":"https:\/\/arcticglacier.com\/fr\/wp-json\/wp\/v2\/media?parent=58378"}],"curies":[{"name":"wp","href":"https:\/\/api.w.org\/{rel}","templated":true}]}}