 {"id":58179,"date":"2021-06-28T13:12:42","date_gmt":"2021-06-28T18:12:42","guid":{"rendered":"https:\/\/a294f68154.nxcli.io\/fr\/?page_id=58179"},"modified":"2023-07-10T14:16:08","modified_gmt":"2023-07-10T19:16:08","slug":"qui-nous-sommes","status":"publish","type":"page","link":"https:\/\/arcticglacier.com\/fr\/qui-nous-sommes\/","title":{"rendered":"Qui nous sommes"},"content":{"rendered":"\n<p>Depuis nos d\u00e9buts en 1882, ce qui nous motive c&#8217;est de vous donner la capacit\u00e9 d&#8217;impressionner et de s\u00e9duire vos invit\u00e9s en leur offrant de la glace de qualit\u00e9 clairement sup\u00e9rieure. Arctic Glacier<sup>\u00ae<\/sup> est compos\u00e9 d&#8217;une \u00e9quipe hautement qualifi\u00e9e, engag\u00e9e et d\u00e9termin\u00e9e qui a pour but d&#8217;en faire toujours plus pour tous nos partenaires. L&#8217;excellence des produits de qualit\u00e9, du service \u00e0 la client\u00e8le, du soutien marketing, de l&#8217;innovation et de la durabilit\u00e9 est ce qui fait que vous en <strong>APPORTEZ PLUS \u00c0 LA F\u00caTE<\/strong><strong>!<sup>\u2122<\/sup><\/strong><\/p>\n\n\n\n<figure class=\"wp-block-image size-full\"><img loading=\"lazy\" decoding=\"async\" width=\"2500\" height=\"701\" src=\"https:\/\/arcticglacier.com\/fr\/wp-content\/uploads\/sites\/4\/2023\/06\/18434-Arctic-Glacier-Timeline-Graphic-no-copy-June2023-French1-FNL.jpg\" alt=\"\" class=\"wp-image-91803\" srcset=\"https:\/\/arcticglacier.com\/fr\/wp-content\/uploads\/sites\/4\/2023\/06\/18434-Arctic-Glacier-Timeline-Graphic-no-copy-June2023-French1-FNL.jpg 2500w, https:\/\/arcticglacier.com\/fr\/wp-content\/uploads\/sites\/4\/2023\/06\/18434-Arctic-Glacier-Timeline-Graphic-no-copy-June2023-French1-FNL-300x84.jpg 300w, https:\/\/arcticglacier.com\/fr\/wp-content\/uploads\/sites\/4\/2023\/06\/18434-Arctic-Glacier-Timeline-Graphic-no-copy-June2023-French1-FNL-768x215.jpg 768w, https:\/\/arcticglacier.com\/fr\/wp-content\/uploads\/sites\/4\/2023\/06\/18434-Arctic-Glacier-Timeline-Graphic-no-copy-June2023-French1-FNL-1536x431.jpg 1536w, https:\/\/arcticglacier.com\/fr\/wp-content\/uploads\/sites\/4\/2023\/06\/18434-Arctic-Glacier-Timeline-Graphic-no-copy-June2023-French1-FNL-2048x574.jpg 2048w\" sizes=\"auto, (max-width: 2500px) 100vw, 2500px\" \/><\/figure>\n\n\n\n<p><strong>Notre capacit\u00e9. Votre avantage.<\/strong><br>En tant que chef de file en Am\u00e9rique du Nord pour la production de glace de qualit\u00e9 sup\u00e9rieure et des services de glace, Arctic Glacier<sup>\u00ae<\/sup>&nbsp;procure \u00e0 ses clients la qualit\u00e9 \u00e0 une \u00e9chelle in\u00e9gal\u00e9e dans l&#8217;industrie. Nous produisons un milliard de kilos annuellement et desservons 75&nbsp;000&nbsp;emplacements \u00e0 travers l&#8217;Am\u00e9rique du Nord, gr\u00e2ce \u00e0 notre flotte de plus de 1&nbsp;000&nbsp;camions. Plus important encore, nos ressources et notre grande capacit\u00e9 nous permettent de produire et livrer la glace la plus pure et la plus claire du monde.<\/p>\n\n\n\n<figure class=\"wp-block-image\"><img loading=\"lazy\" decoding=\"async\" width=\"1022\" height=\"1024\" src=\"https:\/\/arcticglacier.com\/fr\/wp-content\/uploads\/sites\/4\/2023\/04\/Our-Reach_1080.bringing-more-to-party-3French-1-1022x1024.png\" alt=\"\" class=\"wp-image-91293\" srcset=\"https:\/\/arcticglacier.com\/fr\/wp-content\/uploads\/sites\/4\/2023\/04\/Our-Reach_1080.bringing-more-to-party-3French-1-1022x1024.png 1022w, https:\/\/arcticglacier.com\/fr\/wp-content\/uploads\/sites\/4\/2023\/04\/Our-Reach_1080.bringing-more-to-party-3French-1-300x300.png 300w, https:\/\/arcticglacier.com\/fr\/wp-content\/uploads\/sites\/4\/2023\/04\/Our-Reach_1080.bringing-more-to-party-3French-1-150x150.png 150w, https:\/\/arcticglacier.com\/fr\/wp-content\/uploads\/sites\/4\/2023\/04\/Our-Reach_1080.bringing-more-to-party-3French-1-768x770.png 768w, https:\/\/arcticglacier.com\/fr\/wp-content\/uploads\/sites\/4\/2023\/04\/Our-Reach_1080.bringing-more-to-party-3French-1.png 1501w\" sizes=\"auto, (max-width: 1022px) 100vw, 1022px\" \/><\/figure>\n\n\n\n<p>De l&#8217;expertise \u00e0 la technologie, en passant par nos solutions de marchandisage percutantes, nous avons les comp\u00e9tences en gestion de cat\u00e9gorie pour r\u00e9soudre de mani\u00e8re proactive les d\u00e9fis auxquels font face nos clients, gr\u00e2ce \u00e0 nos offres de marques. Nous cr\u00e9ons de la valeur pour nos clients parce que nous comprenons leurs besoins d&#8217;affaires et avons fait des investissements significatifs pour les soutenir dans l&#8217;attente de leurs buts.<\/p>\n\n\n\n<p><a href=\"https:\/\/arcticglacier.com\/fr\/contactez-nous\/\">Devenons partenaires<\/a><\/p>\n","protected":false},"excerpt":{"rendered":"<p>Depuis nos d\u00e9buts en 1882, ce qui nous motive c&#8217;est de vous donner la capacit\u00e9 d&#8217;impressionner et de s\u00e9duire vos invit\u00e9s en leur offrant de la glace de qualit\u00e9 clairement sup\u00e9rieure. Arctic Glacier\u00ae est compos\u00e9 d&#8217;une \u00e9quipe hautement qualifi\u00e9e, engag\u00e9e et d\u00e9termin\u00e9e qui a pour but d&#8217;en faire toujours plus pour tous nos partenaires. L&#8217;excellence [&hellip;]<\/p>\n","protected":false},"author":1,"featured_media":0,"parent":0,"menu_order":0,"comment_status":"closed","ping_status":"closed","template":"template-fullwidth.php","meta":{"_acf_changed":false,"_uag_custom_page_level_css":"","ub_ctt_via":"","footnotes":""},"class_list":["post-58179","page","type-page","status-publish","hentry"],"acf":[],"featured_image_src":null,"uagb_featured_image_src":{"full":false,"thumbnail":false,"medium":false,"medium_large":false,"large":false,"1536x1536":false,"2048x2048":false,"gform-image-choice-sm":false,"gform-image-choice-md":false,"gform-image-choice-lg":false},"uagb_author_info":{"display_name":"ArcticGlacier","author_link":"https:\/\/arcticglacier.com\/fr\/author\/ArcticGlacier\/"},"uagb_comment_info":0,"uagb_excerpt":"Depuis nos d\u00e9buts en 1882, ce qui nous motive c&#8217;est de vous donner la capacit\u00e9 d&#8217;impressionner et de s\u00e9duire vos invit\u00e9s en leur offrant de la glace de qualit\u00e9 clairement sup\u00e9rieure. Arctic Glacier\u00ae est compos\u00e9 d&#8217;une \u00e9quipe hautement qualifi\u00e9e, engag\u00e9e et d\u00e9termin\u00e9e qui a pour but d&#8217;en faire toujours plus pour tous nos partenaires. L&#8217;excellence&hellip;","_links":{"self":[{"href":"https:\/\/arcticglacier.com\/fr\/wp-json\/wp\/v2\/pages\/58179","targetHints":{"allow":["GET"]}}],"collection":[{"href":"https:\/\/arcticglacier.com\/fr\/wp-json\/wp\/v2\/pages"}],"about":[{"href":"https:\/\/arcticglacier.com\/fr\/wp-json\/wp\/v2\/types\/page"}],"author":[{"embeddable":true,"href":"https:\/\/arcticglacier.com\/fr\/wp-json\/wp\/v2\/users\/1"}],"replies":[{"embeddable":true,"href":"https:\/\/arcticglacier.com\/fr\/wp-json\/wp\/v2\/comments?post=58179"}],"version-history":[{"count":0,"href":"https:\/\/arcticglacier.com\/fr\/wp-json\/wp\/v2\/pages\/58179\/revisions"}],"wp:attachment":[{"href":"https:\/\/arcticglacier.com\/fr\/wp-json\/wp\/v2\/media?parent=58179"}],"curies":[{"name":"wp","href":"https:\/\/api.w.org\/{rel}","templated":true}]}}