 {"id":57917,"date":"2021-06-21T10:05:07","date_gmt":"2021-06-21T15:05:07","guid":{"rendered":"https:\/\/a294f68154.nxcli.io\/fr\/?page_id=57917"},"modified":"2023-07-10T14:20:28","modified_gmt":"2023-07-10T19:20:28","slug":"carrieres","status":"publish","type":"page","link":"https:\/\/arcticglacier.com\/fr\/carrieres\/","title":{"rendered":"Carri\u00e8res"},"content":{"rendered":"\n<p>Apportez plus \u00e0 votre carri\u00e8re avec de bons avantages et une r\u00e9mun\u00e9ration comp\u00e9titive!<\/p>\n\n\n\n<p>Notre parcours pour devenir le chef de file de la fabrication et la distribution de glace emball\u00e9e de premi\u00e8re qualit\u00e9 ne serait pas complet sans les personnes fantastiques qui le rendent possible. Nous travaillons ensemble pour cr\u00e9er une culture o\u00f9 chacun se sent chez lui. Cet environnement de travail inclusif encourage notre \u00e9quipe diversifi\u00e9e \u00e0 promouvoir le service \u00e0 la client\u00e8le et stimuler la croissance. Bien que nous venions d&#8217;horizons diff\u00e9rents, nous partageons tous les m\u00eames valeurs de bonne \u00e9thique de travail, d&#8217;int\u00e9grit\u00e9, de collaboration et de respect.<\/p>\n\n\n\n<div style=\"height:23px\" aria-hidden=\"true\" class=\"wp-block-spacer\"><\/div>\n\n\n\n<figure class=\"wp-block-image size-full is-resized\"><img loading=\"lazy\" decoding=\"async\" src=\"https:\/\/arcticglacier.com\/fr\/wp-content\/uploads\/sites\/4\/2023\/06\/18360-AG-Truck-Career-June2023-FrenchFNL-1.jpg\" alt=\"\" class=\"wp-image-91834\" width=\"572\" height=\"301\" srcset=\"https:\/\/arcticglacier.com\/fr\/wp-content\/uploads\/sites\/4\/2023\/06\/18360-AG-Truck-Career-June2023-FrenchFNL-1.jpg 655w, https:\/\/arcticglacier.com\/fr\/wp-content\/uploads\/sites\/4\/2023\/06\/18360-AG-Truck-Career-June2023-FrenchFNL-1-300x158.jpg 300w\" sizes=\"auto, (max-width: 572px) 100vw, 572px\" \/><\/figure>\n\n\n\n<h4 class=\"wp-block-heading\"><strong>CONDUCTEURS<\/strong><\/h4>\n\n\n\n<p>Travail n\u00e9cessitant un permis de conduire classe&nbsp;1, non, temps plein, temps partiel ou saisonnier. Retour \u00e0 la maison chaque soir. Travail pr\u00e9visible, local et r\u00e9gulier!<\/p>\n\n\n\n<div class=\"wp-block-buttons is-layout-flex wp-block-buttons-is-layout-flex\">\n<div class=\"wp-block-button\"><a class=\"wp-block-button__link has-white-color has-text-color has-background wp-element-button\" href=\"https:\/\/intelliapp.driverapponline.com\/c\/arcticglacier?r=website&amp;uri_b=ia_arcticglacier_2008632711\" style=\"border-radius:5px;background:linear-gradient(90deg,rgb(40,67,144) 0%,rgb(6,147,227) 100%)\" target=\"_blank\" rel=\"noreferrer noopener\"><strong><strong>Rechercher<\/strong><strong> des emplois de conducteurs<\/strong><\/strong><\/a><\/div>\n<\/div>\n\n\n\n<div style=\"height:50px\" aria-hidden=\"true\" class=\"wp-block-spacer\"><\/div>\n\n\n\n<figure class=\"wp-block-image size-full\"><img loading=\"lazy\" decoding=\"async\" width=\"653\" height=\"416\" src=\"https:\/\/arcticglacier.com\/fr\/wp-content\/uploads\/sites\/4\/2023\/06\/PeopleOnPhoneFR.png\" alt=\"\" class=\"wp-image-91947\" srcset=\"https:\/\/arcticglacier.com\/fr\/wp-content\/uploads\/sites\/4\/2023\/06\/PeopleOnPhoneFR.png 653w, https:\/\/arcticglacier.com\/fr\/wp-content\/uploads\/sites\/4\/2023\/06\/PeopleOnPhoneFR-300x191.png 300w\" sizes=\"auto, (max-width: 653px) 100vw, 653px\" \/><\/figure>\n\n\n\n<p><strong>AUTRES EMPLOIS<\/strong><\/p>\n\n\n\n<p>Vous venez peut-\u00eatre ici pour une bonne opportunit\u00e9 d\u2019emploi, mais vous y resterez pour le travail gratifiant, les gens incroyables, la culture d\u00e9contract\u00e9e et le bon salaire!<\/p>\n\n\n\n<div class=\"wp-block-buttons is-layout-flex wp-block-buttons-is-layout-flex\">\n<div class=\"wp-block-button\"><a class=\"wp-block-button__link has-white-color has-text-color has-background wp-element-button\" href=\"https:\/\/recruiting.ultipro.com\/ARC1031ARTG\/JobBoard\/61f7bd10-0b7a-4b85-9dc8-3bdd745daeb1\/?q=&amp;o=postedDateDesc&amp;w=&amp;wc=&amp;we=&amp;wpst=\" style=\"border-radius:5px;background:linear-gradient(90deg,rgb(40,67,144) 0%,rgb(6,147,227) 100%)\" target=\"_blank\" rel=\"noreferrer noopener\"><strong>Voir<\/strong><strong> les opportunit\u00e9s d\u2019emploi<\/strong><\/a><\/div>\n<\/div>\n\n\n\n<div style=\"height:25px\" aria-hidden=\"true\" class=\"wp-block-spacer\"><\/div>\n\n\n<p><span style=\"font-size: 20px;\"><strong>D\u00e9couvrez la fa\u00e7on Arctic Glacier<sup>\u00ae<\/sup>, notre politique du client avant tout \u00e0 laquelle nous tenons jour apr\u00e8s jour. <\/strong><\/span><\/p>\n<p><img loading=\"lazy\" decoding=\"async\" class=\"alignnone wp-image-91305 size-large\" src=\"https:\/\/arcticglacier.com\/fr\/wp-content\/uploads\/sites\/4\/2023\/04\/Arctic-Glacier-Way-Graphic-FRENCH-807x1024.png\" alt=\"\" width=\"807\" height=\"1024\" srcset=\"https:\/\/arcticglacier.com\/fr\/wp-content\/uploads\/sites\/4\/2023\/04\/Arctic-Glacier-Way-Graphic-FRENCH-807x1024.png 807w, https:\/\/arcticglacier.com\/fr\/wp-content\/uploads\/sites\/4\/2023\/04\/Arctic-Glacier-Way-Graphic-FRENCH-236x300.png 236w, https:\/\/arcticglacier.com\/fr\/wp-content\/uploads\/sites\/4\/2023\/04\/Arctic-Glacier-Way-Graphic-FRENCH-768x975.png 768w, https:\/\/arcticglacier.com\/fr\/wp-content\/uploads\/sites\/4\/2023\/04\/Arctic-Glacier-Way-Graphic-FRENCH-1210x1536.png 1210w, https:\/\/arcticglacier.com\/fr\/wp-content\/uploads\/sites\/4\/2023\/04\/Arctic-Glacier-Way-Graphic-FRENCH-1613x2048.png 1613w, https:\/\/arcticglacier.com\/fr\/wp-content\/uploads\/sites\/4\/2023\/04\/Arctic-Glacier-Way-Graphic-FRENCH.png 1970w\" sizes=\"auto, (max-width: 807px) 100vw, 807px\" \/><\/p>\n<p>\u00c7a a l\u2019air int\u00e9ressant? Joignez-vous \u00e0 notre \u00e9quipe et d\u00e9couvrez ce qui se cache sous la surface!<\/p>\n<p><strong>(833) ICE-3131<\/strong><\/p>\n\n\n<p><strong>ALERTE DE FRAUDE AU RECRUTEMENT<\/strong><\/p>\n\n\n\n<p>Nous sommes au courant qu\u2019il y a des fraudes au recrutement faites par des escrocs qui se font passer pour des repr\u00e9sentants d\u2019Arctic Glacier.<\/p>\n\n\n\n<p>Ce genre de fraude passe souvent par les services en ligne, entre autres par de faux sites internet, de faux comptes de m\u00e9dias sociaux, les sites de recrutements en ligne, des messages textes et des courriels qui pr\u00e9tendent faussement venir d\u2019Arctic Glacier.&nbsp; Les victimes peuvent recevoir des messages leur demandant de fournir des informations personnelles et ultimement des informations financi\u00e8res.&nbsp;Les documents frauduleux peuvent para\u00eetre l\u00e9gitimes et peuvent inclure des descriptions d\u2019emploi, de salaires et\/ou des d\u00e9tails sur des ensembles d&#8217;avantages sociaux.<\/p>\n\n\n\n<p>Il peut m\u00eame y avoir des entrevues fictives et\/ou des tests d\u2019aptitudes.&nbsp;Suite \u00e0 la pr\u00e9sentation d\u2019une offre fictive, ces individus demandent souvent le paiement de divers articles.&nbsp;Ceci peut m\u00eame inclure l\u2019envoi d\u2019un paiement contrefait qui a l\u2019apparence d\u2019un ch\u00e8que d\u2019Arctic Glacier, et demandant que des fournitures soient achet\u00e9es d\u2019un faux fournisseur sp\u00e9cifique ou qu\u2019une partie du paiement soit transf\u00e9r\u00e9 \u00e0 une tierce partie. Ces ch\u00e8ques ne sont pas l\u00e9gitimes et seront refus\u00e9s par l\u2019institution financi\u00e8re et l\u2019argent sera, au final, retir\u00e9 de votre compte.&nbsp;<\/p>\n\n\n\n<ul>\r\n<li>\r\n<p>Arctic Glacier ne demandera jamais \u00e0 un employ\u00e9 potentiel de faire un paiement pour quoi que ce soit, n\u2019enverra jamais de ch\u00e8que aux candidats pour acheter des fournitures ou engager des d\u00e9penses, le processus de recrutement ne demande en aucun temps aux candidats de payer quoi que ce soit \u00e0 qui que ce soit.<\/p>\r\n<\/li>\r\n<li>\r\n<p>Arctic Glacier ne demandera jamais aux candidats potentiels de fournir des informations financi\u00e8res sensibles pendant le processus de recrutement<\/p>\r\n<\/li>\n\n\n\n\n\n<li>\n<p>Les emplois disponibles chez Arctic Glacier sont affich\u00e9s \u00e0 la section carri\u00e8res de notre site. Une offre d\u2019emploi d\u00e9crite dans un courriel ou un site internet et qui n\u2019est pas aussi affich\u00e9e au <a href=\"https:\/\/arcticglacier.com\/fr\/carrieres\/\">https:\/\/arcticglacier.com\/fr\/carrieres\/<\/a> n&#8217;est pas l\u00e9gitime.<\/p>\n<\/li>\n<li>\n<p>L\u2019\u00e9quipe de recrutement d\u2019Arctic Glacier n\u2019utilise jamais d\u2019adresse courriel g\u00e9n\u00e9rique comme gmail\/yahoo ou autres, les courriels viennent tous du domaine @arcticglacier.com.<\/p>\n<\/li>\n\n\n\n<p>Si vous croyez avoir \u00e9t\u00e9 victime d\u2019une activit\u00e9 frauduleuse, nous vous conseillons de contacter l\u2019autorit\u00e9 charg\u00e9e de l\u2019application de la loi imm\u00e9diatement.&nbsp; Si vous pensez avoir \u00e9t\u00e9 contact\u00e9 par un fraudeur se faisant passer pour un repr\u00e9sentant d\u2019Arctic Glacier, veuillez nous \u00e9crire au <a href=\"mailto:info@arcticglacier.com\">info@arcticglacier.com<\/a>.<\/p>\n\n\n\n<p>De bons avantages et un salaire comp\u00e9titif? Ce n\u2019est que la pointe de l\u2019iceberg!<\/p>\n","protected":false},"excerpt":{"rendered":"<p>Apportez plus \u00e0 votre carri\u00e8re avec de bons avantages et une r\u00e9mun\u00e9ration comp\u00e9titive! Notre parcours pour devenir le chef de file de la fabrication et la distribution de glace emball\u00e9e de premi\u00e8re qualit\u00e9 ne serait pas complet sans les personnes fantastiques qui le rendent possible. Nous travaillons ensemble pour cr\u00e9er une culture o\u00f9 chacun se [&hellip;]<\/p>\n","protected":false},"author":1,"featured_media":0,"parent":0,"menu_order":0,"comment_status":"closed","ping_status":"closed","template":"template-2column.php","meta":{"_acf_changed":false,"_uag_custom_page_level_css":"","ub_ctt_via":"","footnotes":""},"class_list":["post-57917","page","type-page","status-publish","hentry"],"acf":[],"featured_image_src":null,"uagb_featured_image_src":{"full":false,"thumbnail":false,"medium":false,"medium_large":false,"large":false,"1536x1536":false,"2048x2048":false,"gform-image-choice-sm":false,"gform-image-choice-md":false,"gform-image-choice-lg":false},"uagb_author_info":{"display_name":"ArcticGlacier","author_link":"https:\/\/arcticglacier.com\/fr\/author\/ArcticGlacier\/"},"uagb_comment_info":0,"uagb_excerpt":"Apportez plus \u00e0 votre carri\u00e8re avec de bons avantages et une r\u00e9mun\u00e9ration comp\u00e9titive! Notre parcours pour devenir le chef de file de la fabrication et la distribution de glace emball\u00e9e de premi\u00e8re qualit\u00e9 ne serait pas complet sans les personnes fantastiques qui le rendent possible. Nous travaillons ensemble pour cr\u00e9er une culture o\u00f9 chacun se&hellip;","_links":{"self":[{"href":"https:\/\/arcticglacier.com\/fr\/wp-json\/wp\/v2\/pages\/57917","targetHints":{"allow":["GET"]}}],"collection":[{"href":"https:\/\/arcticglacier.com\/fr\/wp-json\/wp\/v2\/pages"}],"about":[{"href":"https:\/\/arcticglacier.com\/fr\/wp-json\/wp\/v2\/types\/page"}],"author":[{"embeddable":true,"href":"https:\/\/arcticglacier.com\/fr\/wp-json\/wp\/v2\/users\/1"}],"replies":[{"embeddable":true,"href":"https:\/\/arcticglacier.com\/fr\/wp-json\/wp\/v2\/comments?post=57917"}],"version-history":[{"count":0,"href":"https:\/\/arcticglacier.com\/fr\/wp-json\/wp\/v2\/pages\/57917\/revisions"}],"wp:attachment":[{"href":"https:\/\/arcticglacier.com\/fr\/wp-json\/wp\/v2\/media?parent=57917"}],"curies":[{"name":"wp","href":"https:\/\/api.w.org\/{rel}","templated":true}]}}