 {"id":57911,"date":"2021-06-21T09:29:11","date_gmt":"2021-06-21T14:29:11","guid":{"rendered":"https:\/\/a294f68154.nxcli.io\/fr\/?page_id=57911"},"modified":"2025-09-12T10:10:06","modified_gmt":"2025-09-12T15:10:06","slug":"contactez-nous","status":"publish","type":"page","link":"https:\/\/arcticglacier.com\/fr\/contactez-nous\/","title":{"rendered":"Contactez-nous"},"content":{"rendered":"\n<h3 class=\"wp-block-heading\">&nbsp;<\/h3>\n\n\n\n<h3 class=\"wp-block-heading\">Parlons glace<\/h3>\n\n\n\n<div class=\"wp-block-spacer\" style=\"height: 20px;\" aria-hidden=\"true\">\u00a0<\/div>\n\n\n\n<p><span style=\"font-size: 20px;\"><strong>Renseignements d\u2019affaires et g\u00e9n\u00e9raux<\/strong><\/span><\/p>\n\n\n\n<p>\u00cates-vous \u00e0 la recherche d&#8217;un nouveau fournisseur de glace ou \u00eates-vous pr\u00eat \u00e0 ajouter de la glace \u00e0 votre gamme de produits ? Chez Arctic Glacier, nous avons une gamme compl\u00e8te de produits de glace emball\u00e9s de qualit\u00e9 sup\u00e9rieure et une \u00e9quipe qualifi\u00e9e pour vous aider \u00e0 la livrer \u00e0 votre porte.<br>Que vous soyez int\u00e9ress\u00e9 par notre gamme de produits ou services de glace de qualit\u00e9 ou que vous souhaitiez simplement discuter, nous serions ravis de vous parler. Veuillez nous envoyer une note en utilisant le formulaire <br>ci-dessous afin que nous puissions commencer la conversation<\/p>\n\n\n\n<p><strong><a href=\"https:\/\/arcticglacier.com\/fr\/renseignements-generaux\/\"><strong><span style=\"font-size: 20px;\">Cliquer ici<\/span><\/strong><\/a><\/strong><\/p>\n\n\n\n<div class=\"wp-block-spacer\" style=\"height: 20px;\" aria-hidden=\"true\">\u00a0<\/div>\n\n\n\n<p><span style=\"font-size: 20px;\"><strong>Demander une v\u00e9rification d\u2019emploi DOT <\/strong><\/span><\/p>\n\n\n\n<p><strong><span style=\"font-size: 20px;\"><a href=\"https:\/\/dashboard.tenstreet.com\/company_signup\/\" target=\"_blank\" rel=\"noreferrer noopener\">Cliquer ici<\/a><\/span><\/strong><\/p>\n\n\n\n<div class=\"wp-block-spacer\" style=\"height: 20px;\" aria-hidden=\"true\">\u00a0<\/div>\n\n\n\n<p><span style=\"font-size: 20px;\"><strong>Renseignements RH<\/strong><\/span><\/p>\n\n\n\n<p class=\"has-text-align-left\">Nous sommes peut-\u00eatre connus pour notre ambiance d\u00e9contract\u00e9e, mais nous sommes toujours \u00e0 la recherche de fonceurs avec des comp\u00e9tences et un engagement envers le service \u00e0 la client\u00e8le. D\u00e9couvrez comment vous pouvez vous joindre \u00e0 notre \u00e9quipe en nous envoyant votre curriculum vitae ou en consultant les offres d&#8217;emploi sur notre site internet.<\/p>\n\n\n\n<p><a href=\"https:\/\/arcticglacier.com\/fr\/renseignements-rh\/\"><strong><span style=\"font-size: 20px;\">Cliquer ici<\/span><\/strong><\/a><\/p>\n\n\n\n<p>&nbsp;<\/p>\n\n\n\n<div style=\"height:20px\" aria-hidden=\"true\" class=\"wp-block-spacer\"><\/div>\n\n\n\n<h3 class=\"wp-block-heading\">PAYER EN LIGNE<\/h3>\n\n\n\n<!DOCTYPE html>\n<html lang=\"en\">\n<head>\n    <meta charset=\"UTF-8\">\n    <meta name=\"viewport\" content=\"width=device-width, initial-scale=1.0\">\n    <title>Arctic Glacier Pay Online<\/title>\n    <style>\n        body {\n            font-family: Arial, sans-serif;\n            padding: 20px;\n            background-color: #f5f5f5;\n        }\n        .contact-section {\n            background: white;\n            margin-bottom: 30px;\n            padding: 20px;\n            border-radius: 8px;\n            box-shadow: 0 2px 4px rgba(0,0,0,0.1);\n        }\n        .wp-block-table {\n            width: 100%;\n            margin: 0;\n        }\n        .wp-block-table table {\n            width: 100%;\n            border-collapse: collapse;\n            table-layout: fixed;\n        }\n        .wp-block-table td {\n            width: 50%;\n            padding: 20px;\n            vertical-align: top;\n            border: 1px solid #e0e0e0;\n        }\n        .wp-block-table p {\n            margin: 8px 0;\n            font-size: 18px;\n            text-align: left;\n        }\n        .wp-block-table p:first-child {\n            margin-top: 0;\n            font-weight: bold;\n            color: #2c5aa0;\n            margin-bottom: 15px;\n        }\n        .contact-phone {\n            font-weight: bold;\n            color: #d32f2f;\n        }\n    <\/style>\n<\/head>\n<body>\n    <div class=\"contact-section\">\n        <figure class=\"wp-block-table\">\n            <table>\n                <tbody>\n                    <tr>\n                        <td>\n                            <p>Clients Am\u00e9ricains<\/p>\n                            <a href=\"https:\/\/www.e-billexpress.com\/ebpp\/AG\/Login\">AG Login<\/a>\n                        <\/td>\n                        <td>\n                            <p>Clients Canadiens<\/p>\n                            <a href=\"https:\/\/imweb.billtrust.com\/clientconnect.php\">BillTrust<\/a>\n                        <\/td>\n                    <\/tr>\n                <\/tbody>\n            <\/table>\n        <\/figure>\n    <\/div>\n<\/body>\n<\/html>\n\n\n\n<h3 class=\"wp-block-heading\">ADRESSES DE RABAIS<\/h3>\n\n\n\n<!DOCTYPE html>\n<html lang=\"en\">\n<head>\n    <meta charset=\"UTF-8\">\n    <meta name=\"viewport\" content=\"width=device-width, initial-scale=1.0\">\n    <title>Arctic Glacier Remit Addresses<\/title>\n    <style>\n        body {\n            font-family: Arial, sans-serif;\n            padding: 20px;\n            background-color: #f5f5f5;\n        }\n        .contact-section {\n            background: white;\n            margin-bottom: 30px;\n            padding: 20px;\n            border-radius: 8px;\n            box-shadow: 0 2px 4px rgba(0,0,0,0.1);\n        }\n        .wp-block-table {\n            width: 100%;\n            margin: 0;\n        }\n        .wp-block-table table {\n            width: 100%;\n            border-collapse: collapse;\n            table-layout: fixed;\n        }\n        .wp-block-table td {\n            width: 50%;\n            padding: 20px;\n            vertical-align: top;\n            border: 1px solid #e0e0e0;\n        }\n        .wp-block-table p {\n            margin: 8px 0;\n            font-size: 18px;\n            text-align: left;\n        }\n        .wp-block-table p:first-child {\n            margin-top: 0;\n            font-weight: bold;\n            color: #2c5aa0;\n            margin-bottom: 15px;\n        }\n        .contact-phone {\n            font-weight: bold;\n            color: #d32f2f;\n        }\n    <\/style>\n<\/head>\n<body>\n    <div class=\"contact-section\">\n        <figure class=\"wp-block-table\">\n            <table>\n                <tbody>\n                    <tr>\n                        <td>\n                            <p>Adresse de remise aux \u00c9tats-Unis<\/p>\n                            <p>Arctic Glacier<\/p>\n                            <p>PO Box 856530<\/p>\n                            <p>Minneapolis MN 55485-6530<\/p>\n                            <p>Toll Free: <span class=\"contact-phone\">800-562-1990<\/span><\/p>\n                        <\/td>\n                        <td>\n                            <p>Adresse de remise au Canada<\/p>\n                            <p>Main Post Office C\/O W8117<\/p>\n                            <p>Winnipeg MB R3C 4W7<\/p>\n                            <p>PO BOX 8117<\/p>\n                            <p>Toll Free: <span class=\"contact-phone\">888-736-4423<\/span><\/p>\n                        <\/td>\n                    <\/tr>\n                <\/tbody>\n            <\/table>\n        <\/figure>\n    <\/div>\n<\/body>\n<\/html>\n\n\n\n<h3 class=\"wp-block-heading\">BUREAUX ADMINISTRATIFS<\/h3>\n\n\n\n<!DOCTYPE html>\n<html lang=\"en\">\n<head>\n    <meta charset=\"UTF-8\">\n    <meta name=\"viewport\" content=\"width=device-width, initial-scale=1.0\">\n    <title>Arctic Glacier Contact Information<\/title>\n    <style>\n        body {\n            font-family: Arial, sans-serif;\n            padding: 0 20px 20px 20px;\n            background-color: #f5f5f5;\n        }\n        .contact-section {\n            background: white;\n            margin-bottom: 30px;\n            padding: 20px;\n            border-radius: 8px;\n            box-shadow: 0 2px 4px rgba(0,0,0,0.1);\n        }\n        .wp-block-table {\n            width: 100%;\n            margin: 0;\n        }\n        .wp-block-table table {\n            width: 100%;\n            border-collapse: collapse;\n            table-layout: fixed;\n        }\n        .wp-block-table td {\n            width: 50%;\n            padding: 20px;\n            vertical-align: top;\n            border: 1px solid #e0e0e0;\n        }\n        .wp-block-table p {\n            margin: 8px 0;\n            font-size: 18px;\n            text-align: left;\n        }\n        .wp-block-table p:first-child {\n            margin-top: 0;\n            font-weight: bold;\n            color: #2c5aa0;\n            margin-bottom: 15px;\n        }\n        .contact-phone {\n            font-weight: bold;\n            color: #d32f2f;\n        }\n    <\/style>\n<\/head>\n<body>\n    <div class=\"contact-section\">\n        <figure class=\"wp-block-table\">\n            <table>\n                <tbody>\n                    <tr>\n                        <td>\n                            <p>US<\/p>\n                            <p>307 23rd St Ext<\/p>\n                            <p>Ste 950 DPT #EXPA1183<\/p>\n                            <p>Sharpsburg, PA 15215<\/p>\n                            <p>Toll Free: <span class=\"contact-phone\">800-562-1990<\/span><\/p>\n                        <\/td>\n                        <td>\n                            <p>CANADA<\/p>\n                            <p>625 Henry Ave, Winnipeg, MB<\/p>\n                            <p>R3A 0V1 Canada<\/p>\n                            <p>Toll Free: <span class=\"contact-phone\">888-736-4423<\/span><\/p>\n                        <\/td>\n                    <\/tr>\n                <\/tbody>\n            <\/table>\n        <\/figure>\n    <\/div>\n<\/body>\n<\/html>\n","protected":false},"excerpt":{"rendered":"<p>&nbsp; Parlons glace Renseignements d\u2019affaires et g\u00e9n\u00e9raux \u00cates-vous \u00e0 la recherche d&#8217;un nouveau fournisseur de glace ou \u00eates-vous pr\u00eat \u00e0 ajouter de la glace \u00e0 votre gamme de produits ? Chez Arctic Glacier, nous avons une gamme compl\u00e8te de produits de glace emball\u00e9s de qualit\u00e9 sup\u00e9rieure et une \u00e9quipe qualifi\u00e9e pour vous aider \u00e0 la [&hellip;]<\/p>\n","protected":false},"author":1,"featured_media":0,"parent":0,"menu_order":0,"comment_status":"closed","ping_status":"closed","template":"template-2column.php","meta":{"_acf_changed":false,"_uag_custom_page_level_css":"","ub_ctt_via":"","footnotes":""},"class_list":["post-57911","page","type-page","status-publish","hentry"],"acf":[],"featured_image_src":null,"uagb_featured_image_src":{"full":false,"thumbnail":false,"medium":false,"medium_large":false,"large":false,"1536x1536":false,"2048x2048":false,"gform-image-choice-sm":false,"gform-image-choice-md":false,"gform-image-choice-lg":false},"uagb_author_info":{"display_name":"ArcticGlacier","author_link":"https:\/\/arcticglacier.com\/fr\/author\/ArcticGlacier\/"},"uagb_comment_info":0,"uagb_excerpt":"&nbsp; Parlons glace Renseignements d\u2019affaires et g\u00e9n\u00e9raux \u00cates-vous \u00e0 la recherche d&#8217;un nouveau fournisseur de glace ou \u00eates-vous pr\u00eat \u00e0 ajouter de la glace \u00e0 votre gamme de produits ? Chez Arctic Glacier, nous avons une gamme compl\u00e8te de produits de glace emball\u00e9s de qualit\u00e9 sup\u00e9rieure et une \u00e9quipe qualifi\u00e9e pour vous aider \u00e0 la&hellip;","_links":{"self":[{"href":"https:\/\/arcticglacier.com\/fr\/wp-json\/wp\/v2\/pages\/57911","targetHints":{"allow":["GET"]}}],"collection":[{"href":"https:\/\/arcticglacier.com\/fr\/wp-json\/wp\/v2\/pages"}],"about":[{"href":"https:\/\/arcticglacier.com\/fr\/wp-json\/wp\/v2\/types\/page"}],"author":[{"embeddable":true,"href":"https:\/\/arcticglacier.com\/fr\/wp-json\/wp\/v2\/users\/1"}],"replies":[{"embeddable":true,"href":"https:\/\/arcticglacier.com\/fr\/wp-json\/wp\/v2\/comments?post=57911"}],"version-history":[{"count":0,"href":"https:\/\/arcticglacier.com\/fr\/wp-json\/wp\/v2\/pages\/57911\/revisions"}],"wp:attachment":[{"href":"https:\/\/arcticglacier.com\/fr\/wp-json\/wp\/v2\/media?parent=57911"}],"curies":[{"name":"wp","href":"https:\/\/api.w.org\/{rel}","templated":true}]}}