 {"id":57907,"date":"2021-06-20T21:33:23","date_gmt":"2021-06-21T02:33:23","guid":{"rendered":"https:\/\/a294f68154.nxcli.io\/fr\/?page_id=57907"},"modified":"2023-06-28T01:21:26","modified_gmt":"2023-06-28T06:21:26","slug":"evenements","status":"publish","type":"page","link":"https:\/\/arcticglacier.com\/fr\/specialtes\/evenements\/","title":{"rendered":"\u00c9v\u00e9nements"},"content":{"rendered":"\n<p><strong>Vous planifiez un \u00e9v\u00e9nement? Nous y serons.<\/strong><\/p>\n\n\n\n<p>Glace concass\u00e9e ou en cube, ou encore les blocs de glace pour la sculpture, nos experts ont ce qu&#8217;il faut pour livrer de la glace cristalline de qualit\u00e9 \u00e0 votre \u00e9v\u00e9nement, juste au bon moment, ni trop t\u00f4t, ni trop tard, pour que vous ayez la qualit\u00e9 et la quantit\u00e9 dont vous avez besoin, quand vous en avez besoin. \u00c0 certains endroits, nous pouvons m\u00eame laisser des remorques, si vous avez besoin de plus d&#8217;espace r\u00e9frig\u00e9r\u00e9 pour votre \u00e9v\u00e9nement.<\/p>\n\n\n\n<p>Par exemple, nous avons r\u00e9cemment fourni une tonne de glace pour un bain de glace ext\u00e9rieur o\u00f9 il y avait 300&nbsp;participants. Vous avez la cr\u00e9ativit\u00e9, nous avons la glace!<\/p>\n\n\n\n<p>Laissez faire le ramassage et laissez-nous faire les d\u00e9marches, afin que votre concert, triathlon, \u00e9v\u00e9nement sportif, mariage, f\u00eate priv\u00e9e, r\u00e9union d&#8217;affaires, c\u00e9l\u00e9bration de bain de glace ou autre rassemblement puisse aller comme sur des roulettes.<\/p>\n\n\n\n<p><strong>Avez-vous un \u00e9v\u00e9nement pour lequel vous aurez besoin de glace?<\/strong><\/p>\n\n\n\n<p><a href=\"https:\/\/arcticglacier.com\/business-inquiries\/\">Cliquez Ici<\/a><\/p>\n\n\n\n<div class=\"wp-block-spacer\" style=\"height: 150px;\" aria-hidden=\"true\">\u00a0<\/div>\n","protected":false},"excerpt":{"rendered":"<p>Vous planifiez un \u00e9v\u00e9nement? Nous y serons. Glace concass\u00e9e ou en cube, ou encore les blocs de glace pour la sculpture, nos experts ont ce qu&#8217;il faut pour livrer de la glace cristalline de qualit\u00e9 \u00e0 votre \u00e9v\u00e9nement, juste au bon moment, ni trop t\u00f4t, ni trop tard, pour que vous ayez la qualit\u00e9 et [&hellip;]<\/p>\n","protected":false},"author":1,"featured_media":0,"parent":58384,"menu_order":0,"comment_status":"closed","ping_status":"closed","template":"template-2column.php","meta":{"_acf_changed":false,"_uag_custom_page_level_css":"","ub_ctt_via":"","footnotes":""},"class_list":["post-57907","page","type-page","status-publish","hentry"],"acf":[],"featured_image_src":null,"uagb_featured_image_src":{"full":false,"thumbnail":false,"medium":false,"medium_large":false,"large":false,"1536x1536":false,"2048x2048":false,"gform-image-choice-sm":false,"gform-image-choice-md":false,"gform-image-choice-lg":false},"uagb_author_info":{"display_name":"ArcticGlacier","author_link":"https:\/\/arcticglacier.com\/fr\/author\/ArcticGlacier\/"},"uagb_comment_info":0,"uagb_excerpt":"Vous planifiez un \u00e9v\u00e9nement? Nous y serons. Glace concass\u00e9e ou en cube, ou encore les blocs de glace pour la sculpture, nos experts ont ce qu&#8217;il faut pour livrer de la glace cristalline de qualit\u00e9 \u00e0 votre \u00e9v\u00e9nement, juste au bon moment, ni trop t\u00f4t, ni trop tard, pour que vous ayez la qualit\u00e9 et&hellip;","_links":{"self":[{"href":"https:\/\/arcticglacier.com\/fr\/wp-json\/wp\/v2\/pages\/57907","targetHints":{"allow":["GET"]}}],"collection":[{"href":"https:\/\/arcticglacier.com\/fr\/wp-json\/wp\/v2\/pages"}],"about":[{"href":"https:\/\/arcticglacier.com\/fr\/wp-json\/wp\/v2\/types\/page"}],"author":[{"embeddable":true,"href":"https:\/\/arcticglacier.com\/fr\/wp-json\/wp\/v2\/users\/1"}],"replies":[{"embeddable":true,"href":"https:\/\/arcticglacier.com\/fr\/wp-json\/wp\/v2\/comments?post=57907"}],"version-history":[{"count":0,"href":"https:\/\/arcticglacier.com\/fr\/wp-json\/wp\/v2\/pages\/57907\/revisions"}],"up":[{"embeddable":true,"href":"https:\/\/arcticglacier.com\/fr\/wp-json\/wp\/v2\/pages\/58384"}],"wp:attachment":[{"href":"https:\/\/arcticglacier.com\/fr\/wp-json\/wp\/v2\/media?parent=57907"}],"curies":[{"name":"wp","href":"https:\/\/api.w.org\/{rel}","templated":true}]}}