 {"id":57894,"date":"2021-06-20T21:20:53","date_gmt":"2021-06-21T02:20:53","guid":{"rendered":"https:\/\/a294f68154.nxcli.io\/fr\/?page_id=57894"},"modified":"2023-06-28T01:23:07","modified_gmt":"2023-06-28T06:23:07","slug":"sculptures-de-glace-et-luges","status":"publish","type":"page","link":"https:\/\/arcticglacier.com\/fr\/specialtes\/sculptures-de-glace-et-luges\/","title":{"rendered":"Sculptures de glace et luges"},"content":{"rendered":"<p><strong>Apportez un chef-d\u2019\u0153uvre.<\/strong><\/p>\n<p>Chez Arctic Glacier\u00ae, nous voyons la Sculpture sur glace comme une vraie forme d\u2019art. Douce-am\u00e8re par sa nature \u00e9ph\u00e9m\u00e8re, mais aussi profond\u00e9ment magnifique lorsqu\u2019expos\u00e9e, chaque sculpture est unique en ses temps et emplacement.<\/p>\n<p>Nos artisans-sculpteurs de glace sont les meilleurs dans ce qu&#8217;Ils font et ont \u00e9t\u00e9 tri\u00e9s sur le volet pour cr\u00e9er des pi\u00e8ces qui feront tourner les t\u00eates et voleront la vedette \u00e0 chaque fois. Ces ma\u00eetres-ciseleurs ont aussi la chance de travailler avec nos propres blocs de glace, qui offrent un niveau de transparence avec lequel m\u00eame la nature ne peut rivaliser.<\/p>\n<p>Si vous cherchez \u00e0 ajouter un niveau de fra\u00eecheur suppl\u00e9mentaire \u00e0 votre rassemblement, nous sommes les pros de la sculpture et la livraison de luges de glace personnalis\u00e9es.<\/p>\n<p><a href=\"https:\/\/arcticglacier.com\/fr\/contactez-nous\/\">Surprenez avec de la glace<\/a><\/p>\n\n<div class=\"wpcf7 no-js\" id=\"wpcf7-f74497-o1\" lang=\"en-CA\" dir=\"ltr\" data-wpcf7-id=\"74497\">\n<div class=\"screen-reader-response\"><p role=\"status\" aria-live=\"polite\" aria-atomic=\"true\"><\/p> <ul><\/ul><\/div>\n<form action=\"\/fr\/wp-json\/wp\/v2\/pages\/57894#wpcf7-f74497-o1\" method=\"post\" class=\"wpcf7-form init\" aria-label=\"Contact form\" novalidate=\"novalidate\" data-status=\"init\">\n<fieldset class=\"hidden-fields-container\"><input type=\"hidden\" name=\"_wpcf7\" value=\"74497\" \/><input type=\"hidden\" name=\"_wpcf7_version\" value=\"6.1.5\" \/><input type=\"hidden\" name=\"_wpcf7_locale\" value=\"en_CA\" \/><input type=\"hidden\" name=\"_wpcf7_unit_tag\" value=\"wpcf7-f74497-o1\" \/><input type=\"hidden\" name=\"_wpcf7_container_post\" value=\"0\" \/><input type=\"hidden\" name=\"_wpcf7_posted_data_hash\" value=\"\" \/><input type=\"hidden\" name=\"_wpcf7_recaptcha_response\" value=\"\" \/>\n<\/fieldset>\n<p><label> Votre nom<br \/>\n<span class=\"wpcf7-form-control-wrap\" data-name=\"your-name\"><input size=\"40\" maxlength=\"400\" class=\"wpcf7-form-control wpcf7-text wpcf7-validates-as-required\" aria-required=\"true\" aria-invalid=\"false\" value=\"\" type=\"text\" name=\"your-name\" \/><\/span> <\/label>\n<\/p>\n<p><label>Votre courriel<br \/>\n<span class=\"wpcf7-form-control-wrap\" data-name=\"your-email\"><input size=\"40\" maxlength=\"400\" class=\"wpcf7-form-control wpcf7-email wpcf7-validates-as-required wpcf7-text wpcf7-validates-as-email\" aria-required=\"true\" aria-invalid=\"false\" value=\"\" type=\"email\" name=\"your-email\" \/><\/span> <\/label>\n<\/p>\n<p><label> Num\u00e9ro de contact<br \/>\n<span class=\"wpcf7-form-control-wrap\" data-name=\"ContactNumber\"><input size=\"40\" maxlength=\"400\" class=\"wpcf7-form-control wpcf7-tel wpcf7-validates-as-required wpcf7-text wpcf7-validates-as-tel\" aria-required=\"true\" aria-invalid=\"false\" value=\"\" type=\"tel\" name=\"ContactNumber\" \/><\/span><\/label>\n<\/p>\n<p><label> Entreprise\/nom du magasin<br \/>\n<span class=\"wpcf7-form-control-wrap\" data-name=\"CompanyStoreName\"><input size=\"40\" maxlength=\"400\" class=\"wpcf7-form-control wpcf7-text wpcf7-validates-as-required\" aria-required=\"true\" aria-invalid=\"false\" value=\"\" type=\"text\" name=\"CompanyStoreName\" \/><\/span> <\/label>\n<\/p>\n<p class=\"two-columns\"><br \/>\n<label> Ville<br \/>\n<span class=\"wpcf7-form-control-wrap\" data-name=\"City\"><input size=\"40\" maxlength=\"400\" class=\"wpcf7-form-control wpcf7-text wpcf7-validates-as-required\" aria-required=\"true\" aria-invalid=\"false\" value=\"\" type=\"text\" name=\"City\" \/><\/span> <\/label>\n<\/p>\n<p class=\"two-columns\"><br \/>\n<label> \u00c9tat\/Province<br \/>\n<span class=\"wpcf7-form-control-wrap\" data-name=\"StateProvince\"><select class=\"wpcf7-form-control wpcf7-select wpcf7-validates-as-required\" aria-required=\"true\" aria-invalid=\"false\" name=\"StateProvince\"><option value=\"Choisir\">Choisir<\/option><option value=\"Alabama\">Alabama<\/option><option value=\"Alaska\">Alaska<\/option><option value=\"American Samoa\">American Samoa<\/option><option value=\"Arizona\">Arizona<\/option><option value=\"Arkansas\">Arkansas<\/option><option value=\"California\">California<\/option><option value=\"Colorado\">Colorado<\/option><option value=\"Connecticut\">Connecticut<\/option><option value=\"Delaware\">Delaware<\/option><option value=\"District of Columbia\">District of Columbia<\/option><option value=\"Florida\">Florida<\/option><option value=\"Georgia\">Georgia<\/option><option value=\"Guam\">Guam<\/option><option value=\"Hawaii\">Hawaii<\/option><option value=\"Idaho\">Idaho<\/option><option value=\"Illinois\">Illinois<\/option><option value=\"Indiana\">Indiana<\/option><option value=\"Iowa\">Iowa<\/option><option value=\"Kansas\">Kansas<\/option><option value=\"Kentucky\">Kentucky<\/option><option value=\"Louisiana\">Louisiana<\/option><option value=\"Maine\">Maine<\/option><option value=\"Maryland\">Maryland<\/option><option value=\"Massachusetts\">Massachusetts<\/option><option value=\"Michigan\">Michigan<\/option><option value=\"Minnesota\">Minnesota<\/option><option value=\"Mississippi\">Mississippi<\/option><option value=\"Missouri\">Missouri<\/option><option value=\"Montana\">Montana<\/option><option value=\"Nebraska\">Nebraska<\/option><option value=\"Nevada\">Nevada<\/option><option value=\"New Hampshire\">New Hampshire<\/option><option value=\"New Jersey\">New Jersey<\/option><option value=\"New Mexico\">New Mexico<\/option><option value=\"New York\">New York<\/option><option value=\"North Carolina\">North Carolina<\/option><option value=\"North Dakota\">North Dakota<\/option><option value=\"Northern Marianas Islands\">Northern Marianas Islands<\/option><option value=\"Ohio\">Ohio<\/option><option value=\"Oklahoma\">Oklahoma<\/option><option value=\"Oregon\">Oregon<\/option><option value=\"Pennsylvania\">Pennsylvania<\/option><option value=\"Puerto Rico\">Puerto Rico<\/option><option value=\"Rhode Island\">Rhode Island<\/option><option value=\"South Carolina\">South Carolina<\/option><option value=\"South Dakota\">South Dakota<\/option><option value=\"Tennessee\">Tennessee<\/option><option value=\"Texas\">Texas<\/option><option value=\"Utah\">Utah<\/option><option value=\"Vermont\">Vermont<\/option><option value=\"Virginia\">Virginia<\/option><option value=\"Virgin Islands\">Virgin Islands<\/option><option value=\"Washington\">Washington<\/option><option value=\"West Virginia\">West Virginia<\/option><option value=\"Wisconsin\">Wisconsin<\/option><option value=\"Wyoming\">Wyoming<\/option><option value=\"Alberta\">Alberta<\/option><option value=\"British Columbia\">British Columbia<\/option><option value=\"Manitoba\">Manitoba<\/option><option value=\"New Brunswick\">New Brunswick<\/option><option value=\"Newfoundland\">Newfoundland<\/option><option value=\"Northwest Territories\">Northwest Territories<\/option><option value=\"Nova Scotia\">Nova Scotia<\/option><option value=\"Nunavut\">Nunavut<\/option><option value=\"Ontario\">Ontario<\/option><option value=\"Prince Edward Island\">Prince Edward Island<\/option><option value=\"Quebec\">Quebec<\/option><option value=\"Saskatchewan\">Saskatchewan<\/option><option value=\"Yukon\">Yukon<\/option><\/select><\/span> <\/label>\n<\/p>\n<p><label>Demande pour<br \/>\n<span class=\"wpcf7-form-control-wrap\" data-name=\"menu-733\"><select class=\"wpcf7-form-control wpcf7-select wpcf7-validates-as-required\" aria-required=\"true\" aria-invalid=\"false\" name=\"menu-733\"><option value=\"Choisir\">Choisir<\/option><option value=\"Livraison de glace\">Livraison de glace<\/option><option value=\"Magasin de d\u00e9tail\">Magasin de d\u00e9tail<\/option><option value=\"Autre commerce\">Autre commerce<\/option><option value=\"Entreprise\">Entreprise<\/option><option value=\"Distributeur\/grossiste\">Distributeur\/grossiste<\/option><option value=\"\u00c9v\u00e9nement\">\u00c9v\u00e9nement<\/option><option value=\"Autre (Veuillez sp\u00e9cifier dans les commentaires)\">Autre (Veuillez sp\u00e9cifier dans les commentaires)<\/option><\/select><\/span> <\/label>\n<\/p>\n<p><label>Quand avez-vous besoin d'un paysage enneig\u00e9?<br \/>\n<span class=\"wpcf7-form-control-wrap\" data-name=\"Whendoyouneedasnowscene\"><input size=\"40\" maxlength=\"400\" class=\"wpcf7-form-control wpcf7-text\" aria-invalid=\"false\" value=\"\" type=\"text\" name=\"Whendoyouneedasnowscene\" \/><\/span><br \/>\n<\/label><br \/>\n<label> Dites-nous comment nous pouvons aider<br \/>\n<span class=\"wpcf7-form-control-wrap\" data-name=\"HowCanWeHelp\"><textarea cols=\"40\" rows=\"10\" maxlength=\"2000\" class=\"wpcf7-form-control wpcf7-textarea\" aria-invalid=\"false\" name=\"HowCanWeHelp\"><\/textarea><\/span> <\/label>\n<\/p>\n<p><input class=\"wpcf7-form-control wpcf7-submit has-spinner gradient-btn\" type=\"submit\" value=\"Soumettre\" \/>\n<\/p><div class=\"wpcf7-response-output\" aria-hidden=\"true\"><\/div>\n<\/form>\n<\/div>\n\n\n\n<div class=\"wp-block-spacer\" style=\"height: 100px;\" aria-hidden=\"true\">\u00a0<\/div>\n","protected":false},"excerpt":{"rendered":"<p>Apportez un chef-d\u2019\u0153uvre. Chez Arctic Glacier\u00ae, nous voyons la Sculpture sur glace comme une vraie forme d\u2019art. Douce-am\u00e8re par sa nature \u00e9ph\u00e9m\u00e8re, mais aussi profond\u00e9ment magnifique lorsqu\u2019expos\u00e9e, chaque sculpture est unique en ses temps et emplacement. Nos artisans-sculpteurs de glace sont les meilleurs dans ce qu&#8217;Ils font et ont \u00e9t\u00e9 tri\u00e9s sur le volet pour [&hellip;]<\/p>\n","protected":false},"author":1,"featured_media":0,"parent":58384,"menu_order":0,"comment_status":"closed","ping_status":"closed","template":"template-2column.php","meta":{"_acf_changed":false,"_uag_custom_page_level_css":"","ub_ctt_via":"","footnotes":""},"class_list":["post-57894","page","type-page","status-publish","hentry"],"acf":[],"featured_image_src":null,"uagb_featured_image_src":{"full":false,"thumbnail":false,"medium":false,"medium_large":false,"large":false,"1536x1536":false,"2048x2048":false,"gform-image-choice-sm":false,"gform-image-choice-md":false,"gform-image-choice-lg":false},"uagb_author_info":{"display_name":"ArcticGlacier","author_link":"https:\/\/arcticglacier.com\/fr\/author\/ArcticGlacier\/"},"uagb_comment_info":0,"uagb_excerpt":"Apportez un chef-d\u2019\u0153uvre. Chez Arctic Glacier\u00ae, nous voyons la Sculpture sur glace comme une vraie forme d\u2019art. Douce-am\u00e8re par sa nature \u00e9ph\u00e9m\u00e8re, mais aussi profond\u00e9ment magnifique lorsqu\u2019expos\u00e9e, chaque sculpture est unique en ses temps et emplacement. Nos artisans-sculpteurs de glace sont les meilleurs dans ce qu&#8217;Ils font et ont \u00e9t\u00e9 tri\u00e9s sur le volet pour&hellip;","_links":{"self":[{"href":"https:\/\/arcticglacier.com\/fr\/wp-json\/wp\/v2\/pages\/57894","targetHints":{"allow":["GET"]}}],"collection":[{"href":"https:\/\/arcticglacier.com\/fr\/wp-json\/wp\/v2\/pages"}],"about":[{"href":"https:\/\/arcticglacier.com\/fr\/wp-json\/wp\/v2\/types\/page"}],"author":[{"embeddable":true,"href":"https:\/\/arcticglacier.com\/fr\/wp-json\/wp\/v2\/users\/1"}],"replies":[{"embeddable":true,"href":"https:\/\/arcticglacier.com\/fr\/wp-json\/wp\/v2\/comments?post=57894"}],"version-history":[{"count":0,"href":"https:\/\/arcticglacier.com\/fr\/wp-json\/wp\/v2\/pages\/57894\/revisions"}],"up":[{"embeddable":true,"href":"https:\/\/arcticglacier.com\/fr\/wp-json\/wp\/v2\/pages\/58384"}],"wp:attachment":[{"href":"https:\/\/arcticglacier.com\/fr\/wp-json\/wp\/v2\/media?parent=57894"}],"curies":[{"name":"wp","href":"https:\/\/api.w.org\/{rel}","templated":true}]}}