 {"id":57889,"date":"2021-06-20T21:19:34","date_gmt":"2021-06-21T02:19:34","guid":{"rendered":"https:\/\/a294f68154.nxcli.io\/fr\/?page_id=57889"},"modified":"2023-07-06T00:50:50","modified_gmt":"2023-07-06T05:50:50","slug":"glace-seche","status":"publish","type":"page","link":"https:\/\/arcticglacier.com\/fr\/specialtes\/glace-seche\/","title":{"rendered":"Glace s\u00e8che"},"content":{"rendered":"<p><strong>Congelez comme vous l&#8217;entendez avec de la glace s\u00e8che.<\/strong><\/p>\n<p>Gaz carbonique compress\u00e9 et solidifi\u00e9, la glace s\u00e8che avec sa temp\u00e9rature de -78<sup>o<\/sup>C est un outil fantastique pour garder les articles froids ou congel\u00e9s dans des espaces clos. Elle est sans danger pour les aliments, autre qu&#8217;une potentielle \u00ab\u00a0br\u00fblure de froid\u00a0\u00bb en cas de contact physique. Parlez-nous d\u00e8s aujourd&#8217;hui de vos besoins en glace s\u00e8che.<\/p>\n<p><strong><em>N&#8217;oubliez pas, Il ne faut jamais entrer dans un espace clos avec une grande quantit\u00e9 de glace s\u00e8che, le dioxyde de carbone d\u00e9place l&#8217;oxyg\u00e8ne et peut rendre la respiration difficile.<\/em><\/strong><\/p>\n<p><strong><em>La glace s\u00e8che est disponible dans ces r\u00e9gions :<\/em><\/strong><i><\/i><\/p>\n<p><a href=\"https:\/\/arcticglacier.com\/fr\/oregon\/\">Medford OR<\/a><\/p>\n<p><a href=\"https:\/\/arcticglacier.com\/fr\/centre-de-la-californie\/\">Modesto CA<\/a><\/p>\n<p><a href=\"https:\/\/arcticglacier.com\/fr\/sud-de-la-californie\/\">Vernon CA<\/a><\/p>\n<p><a href=\"https:\/\/arcticglacier.com\/fr\/sud-de-la-californie\/\">Bellflower CA<\/a><\/p>\n<p><a href=\"https:\/\/arcticglacier.com\/fr\/sud-de-la-californie\/\">Van Nuys CA<\/a><\/p>\n<p>\u00a0<\/p>\n\n\n<div class=\"wp-block-spacer\" style=\"height: 100px;\" aria-hidden=\"true\">\u00a0<\/div>\n","protected":false},"excerpt":{"rendered":"<p>Congelez comme vous l&#8217;entendez avec de la glace s\u00e8che. Gaz carbonique compress\u00e9 et solidifi\u00e9, la glace s\u00e8che avec sa temp\u00e9rature de -78oC est un outil fantastique pour garder les articles froids ou congel\u00e9s dans des espaces clos. Elle est sans danger pour les aliments, autre qu&#8217;une potentielle \u00ab\u00a0br\u00fblure de froid\u00a0\u00bb en cas de contact physique. [&hellip;]<\/p>\n","protected":false},"author":1,"featured_media":0,"parent":58384,"menu_order":0,"comment_status":"closed","ping_status":"closed","template":"template-2column.php","meta":{"_acf_changed":false,"_uag_custom_page_level_css":"","ub_ctt_via":"","footnotes":""},"class_list":["post-57889","page","type-page","status-publish","hentry"],"acf":[],"featured_image_src":null,"uagb_featured_image_src":{"full":false,"thumbnail":false,"medium":false,"medium_large":false,"large":false,"1536x1536":false,"2048x2048":false,"gform-image-choice-sm":false,"gform-image-choice-md":false,"gform-image-choice-lg":false},"uagb_author_info":{"display_name":"ArcticGlacier","author_link":"https:\/\/arcticglacier.com\/fr\/author\/ArcticGlacier\/"},"uagb_comment_info":0,"uagb_excerpt":"Congelez comme vous l&#8217;entendez avec de la glace s\u00e8che. Gaz carbonique compress\u00e9 et solidifi\u00e9, la glace s\u00e8che avec sa temp\u00e9rature de -78oC est un outil fantastique pour garder les articles froids ou congel\u00e9s dans des espaces clos. Elle est sans danger pour les aliments, autre qu&#8217;une potentielle \u00ab\u00a0br\u00fblure de froid\u00a0\u00bb en cas de contact physique.&hellip;","_links":{"self":[{"href":"https:\/\/arcticglacier.com\/fr\/wp-json\/wp\/v2\/pages\/57889","targetHints":{"allow":["GET"]}}],"collection":[{"href":"https:\/\/arcticglacier.com\/fr\/wp-json\/wp\/v2\/pages"}],"about":[{"href":"https:\/\/arcticglacier.com\/fr\/wp-json\/wp\/v2\/types\/page"}],"author":[{"embeddable":true,"href":"https:\/\/arcticglacier.com\/fr\/wp-json\/wp\/v2\/users\/1"}],"replies":[{"embeddable":true,"href":"https:\/\/arcticglacier.com\/fr\/wp-json\/wp\/v2\/comments?post=57889"}],"version-history":[{"count":0,"href":"https:\/\/arcticglacier.com\/fr\/wp-json\/wp\/v2\/pages\/57889\/revisions"}],"up":[{"embeddable":true,"href":"https:\/\/arcticglacier.com\/fr\/wp-json\/wp\/v2\/pages\/58384"}],"wp:attachment":[{"href":"https:\/\/arcticglacier.com\/fr\/wp-json\/wp\/v2\/media?parent=57889"}],"curies":[{"name":"wp","href":"https:\/\/api.w.org\/{rel}","templated":true}]}}