 {"id":57886,"date":"2021-06-20T21:18:48","date_gmt":"2021-06-21T02:18:48","guid":{"rendered":"https:\/\/a294f68154.nxcli.io\/fr\/?page_id=57886"},"modified":"2023-06-28T01:18:21","modified_gmt":"2023-06-28T06:18:21","slug":"neige-artificielle","status":"publish","type":"page","link":"https:\/\/arcticglacier.com\/fr\/specialtes\/neige-artificielle\/","title":{"rendered":"Neige artificielle"},"content":{"rendered":"\n<p><strong>De la neige, encore et encore.<\/strong><\/p>\n\n\n\n<p><strong>Service<\/strong><strong> de paysage enneig\u00e9 pour les r\u00e9sidences et les productions<\/strong><\/p>\n\n\n\n<p>Notre service de paysage enneig\u00e9 en est un qui est tr\u00e8s cher \u00e0 nos c\u0153urs, simplement \u00e0 cause du sens d&#8217;\u00e9merveillement qu&#8217;il cr\u00e9e. Gr\u00e2ce \u00e0 nos blocs de glace de 136 kg et nos souffleurs sp\u00e9cialis\u00e9s, nous avons les produits, les \u00e9quipements et le savoir-faire pour cr\u00e9er de la neige qui a l&#8217;apparence et la sensation de la vraie neige.<\/p>\n\n\n\n<p>Que vous vouliez couvrir de neige une sc\u00e8ne ou un d\u00e9cor de toute taille, ou donner \u00e0 un \u00e9v\u00e9nement priv\u00e9 une f\u00e9\u00e9rie d&#8217;hiver, notre \u00e9quipe de paysage enneig\u00e9 est l\u00e0 pour vous donner le contr\u00f4le de la m\u00e9t\u00e9o.<\/p>\n\n\n\n<figure class=\"wp-block-gallery has-nested-images columns-2 is-cropped wp-block-gallery-2 is-layout-flex wp-block-gallery-is-layout-flex\">\n<figure class=\"wp-block-image size-large\"><img loading=\"lazy\" decoding=\"async\" width=\"1024\" height=\"768\" data-id=\"60230\" src=\"https:\/\/arcticglacier.com\/fr\/wp-content\/uploads\/sites\/4\/2021\/07\/Snow-Residence-05-1024x768.jpg\" alt=\"\" class=\"wp-image-60230\" srcset=\"https:\/\/arcticglacier.com\/fr\/wp-content\/uploads\/sites\/4\/2021\/07\/Snow-Residence-05-1024x768.jpg 1024w, https:\/\/arcticglacier.com\/fr\/wp-content\/uploads\/sites\/4\/2021\/07\/Snow-Residence-05-300x225.jpg 300w, https:\/\/arcticglacier.com\/fr\/wp-content\/uploads\/sites\/4\/2021\/07\/Snow-Residence-05-768x576.jpg 768w, https:\/\/arcticglacier.com\/fr\/wp-content\/uploads\/sites\/4\/2021\/07\/Snow-Residence-05-1536x1152.jpg 1536w, https:\/\/arcticglacier.com\/fr\/wp-content\/uploads\/sites\/4\/2021\/07\/Snow-Residence-05.jpg 1600w\" sizes=\"auto, (max-width: 1024px) 100vw, 1024px\" \/><\/figure>\n\n\n\n<figure class=\"wp-block-image size-large\"><img loading=\"lazy\" decoding=\"async\" width=\"1024\" height=\"768\" data-id=\"60233\" src=\"https:\/\/arcticglacier.com\/fr\/wp-content\/uploads\/sites\/4\/2021\/07\/Snow-Residence-01-1024x768.jpg\" alt=\"\" class=\"wp-image-60233\" srcset=\"https:\/\/arcticglacier.com\/fr\/wp-content\/uploads\/sites\/4\/2021\/07\/Snow-Residence-01-1024x768.jpg 1024w, https:\/\/arcticglacier.com\/fr\/wp-content\/uploads\/sites\/4\/2021\/07\/Snow-Residence-01-300x225.jpg 300w, https:\/\/arcticglacier.com\/fr\/wp-content\/uploads\/sites\/4\/2021\/07\/Snow-Residence-01-768x576.jpg 768w, https:\/\/arcticglacier.com\/fr\/wp-content\/uploads\/sites\/4\/2021\/07\/Snow-Residence-01-1536x1152.jpg 1536w, https:\/\/arcticglacier.com\/fr\/wp-content\/uploads\/sites\/4\/2021\/07\/Snow-Residence-01-2048x1536.jpg 2048w\" sizes=\"auto, (max-width: 1024px) 100vw, 1024px\" \/><\/figure>\n\n\n\n<figure class=\"wp-block-image size-large\"><img loading=\"lazy\" decoding=\"async\" width=\"1024\" height=\"768\" data-id=\"60231\" src=\"https:\/\/arcticglacier.com\/fr\/wp-content\/uploads\/sites\/4\/2021\/07\/Snow-Residence-02-1024x768.jpg\" alt=\"\" class=\"wp-image-60231\" srcset=\"https:\/\/arcticglacier.com\/fr\/wp-content\/uploads\/sites\/4\/2021\/07\/Snow-Residence-02-1024x768.jpg 1024w, https:\/\/arcticglacier.com\/fr\/wp-content\/uploads\/sites\/4\/2021\/07\/Snow-Residence-02-300x225.jpg 300w, https:\/\/arcticglacier.com\/fr\/wp-content\/uploads\/sites\/4\/2021\/07\/Snow-Residence-02-768x576.jpg 768w, https:\/\/arcticglacier.com\/fr\/wp-content\/uploads\/sites\/4\/2021\/07\/Snow-Residence-02-1536x1152.jpg 1536w, https:\/\/arcticglacier.com\/fr\/wp-content\/uploads\/sites\/4\/2021\/07\/Snow-Residence-02-2048x1536.jpg 2048w\" sizes=\"auto, (max-width: 1024px) 100vw, 1024px\" \/><\/figure>\n\n\n\n<figure class=\"wp-block-image size-large\"><img loading=\"lazy\" decoding=\"async\" width=\"864\" height=\"783\" data-id=\"60235\" src=\"https:\/\/arcticglacier.com\/fr\/wp-content\/uploads\/sites\/4\/2021\/07\/Snow-Residence-05-1.jpg\" alt=\"\" class=\"wp-image-60235\" srcset=\"https:\/\/arcticglacier.com\/fr\/wp-content\/uploads\/sites\/4\/2021\/07\/Snow-Residence-05-1.jpg 864w, https:\/\/arcticglacier.com\/fr\/wp-content\/uploads\/sites\/4\/2021\/07\/Snow-Residence-05-1-300x272.jpg 300w, https:\/\/arcticglacier.com\/fr\/wp-content\/uploads\/sites\/4\/2021\/07\/Snow-Residence-05-1-768x696.jpg 768w\" sizes=\"auto, (max-width: 864px) 100vw, 864px\" \/><\/figure>\n<\/figure>\n\n\n<p><strong>AMENEZ-EN DE LA NEIGE!<\/strong><\/p>\n\n<div class=\"wpcf7 no-js\" id=\"wpcf7-f60183-o1\" lang=\"en-CA\" dir=\"ltr\" data-wpcf7-id=\"60183\">\n<div class=\"screen-reader-response\"><p role=\"status\" aria-live=\"polite\" aria-atomic=\"true\"><\/p> <ul><\/ul><\/div>\n<form action=\"\/fr\/wp-json\/wp\/v2\/pages\/57886#wpcf7-f60183-o1\" method=\"post\" class=\"wpcf7-form init\" aria-label=\"Contact form\" novalidate=\"novalidate\" data-status=\"init\">\n<fieldset class=\"hidden-fields-container\"><input type=\"hidden\" name=\"_wpcf7\" value=\"60183\" \/><input type=\"hidden\" name=\"_wpcf7_version\" value=\"6.1.5\" \/><input type=\"hidden\" name=\"_wpcf7_locale\" value=\"en_CA\" \/><input type=\"hidden\" name=\"_wpcf7_unit_tag\" value=\"wpcf7-f60183-o1\" \/><input type=\"hidden\" name=\"_wpcf7_container_post\" value=\"0\" \/><input type=\"hidden\" name=\"_wpcf7_posted_data_hash\" value=\"\" \/><input type=\"hidden\" name=\"_wpcf7_recaptcha_response\" value=\"\" \/>\n<\/fieldset>\n<p><label>Votre nom<br \/>\n<span class=\"wpcf7-form-control-wrap\" data-name=\"your-name\"><input size=\"40\" maxlength=\"400\" class=\"wpcf7-form-control wpcf7-text wpcf7-validates-as-required\" aria-required=\"true\" aria-invalid=\"false\" value=\"\" type=\"text\" name=\"your-name\" \/><\/span> <\/label>\n<\/p>\n<p><label> Votre courriel<br \/>\n<span class=\"wpcf7-form-control-wrap\" data-name=\"your-email\"><input size=\"40\" maxlength=\"400\" class=\"wpcf7-form-control wpcf7-email wpcf7-validates-as-required wpcf7-text wpcf7-validates-as-email\" aria-required=\"true\" aria-invalid=\"false\" value=\"\" type=\"email\" name=\"your-email\" \/><\/span> <\/label>\n<\/p>\n<p><label> Num\u00e9ro de contact<br \/>\n<span class=\"wpcf7-form-control-wrap\" data-name=\"ContactNumber\"><input size=\"40\" maxlength=\"400\" class=\"wpcf7-form-control wpcf7-tel wpcf7-validates-as-required wpcf7-text wpcf7-validates-as-tel\" aria-required=\"true\" aria-invalid=\"false\" value=\"\" type=\"tel\" name=\"ContactNumber\" \/><\/span><\/label>\n<\/p>\n<p><label>Entreprise\/nom du magasin<br \/>\n<span class=\"wpcf7-form-control-wrap\" data-name=\"CompanyStoreName\"><input size=\"40\" maxlength=\"400\" class=\"wpcf7-form-control wpcf7-text wpcf7-validates-as-required\" aria-required=\"true\" aria-invalid=\"false\" value=\"\" type=\"text\" name=\"CompanyStoreName\" \/><\/span> <\/label>\n<\/p>\n<p class=\"two-columns\"><br \/>\n<label> Ville<br \/>\n<span class=\"wpcf7-form-control-wrap\" data-name=\"City\"><input size=\"40\" maxlength=\"400\" class=\"wpcf7-form-control wpcf7-text wpcf7-validates-as-required\" aria-required=\"true\" aria-invalid=\"false\" value=\"\" type=\"text\" name=\"City\" \/><\/span> <\/label>\n<\/p>\n<p class=\"two-columns\"><br \/>\n<label> \u00c9tat\/Province<br \/>\n<span class=\"wpcf7-form-control-wrap\" data-name=\"StateProvince\"><select class=\"wpcf7-form-control wpcf7-select wpcf7-validates-as-required\" aria-required=\"true\" aria-invalid=\"false\" name=\"StateProvince\"><option value=\"Choisir\">Choisir<\/option><option value=\"Alabama\">Alabama<\/option><option value=\"Alaska\">Alaska<\/option><option value=\"American Samoa\">American Samoa<\/option><option value=\"Arizona\">Arizona<\/option><option value=\"Arkansas\">Arkansas<\/option><option value=\"California\">California<\/option><option value=\"Colorado\">Colorado<\/option><option value=\"Connecticut\">Connecticut<\/option><option value=\"Delaware\">Delaware<\/option><option value=\"District of Columbia\">District of Columbia<\/option><option value=\"Florida\">Florida<\/option><option value=\"Georgia\">Georgia<\/option><option value=\"Guam\">Guam<\/option><option value=\"Hawaii\">Hawaii<\/option><option value=\"Idaho\">Idaho<\/option><option value=\"Illinois\">Illinois<\/option><option value=\"Indiana\">Indiana<\/option><option value=\"Iowa\">Iowa<\/option><option value=\"Kansas\">Kansas<\/option><option value=\"Kentucky\">Kentucky<\/option><option value=\"Louisiana\">Louisiana<\/option><option value=\"Maine\">Maine<\/option><option value=\"Maryland\">Maryland<\/option><option value=\"Massachusetts\">Massachusetts<\/option><option value=\"Michigan\">Michigan<\/option><option value=\"Minnesota\">Minnesota<\/option><option value=\"Mississippi\">Mississippi<\/option><option value=\"Missouri\">Missouri<\/option><option value=\"Montana\">Montana<\/option><option value=\"Nebraska\">Nebraska<\/option><option value=\"Nevada\">Nevada<\/option><option value=\"New Hampshire\">New Hampshire<\/option><option value=\"New Jersey\">New Jersey<\/option><option value=\"New Mexico\">New Mexico<\/option><option value=\"New York\">New York<\/option><option value=\"North Carolina\">North Carolina<\/option><option value=\"North Dakota\">North Dakota<\/option><option value=\"Northern Marianas Islands\">Northern Marianas Islands<\/option><option value=\"Ohio\">Ohio<\/option><option value=\"Oklahoma\">Oklahoma<\/option><option value=\"Oregon\">Oregon<\/option><option value=\"Pennsylvania\">Pennsylvania<\/option><option value=\"Puerto Rico\">Puerto Rico<\/option><option value=\"Rhode Island\">Rhode Island<\/option><option value=\"South Carolina\">South Carolina<\/option><option value=\"South Dakota\">South Dakota<\/option><option value=\"Tennessee\">Tennessee<\/option><option value=\"Texas\">Texas<\/option><option value=\"Utah\">Utah<\/option><option value=\"Vermont\">Vermont<\/option><option value=\"Virginia\">Virginia<\/option><option value=\"Virgin Islands\">Virgin Islands<\/option><option value=\"Washington\">Washington<\/option><option value=\"West Virginia\">West Virginia<\/option><option value=\"Wisconsin\">Wisconsin<\/option><option value=\"Wyoming\">Wyoming<\/option><option value=\"Alberta\">Alberta<\/option><option value=\"British Columbia\">British Columbia<\/option><option value=\"Manitoba\">Manitoba<\/option><option value=\"New Brunswick\">New Brunswick<\/option><option value=\"Newfoundland\">Newfoundland<\/option><option value=\"Northwest Territories\">Northwest Territories<\/option><option value=\"Nova Scotia\">Nova Scotia<\/option><option value=\"Nunavut\">Nunavut<\/option><option value=\"Ontario\">Ontario<\/option><option value=\"Prince Edward Island\">Prince Edward Island<\/option><option value=\"Quebec\">Quebec<\/option><option value=\"Saskatchewan\">Saskatchewan<\/option><option value=\"Yukon\">Yukon<\/option><\/select><\/span> <\/label>\n<\/p>\n<p><label>Demande pour<br \/>\n<span class=\"wpcf7-form-control-wrap\" data-name=\"menu-733\"><select class=\"wpcf7-form-control wpcf7-select wpcf7-validates-as-required\" aria-required=\"true\" aria-invalid=\"false\" name=\"menu-733\"><option value=\"Choisir\">Choisir<\/option><option value=\"Ice Delivery\">Ice Delivery<\/option><option value=\"Retail Store\">Retail Store<\/option><option value=\"Non-retail Business\">Non-retail Business<\/option><option value=\"Distributor\/wholesaler\">Distributor\/wholesaler<\/option><option value=\"Event\">Event<\/option><option value=\"Other (Please specify in the Comments)\">Other (Please specify in the Comments)<\/option><\/select><\/span> <\/label>\n<\/p>\n<p><label>Quand avez-vous besoin d'une sc\u00e8ne de neige?<br \/>\n<span class=\"wpcf7-form-control-wrap\" data-name=\"When\"><input size=\"40\" maxlength=\"400\" class=\"wpcf7-form-control wpcf7-text\" aria-invalid=\"false\" value=\"\" type=\"text\" name=\"When\" \/><\/span><br \/>\n<\/label><br \/>\n<label> Dites-nous comment nous pouvons aider<br \/>\n<span class=\"wpcf7-form-control-wrap\" data-name=\"Tell\"><textarea cols=\"40\" rows=\"10\" maxlength=\"2000\" class=\"wpcf7-form-control wpcf7-textarea\" aria-invalid=\"false\" name=\"Tell\"><\/textarea><\/span> <\/label>\n<\/p>\n<p><input class=\"wpcf7-form-control wpcf7-submit has-spinner gradient-btn\" type=\"submit\" value=\"Soumettre\" \/>\n<\/p><div class=\"wpcf7-response-output\" aria-hidden=\"true\"><\/div>\n<\/form>\n<\/div>\n\n<p><strong>CONTACT G\u00c9N\u00c9RAL<\/strong><\/p>\n<p>Pour plus d&#8217;information sur la neige artificielle, veuillez nous \u00e9crire au <a href=\"mailto:PDeGrandis@ArcticGlacier.com\">PDeGrandis@ArcticGlacier.com<\/a> ou appeler au <strong>(323) 826-1914<\/strong><\/p>\n\n\n<div class=\"wp-block-spacer\" style=\"height: 100px;\" aria-hidden=\"true\">\u00a0<\/div>\n","protected":false},"excerpt":{"rendered":"<p>De la neige, encore et encore. Service de paysage enneig\u00e9 pour les r\u00e9sidences et les productions Notre service de paysage enneig\u00e9 en est un qui est tr\u00e8s cher \u00e0 nos c\u0153urs, simplement \u00e0 cause du sens d&#8217;\u00e9merveillement qu&#8217;il cr\u00e9e. Gr\u00e2ce \u00e0 nos blocs de glace de 136 kg et nos souffleurs sp\u00e9cialis\u00e9s, nous avons les [&hellip;]<\/p>\n","protected":false},"author":1,"featured_media":0,"parent":58384,"menu_order":0,"comment_status":"closed","ping_status":"closed","template":"template-2column.php","meta":{"_acf_changed":false,"_uag_custom_page_level_css":"","ub_ctt_via":"","footnotes":""},"class_list":["post-57886","page","type-page","status-publish","hentry"],"acf":[],"featured_image_src":null,"uagb_featured_image_src":{"full":false,"thumbnail":false,"medium":false,"medium_large":false,"large":false,"1536x1536":false,"2048x2048":false,"gform-image-choice-sm":false,"gform-image-choice-md":false,"gform-image-choice-lg":false},"uagb_author_info":{"display_name":"ArcticGlacier","author_link":"https:\/\/arcticglacier.com\/fr\/author\/ArcticGlacier\/"},"uagb_comment_info":0,"uagb_excerpt":"De la neige, encore et encore. Service de paysage enneig\u00e9 pour les r\u00e9sidences et les productions Notre service de paysage enneig\u00e9 en est un qui est tr\u00e8s cher \u00e0 nos c\u0153urs, simplement \u00e0 cause du sens d&#8217;\u00e9merveillement qu&#8217;il cr\u00e9e. Gr\u00e2ce \u00e0 nos blocs de glace de 136 kg et nos souffleurs sp\u00e9cialis\u00e9s, nous avons les&hellip;","_links":{"self":[{"href":"https:\/\/arcticglacier.com\/fr\/wp-json\/wp\/v2\/pages\/57886","targetHints":{"allow":["GET"]}}],"collection":[{"href":"https:\/\/arcticglacier.com\/fr\/wp-json\/wp\/v2\/pages"}],"about":[{"href":"https:\/\/arcticglacier.com\/fr\/wp-json\/wp\/v2\/types\/page"}],"author":[{"embeddable":true,"href":"https:\/\/arcticglacier.com\/fr\/wp-json\/wp\/v2\/users\/1"}],"replies":[{"embeddable":true,"href":"https:\/\/arcticglacier.com\/fr\/wp-json\/wp\/v2\/comments?post=57886"}],"version-history":[{"count":0,"href":"https:\/\/arcticglacier.com\/fr\/wp-json\/wp\/v2\/pages\/57886\/revisions"}],"up":[{"embeddable":true,"href":"https:\/\/arcticglacier.com\/fr\/wp-json\/wp\/v2\/pages\/58384"}],"wp:attachment":[{"href":"https:\/\/arcticglacier.com\/fr\/wp-json\/wp\/v2\/media?parent=57886"}],"curies":[{"name":"wp","href":"https:\/\/api.w.org\/{rel}","templated":true}]}}