 {"id":57870,"date":"2021-06-20T21:09:12","date_gmt":"2021-06-21T02:09:12","guid":{"rendered":"https:\/\/a294f68154.nxcli.io\/fr\/?page_id=57870"},"modified":"2023-06-28T01:20:04","modified_gmt":"2023-06-28T06:20:04","slug":"beton","status":"publish","type":"page","link":"https:\/\/arcticglacier.com\/fr\/specialtes\/beton\/","title":{"rendered":"B\u00e9ton"},"content":{"rendered":"\n<p><strong>Vous aurez bient\u00f4t un coulage de b\u00e9ton qui n\u00e9cessite une infusion de glace?<\/strong><\/p>\n\n\n\n<p>Dans certaines r\u00e9gions, la construction n&#8217;arr\u00eate jamais. Sp\u00e9cialement lors de conditions chaudes. L&#8217;ajout de glace au b\u00e9ton est la fa\u00e7on id\u00e9ale de maintenir le mat\u00e9riau \u00e0 la temp\u00e9rature optimale avant l&#8217;application. En g\u00e9n\u00e9ral, la glace concass\u00e9e est la meilleure pour cela, avec sa capacit\u00e9 de refroidissement rapide et parce qu&#8217;elle fond rapidement.<\/p>\n\n\n\n<p>\u00c0 Los Angeles et ailleurs, nous avons l&#8217;expertise n\u00e9cessaire pour apporter ce service sur votre site de travail. Nous avons h\u00e2te de participer \u00e0 votre prochain chantier. Nous pouvons aussi ajouter \u00e0 notre service de b\u00e9ton, un service de glace en sacs pour garder votre \u00e9quipe au frais et concentr\u00e9e.<\/p>\n\n\n\n<p><strong>GARDEZ LA FRA\u00ceCHEUR!<\/strong><\/p>\n\n<div class=\"wpcf7 no-js\" id=\"wpcf7-f60186-o1\" lang=\"en-CA\" dir=\"ltr\" data-wpcf7-id=\"60186\">\n<div class=\"screen-reader-response\"><p role=\"status\" aria-live=\"polite\" aria-atomic=\"true\"><\/p> <ul><\/ul><\/div>\n<form action=\"\/fr\/wp-json\/wp\/v2\/pages\/57870#wpcf7-f60186-o1\" method=\"post\" class=\"wpcf7-form init\" aria-label=\"Contact form\" novalidate=\"novalidate\" data-status=\"init\">\n<fieldset class=\"hidden-fields-container\"><input type=\"hidden\" name=\"_wpcf7\" value=\"60186\" \/><input type=\"hidden\" name=\"_wpcf7_version\" value=\"6.1.5\" \/><input type=\"hidden\" name=\"_wpcf7_locale\" value=\"en_CA\" \/><input type=\"hidden\" name=\"_wpcf7_unit_tag\" value=\"wpcf7-f60186-o1\" \/><input type=\"hidden\" name=\"_wpcf7_container_post\" value=\"0\" \/><input type=\"hidden\" name=\"_wpcf7_posted_data_hash\" value=\"\" \/><input type=\"hidden\" name=\"_wpcf7_recaptcha_response\" value=\"\" \/>\n<\/fieldset>\n<p><label> Votre nom<br \/>\n<span class=\"wpcf7-form-control-wrap\" data-name=\"your-name\"><input size=\"40\" maxlength=\"400\" class=\"wpcf7-form-control wpcf7-text wpcf7-validates-as-required\" aria-required=\"true\" aria-invalid=\"false\" value=\"\" type=\"text\" name=\"your-name\" \/><\/span> <\/label>\n<\/p>\n<p><label> Votre courriel<br \/>\n<span class=\"wpcf7-form-control-wrap\" data-name=\"your-email\"><input size=\"40\" maxlength=\"400\" class=\"wpcf7-form-control wpcf7-email wpcf7-validates-as-required wpcf7-text wpcf7-validates-as-email\" aria-required=\"true\" aria-invalid=\"false\" value=\"\" type=\"email\" name=\"your-email\" \/><\/span> <\/label>\n<\/p>\n<p><label> Num\u00e9ro de contact<br \/>\n<span class=\"wpcf7-form-control-wrap\" data-name=\"ContactNumber\"><input size=\"40\" maxlength=\"400\" class=\"wpcf7-form-control wpcf7-tel wpcf7-validates-as-required wpcf7-text wpcf7-validates-as-tel\" aria-required=\"true\" aria-invalid=\"false\" value=\"\" type=\"tel\" name=\"ContactNumber\" \/><\/span><\/label>\n<\/p>\n<p><label>Entreprise\/nom du magasin<br \/>\n<span class=\"wpcf7-form-control-wrap\" data-name=\"CompanyStoreName\"><input size=\"40\" maxlength=\"400\" class=\"wpcf7-form-control wpcf7-text wpcf7-validates-as-required\" aria-required=\"true\" aria-invalid=\"false\" value=\"\" type=\"text\" name=\"CompanyStoreName\" \/><\/span> <\/label>\n<\/p>\n<p class=\"two-columns\"><br \/>\n<label> Ville<br \/>\n<span class=\"wpcf7-form-control-wrap\" data-name=\"City\"><input size=\"40\" maxlength=\"400\" class=\"wpcf7-form-control wpcf7-text wpcf7-validates-as-required\" aria-required=\"true\" aria-invalid=\"false\" value=\"\" type=\"text\" name=\"City\" \/><\/span> <\/label>\n<\/p>\n<p class=\"two-columns\"><br \/>\n<label> \u00c9tat\/Province<br \/>\n<span class=\"wpcf7-form-control-wrap\" data-name=\"StateProvince\"><select class=\"wpcf7-form-control wpcf7-select wpcf7-validates-as-required\" aria-required=\"true\" aria-invalid=\"false\" name=\"StateProvince\"><option value=\"Choisir\">Choisir<\/option><option value=\"Alabama\">Alabama<\/option><option value=\"Alaska\">Alaska<\/option><option value=\"American Samoa\">American Samoa<\/option><option value=\"Arizona\">Arizona<\/option><option value=\"Arkansas\">Arkansas<\/option><option value=\"California\">California<\/option><option value=\"Colorado\">Colorado<\/option><option value=\"Connecticut\">Connecticut<\/option><option value=\"Delaware\">Delaware<\/option><option value=\"District of Columbia\">District of Columbia<\/option><option value=\"Florida\">Florida<\/option><option value=\"Georgia\">Georgia<\/option><option value=\"Guam\">Guam<\/option><option value=\"Hawaii\">Hawaii<\/option><option value=\"Idaho\">Idaho<\/option><option value=\"Illinois\">Illinois<\/option><option value=\"Indiana\">Indiana<\/option><option value=\"Iowa\">Iowa<\/option><option value=\"Kansas\">Kansas<\/option><option value=\"Kentucky\">Kentucky<\/option><option value=\"Louisiana\">Louisiana<\/option><option value=\"Maine\">Maine<\/option><option value=\"Maryland\">Maryland<\/option><option value=\"Massachusetts\">Massachusetts<\/option><option value=\"Michigan\">Michigan<\/option><option value=\"Minnesota\">Minnesota<\/option><option value=\"Mississippi\">Mississippi<\/option><option value=\"Missouri\">Missouri<\/option><option value=\"Montana\">Montana<\/option><option value=\"Nebraska\">Nebraska<\/option><option value=\"Nevada\">Nevada<\/option><option value=\"New Hampshire\">New Hampshire<\/option><option value=\"New Jersey\">New Jersey<\/option><option value=\"New Mexico\">New Mexico<\/option><option value=\"New York\">New York<\/option><option value=\"North Carolina\">North Carolina<\/option><option value=\"North Dakota\">North Dakota<\/option><option value=\"Northern Marianas Islands\">Northern Marianas Islands<\/option><option value=\"Ohio\">Ohio<\/option><option value=\"Oklahoma\">Oklahoma<\/option><option value=\"Oregon\">Oregon<\/option><option value=\"Pennsylvania\">Pennsylvania<\/option><option value=\"Puerto Rico\">Puerto Rico<\/option><option value=\"Rhode Island\">Rhode Island<\/option><option value=\"South Carolina\">South Carolina<\/option><option value=\"South Dakota\">South Dakota<\/option><option value=\"Tennessee\">Tennessee<\/option><option value=\"Texas\">Texas<\/option><option value=\"Utah\">Utah<\/option><option value=\"Vermont\">Vermont<\/option><option value=\"Virginia\">Virginia<\/option><option value=\"Virgin Islands\">Virgin Islands<\/option><option value=\"Washington\">Washington<\/option><option value=\"West Virginia\">West Virginia<\/option><option value=\"Wisconsin\">Wisconsin<\/option><option value=\"Wyoming\">Wyoming<\/option><option value=\"Alberta\">Alberta<\/option><option value=\"British Columbia\">British Columbia<\/option><option value=\"Manitoba\">Manitoba<\/option><option value=\"New Brunswick\">New Brunswick<\/option><option value=\"Newfoundland\">Newfoundland<\/option><option value=\"Northwest Territories\">Northwest Territories<\/option><option value=\"Nova Scotia\">Nova Scotia<\/option><option value=\"Nunavut\">Nunavut<\/option><option value=\"Ontario\">Ontario<\/option><option value=\"Prince Edward Island\">Prince Edward Island<\/option><option value=\"Quebec\">Quebec<\/option><option value=\"Saskatchewan\">Saskatchewan<\/option><option value=\"Yukon\">Yukon<\/option><\/select><\/span> <\/label>\n<\/p>\n<p><label>Demande pour<br \/>\n<span class=\"wpcf7-form-control-wrap\" data-name=\"menu-733\"><select class=\"wpcf7-form-control wpcf7-select wpcf7-validates-as-required\" aria-required=\"true\" aria-invalid=\"false\" name=\"menu-733\"><option value=\"Choisir\">Choisir<\/option><option value=\"Livraison de glace\">Livraison de glace<\/option><option value=\"Magasin de d\u00e9tail\">Magasin de d\u00e9tail<\/option><option value=\"Autre commerce\">Autre commerce<\/option><option value=\"Entreprise\">Entreprise<\/option><option value=\"Distributeur\/grossiste\">Distributeur\/grossiste<\/option><option value=\"\u00c9v\u00e9nement\">\u00c9v\u00e9nement<\/option><option value=\"Autre (Veuillez sp\u00e9cifier dans les commentaires)\">Autre (Veuillez sp\u00e9cifier dans les commentaires)<\/option><\/select><\/span> <\/label>\n<\/p>\n<p><label>Quand avez-vous besoin de glace?<br \/>\n<span class=\"wpcf7-form-control-wrap\" data-name=\"Quand\"><input size=\"40\" maxlength=\"400\" class=\"wpcf7-form-control wpcf7-text\" aria-invalid=\"false\" value=\"\" type=\"text\" name=\"Quand\" \/><\/span><br \/>\n<\/label><br \/>\n<label> Dites-nous comment nous pouvons aider<br \/>\n<span class=\"wpcf7-form-control-wrap\" data-name=\"Dites-nous\"><textarea cols=\"40\" rows=\"10\" maxlength=\"2000\" class=\"wpcf7-form-control wpcf7-textarea\" aria-invalid=\"false\" name=\"Dites-nous\"><\/textarea><\/span> <\/label>\n<\/p>\n<p><input class=\"wpcf7-form-control wpcf7-submit has-spinner gradient-btn\" type=\"submit\" value=\"J\u2019ai besoin de glace\" \/>\n<\/p><div class=\"wpcf7-response-output\" aria-hidden=\"true\"><\/div>\n<\/form>\n<\/div>\n\n<h3>CONTACT G\u00c9N\u00c9RAL<\/h3>\n<p>Pour plus d&#8217;information sur la b\u00e9ton, veuillez nous \u00e9crire au <a href=\"mailto:PDeGrandis@ArcticGlacier.com\">PDeGrandis@ArcticGlacier.com <\/a>ou appeler au <strong>(323) 826-1914<\/strong><\/p>\n<p>\n\n\n\n<div style=\"height:100px\" aria-hidden=\"true\" class=\"wp-block-spacer\"><\/div>\n","protected":false},"excerpt":{"rendered":"<p>Vous aurez bient\u00f4t un coulage de b\u00e9ton qui n\u00e9cessite une infusion de glace? Dans certaines r\u00e9gions, la construction n&#8217;arr\u00eate jamais. Sp\u00e9cialement lors de conditions chaudes. L&#8217;ajout de glace au b\u00e9ton est la fa\u00e7on id\u00e9ale de maintenir le mat\u00e9riau \u00e0 la temp\u00e9rature optimale avant l&#8217;application. En g\u00e9n\u00e9ral, la glace concass\u00e9e est la meilleure pour cela, avec [&hellip;]<\/p>\n","protected":false},"author":1,"featured_media":0,"parent":58384,"menu_order":0,"comment_status":"closed","ping_status":"closed","template":"template-2column.php","meta":{"_acf_changed":false,"_uag_custom_page_level_css":"","ub_ctt_via":"","footnotes":""},"class_list":["post-57870","page","type-page","status-publish","hentry"],"acf":[],"featured_image_src":null,"uagb_featured_image_src":{"full":false,"thumbnail":false,"medium":false,"medium_large":false,"large":false,"1536x1536":false,"2048x2048":false,"gform-image-choice-sm":false,"gform-image-choice-md":false,"gform-image-choice-lg":false},"uagb_author_info":{"display_name":"ArcticGlacier","author_link":"https:\/\/arcticglacier.com\/fr\/author\/ArcticGlacier\/"},"uagb_comment_info":0,"uagb_excerpt":"Vous aurez bient\u00f4t un coulage de b\u00e9ton qui n\u00e9cessite une infusion de glace? Dans certaines r\u00e9gions, la construction n&#8217;arr\u00eate jamais. Sp\u00e9cialement lors de conditions chaudes. L&#8217;ajout de glace au b\u00e9ton est la fa\u00e7on id\u00e9ale de maintenir le mat\u00e9riau \u00e0 la temp\u00e9rature optimale avant l&#8217;application. En g\u00e9n\u00e9ral, la glace concass\u00e9e est la meilleure pour cela, avec&hellip;","_links":{"self":[{"href":"https:\/\/arcticglacier.com\/fr\/wp-json\/wp\/v2\/pages\/57870","targetHints":{"allow":["GET"]}}],"collection":[{"href":"https:\/\/arcticglacier.com\/fr\/wp-json\/wp\/v2\/pages"}],"about":[{"href":"https:\/\/arcticglacier.com\/fr\/wp-json\/wp\/v2\/types\/page"}],"author":[{"embeddable":true,"href":"https:\/\/arcticglacier.com\/fr\/wp-json\/wp\/v2\/users\/1"}],"replies":[{"embeddable":true,"href":"https:\/\/arcticglacier.com\/fr\/wp-json\/wp\/v2\/comments?post=57870"}],"version-history":[{"count":0,"href":"https:\/\/arcticglacier.com\/fr\/wp-json\/wp\/v2\/pages\/57870\/revisions"}],"up":[{"embeddable":true,"href":"https:\/\/arcticglacier.com\/fr\/wp-json\/wp\/v2\/pages\/58384"}],"wp:attachment":[{"href":"https:\/\/arcticglacier.com\/fr\/wp-json\/wp\/v2\/media?parent=57870"}],"curies":[{"name":"wp","href":"https:\/\/api.w.org\/{rel}","templated":true}]}}