 {"id":57840,"date":"2021-06-18T16:24:30","date_gmt":"2021-06-18T21:24:30","guid":{"rendered":"https:\/\/a294f68154.nxcli.io\/fr\/?page_id=57840"},"modified":"2023-07-05T22:19:02","modified_gmt":"2023-07-06T03:19:02","slug":"solutions-industrielles","status":"publish","type":"page","link":"https:\/\/arcticglacier.com\/fr\/services\/solutions-industrielles\/","title":{"rendered":"Solutions industrielles"},"content":{"rendered":"\n<p><span style=\"font-size: 20px;\"><strong>Restez en s\u00e9curit\u00e9 et au frais.<\/strong><\/span><br>Nos produits de premi\u00e8re qualit\u00e9, s\u00e9curitaires pour les aliments sont certifi\u00e9s IPIA, NSF et FDA, et peuvent aider \u00e0 procurer des solutions s\u00e9curitaires de haute qualit\u00e9 pour virtuellement toutes les utilisations industrielles. Nos experts s\u2019assureront que votre \u00e9quipe a toute la glace dont elle a besoin, comme \u00e7a, chacun pourra se concentrer sur le travail \u00e0 faire.<\/p>\n\n\n\n<p><span style=\"font-size: 20px;\"><strong>Gardez vos employ\u00e9s au frais et concentr\u00e9s<\/strong><\/span><\/p>\n\n\n\n<figure class=\"wp-block-image\"><img loading=\"lazy\" decoding=\"async\" width=\"2331\" height=\"2560\" src=\"https:\/\/arcticglacier.com\/fr\/wp-content\/uploads\/sites\/4\/2021\/07\/shutterstock_1572294514-2-scaled.jpg\" alt=\"\" class=\"wp-image-60364\" srcset=\"https:\/\/arcticglacier.com\/fr\/wp-content\/uploads\/sites\/4\/2021\/07\/shutterstock_1572294514-2-scaled.jpg 2331w, https:\/\/arcticglacier.com\/fr\/wp-content\/uploads\/sites\/4\/2021\/07\/shutterstock_1572294514-2-273x300.jpg 273w, https:\/\/arcticglacier.com\/fr\/wp-content\/uploads\/sites\/4\/2021\/07\/shutterstock_1572294514-2-932x1024.jpg 932w, https:\/\/arcticglacier.com\/fr\/wp-content\/uploads\/sites\/4\/2021\/07\/shutterstock_1572294514-2-768x844.jpg 768w, https:\/\/arcticglacier.com\/fr\/wp-content\/uploads\/sites\/4\/2021\/07\/shutterstock_1572294514-2-1398x1536.jpg 1398w, https:\/\/arcticglacier.com\/fr\/wp-content\/uploads\/sites\/4\/2021\/07\/shutterstock_1572294514-2-1865x2048.jpg 1865w\" sizes=\"auto, (max-width: 2331px) 100vw, 2331px\" \/><\/figure>\n\n\n\n<p>Nous sommes le principal fournisseur nord-am\u00e9ricain de glace emball\u00e9e pour les programmes de bien-\u00eatre des employ\u00e9s et de soulagement de la chaleur. &nbsp;Nous satisfaisons aux exigences syndicales et sommes pr\u00eats \u00e0 vous planifier un service de livraison de glace qui r\u00e9duira les co\u00fbts initiaux et la maintenance continue.<\/p>\n\n\n\n<p><span style=\"font-size: 20px;\"><strong>Soutenir la construction et les infrastructures<\/strong><\/span><\/p>\n\n\n\n<figure class=\"wp-block-image\"><img loading=\"lazy\" decoding=\"async\" width=\"752\" height=\"503\" src=\"https:\/\/arcticglacier.com\/fr\/wp-content\/uploads\/sites\/4\/2021\/07\/shutterstock_497453284-1.jpg\" alt=\"\" class=\"wp-image-60324\" srcset=\"https:\/\/arcticglacier.com\/fr\/wp-content\/uploads\/sites\/4\/2021\/07\/shutterstock_497453284-1.jpg 752w, https:\/\/arcticglacier.com\/fr\/wp-content\/uploads\/sites\/4\/2021\/07\/shutterstock_497453284-1-300x201.jpg 300w\" sizes=\"auto, (max-width: 752px) 100vw, 752px\" \/><\/figure>\n\n\n\n<p>Qu&#8217;il s&#8217;agisse de simplement livrer de la glace emball\u00e9e ou de garder un pr\u00e9sentoir enti\u00e8rement approvisionn\u00e9, notre \u00e9quipe est l\u00e0 pour soutenir votre \u00e9quipe de chantier. Et parce que notre glace est exempte d&#8217;impuret\u00e9s, c&#8217;est un outil id\u00e9al pour les op\u00e9rations de m\u00e9lange et de fixage.<\/p>\n\n\n\n<p><span style=\"font-size: 20px;\"><strong>Pr\u00eater main-forte \u00e0 la transformation alimentaire<\/strong><\/span><\/p>\n\n\n\n<figure class=\"wp-block-image\"><img loading=\"lazy\" decoding=\"async\" width=\"751\" height=\"468\" src=\"https:\/\/arcticglacier.com\/fr\/wp-content\/uploads\/sites\/4\/2021\/07\/shutterstock_1008120646-1.jpg\" alt=\"\" class=\"wp-image-60323\" srcset=\"https:\/\/arcticglacier.com\/fr\/wp-content\/uploads\/sites\/4\/2021\/07\/shutterstock_1008120646-1.jpg 751w, https:\/\/arcticglacier.com\/fr\/wp-content\/uploads\/sites\/4\/2021\/07\/shutterstock_1008120646-1-300x187.jpg 300w\" sizes=\"auto, (max-width: 751px) 100vw, 751px\" \/><\/figure>\n\n\n\n<p>Chez Arctic Glacier\u00ae, nous n&#8217;oublions jamais que la glace est un aliment. En raison de nos installations immacul\u00e9es et bien entretenues, nous choisir comme fournisseur vous assurera de rester conforme aux inspections de s\u00e9curit\u00e9 alimentaire telles que l&#8217;inspection de conformit\u00e9 aux normes de contr\u00f4le de la qualit\u00e9 de la glace emball\u00e9e.<\/p>\n\n\n\n<p><strong>Si vous avez besoin de glace, nous sommes l\u00e0 pour vous.<\/strong><\/p>\n\n\n\n<p><a href=\"https:\/\/arcticglacier.com\/fr\/contactez-nous\/\">Contactez-nous<\/a><\/p>\n","protected":false},"excerpt":{"rendered":"<p>Restez en s\u00e9curit\u00e9 et au frais.Nos produits de premi\u00e8re qualit\u00e9, s\u00e9curitaires pour les aliments sont certifi\u00e9s IPIA, NSF et FDA, et peuvent aider \u00e0 procurer des solutions s\u00e9curitaires de haute qualit\u00e9 pour virtuellement toutes les utilisations industrielles. Nos experts s\u2019assureront que votre \u00e9quipe a toute la glace dont elle a besoin, comme \u00e7a, chacun pourra [&hellip;]<\/p>\n","protected":false},"author":1,"featured_media":0,"parent":58422,"menu_order":0,"comment_status":"closed","ping_status":"closed","template":"template-2column.php","meta":{"_acf_changed":false,"_uag_custom_page_level_css":"","ub_ctt_via":"","footnotes":""},"class_list":["post-57840","page","type-page","status-publish","hentry"],"acf":[],"featured_image_src":null,"uagb_featured_image_src":{"full":false,"thumbnail":false,"medium":false,"medium_large":false,"large":false,"1536x1536":false,"2048x2048":false,"gform-image-choice-sm":false,"gform-image-choice-md":false,"gform-image-choice-lg":false},"uagb_author_info":{"display_name":"ArcticGlacier","author_link":"https:\/\/arcticglacier.com\/fr\/author\/ArcticGlacier\/"},"uagb_comment_info":0,"uagb_excerpt":"Restez en s\u00e9curit\u00e9 et au frais.Nos produits de premi\u00e8re qualit\u00e9, s\u00e9curitaires pour les aliments sont certifi\u00e9s IPIA, NSF et FDA, et peuvent aider \u00e0 procurer des solutions s\u00e9curitaires de haute qualit\u00e9 pour virtuellement toutes les utilisations industrielles. Nos experts s\u2019assureront que votre \u00e9quipe a toute la glace dont elle a besoin, comme \u00e7a, chacun pourra&hellip;","_links":{"self":[{"href":"https:\/\/arcticglacier.com\/fr\/wp-json\/wp\/v2\/pages\/57840","targetHints":{"allow":["GET"]}}],"collection":[{"href":"https:\/\/arcticglacier.com\/fr\/wp-json\/wp\/v2\/pages"}],"about":[{"href":"https:\/\/arcticglacier.com\/fr\/wp-json\/wp\/v2\/types\/page"}],"author":[{"embeddable":true,"href":"https:\/\/arcticglacier.com\/fr\/wp-json\/wp\/v2\/users\/1"}],"replies":[{"embeddable":true,"href":"https:\/\/arcticglacier.com\/fr\/wp-json\/wp\/v2\/comments?post=57840"}],"version-history":[{"count":0,"href":"https:\/\/arcticglacier.com\/fr\/wp-json\/wp\/v2\/pages\/57840\/revisions"}],"up":[{"embeddable":true,"href":"https:\/\/arcticglacier.com\/fr\/wp-json\/wp\/v2\/pages\/58422"}],"wp:attachment":[{"href":"https:\/\/arcticglacier.com\/fr\/wp-json\/wp\/v2\/media?parent=57840"}],"curies":[{"name":"wp","href":"https:\/\/api.w.org\/{rel}","templated":true}]}}