 {"id":57838,"date":"2021-06-18T16:23:53","date_gmt":"2021-06-18T21:23:53","guid":{"rendered":"https:\/\/a294f68154.nxcli.io\/fr\/?page_id=57838"},"modified":"2023-06-28T01:11:28","modified_gmt":"2023-06-28T06:11:28","slug":"catastrophe-et-secours-durgence","status":"publish","type":"page","link":"https:\/\/arcticglacier.com\/fr\/services\/catastrophe-et-secours-durgence\/","title":{"rendered":"Catastrophe et secours d\u2019urgence"},"content":{"rendered":"<p>Des urgences de glace, \u00e7a arrive.<br \/>\nEn tant que principal producteur de glace d\u2019Am\u00e9rique du Nord, nous sommes l\u2019\u00e9quipe d\u2019intervention d\u2019urgence \u00e0 appeler quand il y a une urgence de glace. Que cette urgence soit due \u00e0 une catastrophe naturelle ou \u00e0 une interruption de votre service de glace caus\u00e9e par une panne d\u2019\u00e9quipement, une augmentation de la demande ou une panne de courant, nous sommes pr\u00eats \u00e0 vous aider.<\/p>\n<p><strong>Nous vous donnons le pouvoir d\u2019\u00eatre le h\u00e9ros.<\/strong><\/p>\n<p>Lors d\u2019une situation de crise, la glace de qualit\u00e9 peut avoir un double usage. Elle est plus facile \u00e0 transporter que l\u2019eau et, une fois sur place, peut \u00eatre fondue pour fournir de l\u2019hydratation \u00e0 ceux qui en ont besoin. En plus, la glace peut \u00eatre utilis\u00e9e pour pr\u00e9server la nourriture en cas de panne d\u2019\u00e9lectricit\u00e9 ou s\u2019il y a un manque de r\u00e9frig\u00e9ration.<\/p>\n<p>Ceci est un aspect de notre activit\u00e9 que nous appr\u00e9cions grandement, c\u2019est pourquoi notre \u00e9quipe de service est entra\u00een\u00e9e \u00e0 agir avec une grande rapidit\u00e9, r\u00e9activit\u00e9 et compassion lors d\u2019une intervention en cas de catastrophe. Avoir le plus grand contr\u00f4le sur notre production de glace et sa distribution signifie que nous pouvons agir avec rapidit\u00e9 et pr\u00e9cision quand on fait appel \u00e0 nous.<\/p>\n<p><strong>Services de secours en cas de catastrophe naturelle<\/strong><\/p>\n<p style=\"padding-left: 40px;\">\u2022 Mobilisation de glace 24\u00a0h\/24, 7\u00a0j\/7. Vers n\u2019importe quel centre de commandement accessible par la route<br \/>\n\u2022 Conservation \u00e0 grande \u00e9chelle de produits agricoles, viande et poisson gr\u00e2ce \u00e0 notre service de glace en vrac<br \/>\n\u2022 Ramassage de glace disponible pour les interventions en cas de catastrophe et r\u00e9tablissement dans toute l\u2019Am\u00e9rique du Nord<\/p>\n<p><strong>Comment nous avons aid\u00e9<\/strong><\/p>\n<p>Le Midwest a connu des inondations extr\u00eames en 2019, et nous nous sommes associ\u00e9s \u00e0 plusieurs \u00e9quipes de secours pour fournir de la glace aux zones les plus durement touch\u00e9es. Cet effort impliquait souvent de trouver des itin\u00e9raires alternatifs, parfois tr\u00e8s \u00e9loign\u00e9s de notre route, afin de servir nos clients et ceux dans le besoin. Nous faisions m\u00eame partie d&#8217;un convoi escort\u00e9 qui s&#8217;assurait que les articles de base \u00e9taient livr\u00e9s en toute s\u00e9curit\u00e9 dans une ville isol\u00e9e.<\/p>\n<p><img loading=\"lazy\" decoding=\"async\" class=\"alignnone wp-image-60275\" src=\"https:\/\/arcticglacier.com\/fr\/wp-content\/uploads\/sites\/4\/2021\/07\/shutterstock_1801901740-1024x683.jpg\" alt=\"\" width=\"698\" height=\"466\" srcset=\"https:\/\/arcticglacier.com\/fr\/wp-content\/uploads\/sites\/4\/2021\/07\/shutterstock_1801901740-1024x683.jpg 1024w, https:\/\/arcticglacier.com\/fr\/wp-content\/uploads\/sites\/4\/2021\/07\/shutterstock_1801901740-300x200.jpg 300w, https:\/\/arcticglacier.com\/fr\/wp-content\/uploads\/sites\/4\/2021\/07\/shutterstock_1801901740-768x512.jpg 768w, https:\/\/arcticglacier.com\/fr\/wp-content\/uploads\/sites\/4\/2021\/07\/shutterstock_1801901740-1536x1024.jpg 1536w, https:\/\/arcticglacier.com\/fr\/wp-content\/uploads\/sites\/4\/2021\/07\/shutterstock_1801901740-2048x1365.jpg 2048w\" sizes=\"auto, (max-width: 698px) 100vw, 698px\" \/><\/p>\n<p>\u00c0 la suite des temp\u00eates Derecho de l&#8217;Iowa en ao\u00fbt 2020, nous avons fourni 1\u00a0200\u00a0tonnes de glace et d\u00e9ploy\u00e9 des camions et de la main-d&#8217;\u0153uvre pour aider aux efforts de secours d&#8217;urgence. Au total, Arctic Glacier\u00ae a investi plus de 100\u00a0000\u00a0$ en main-d&#8217;\u0153uvre et en \u00e9quipement lors de cette catastrophe.<\/p>\n<p><img loading=\"lazy\" decoding=\"async\" class=\"alignnone wp-image-60278\" src=\"https:\/\/arcticglacier.com\/fr\/wp-content\/uploads\/sites\/4\/2021\/07\/shutterstock_1182744796-1024x683.jpg\" alt=\"\" width=\"699\" height=\"467\" srcset=\"https:\/\/arcticglacier.com\/fr\/wp-content\/uploads\/sites\/4\/2021\/07\/shutterstock_1182744796-1024x683.jpg 1024w, https:\/\/arcticglacier.com\/fr\/wp-content\/uploads\/sites\/4\/2021\/07\/shutterstock_1182744796-300x200.jpg 300w, https:\/\/arcticglacier.com\/fr\/wp-content\/uploads\/sites\/4\/2021\/07\/shutterstock_1182744796-768x512.jpg 768w, https:\/\/arcticglacier.com\/fr\/wp-content\/uploads\/sites\/4\/2021\/07\/shutterstock_1182744796-1536x1024.jpg 1536w, https:\/\/arcticglacier.com\/fr\/wp-content\/uploads\/sites\/4\/2021\/07\/shutterstock_1182744796-2048x1365.jpg 2048w\" sizes=\"auto, (max-width: 699px) 100vw, 699px\" \/><\/p>\n<p>Lors des feux de for\u00eat de 2020 en Californie, nous avons fourni plus de 1\u00a0300\u00a0tonnes de glace aux interventions de secours d\u2019urgence, aidant \u00e0 att\u00e9nuer les p\u00e9nuries d\u2019eau et de glace pour les personnes les plus durement touch\u00e9es par cette catastrophe.<\/p>\n<p>Nous sommes \u00e9galement bien pr\u00e9par\u00e9s si vous avez besoin de nous pour les petites urgences, comme si votre service de glace est interrompu par un bris d\u2019\u00e9quipement, une panne de courant ou une demande accrue. Que la solution \u00e0 votre probl\u00e8me soit de la glace emball\u00e9e ou de la glace s\u00e8che, nous sommes pr\u00eats \u00e0 \u00eatre le partenaire qui r\u00e9pond \u00e0 votre appel lors d\u2019une urgence de glace.<\/p>\n<p><a href=\"https:\/\/arcticglacier.com\/fr\/contactez-nous\/\">Contactez-nous<\/a><\/p>\n","protected":false},"excerpt":{"rendered":"<p>Des urgences de glace, \u00e7a arrive. En tant que principal producteur de glace d\u2019Am\u00e9rique du Nord, nous sommes l\u2019\u00e9quipe d\u2019intervention d\u2019urgence \u00e0 appeler quand il y a une urgence de glace. Que cette urgence soit due \u00e0 une catastrophe naturelle ou \u00e0 une interruption de votre service de glace caus\u00e9e par une panne d\u2019\u00e9quipement, une [&hellip;]<\/p>\n","protected":false},"author":1,"featured_media":0,"parent":58422,"menu_order":0,"comment_status":"closed","ping_status":"closed","template":"template-2column.php","meta":{"_acf_changed":false,"_uag_custom_page_level_css":"","ub_ctt_via":"","footnotes":""},"class_list":["post-57838","page","type-page","status-publish","hentry"],"acf":[],"featured_image_src":null,"uagb_featured_image_src":{"full":false,"thumbnail":false,"medium":false,"medium_large":false,"large":false,"1536x1536":false,"2048x2048":false,"gform-image-choice-sm":false,"gform-image-choice-md":false,"gform-image-choice-lg":false},"uagb_author_info":{"display_name":"ArcticGlacier","author_link":"https:\/\/arcticglacier.com\/fr\/author\/ArcticGlacier\/"},"uagb_comment_info":0,"uagb_excerpt":"Des urgences de glace, \u00e7a arrive. En tant que principal producteur de glace d\u2019Am\u00e9rique du Nord, nous sommes l\u2019\u00e9quipe d\u2019intervention d\u2019urgence \u00e0 appeler quand il y a une urgence de glace. Que cette urgence soit due \u00e0 une catastrophe naturelle ou \u00e0 une interruption de votre service de glace caus\u00e9e par une panne d\u2019\u00e9quipement, une&hellip;","_links":{"self":[{"href":"https:\/\/arcticglacier.com\/fr\/wp-json\/wp\/v2\/pages\/57838","targetHints":{"allow":["GET"]}}],"collection":[{"href":"https:\/\/arcticglacier.com\/fr\/wp-json\/wp\/v2\/pages"}],"about":[{"href":"https:\/\/arcticglacier.com\/fr\/wp-json\/wp\/v2\/types\/page"}],"author":[{"embeddable":true,"href":"https:\/\/arcticglacier.com\/fr\/wp-json\/wp\/v2\/users\/1"}],"replies":[{"embeddable":true,"href":"https:\/\/arcticglacier.com\/fr\/wp-json\/wp\/v2\/comments?post=57838"}],"version-history":[{"count":0,"href":"https:\/\/arcticglacier.com\/fr\/wp-json\/wp\/v2\/pages\/57838\/revisions"}],"up":[{"embeddable":true,"href":"https:\/\/arcticglacier.com\/fr\/wp-json\/wp\/v2\/pages\/58422"}],"wp:attachment":[{"href":"https:\/\/arcticglacier.com\/fr\/wp-json\/wp\/v2\/media?parent=57838"}],"curies":[{"name":"wp","href":"https:\/\/api.w.org\/{rel}","templated":true}]}}