 {"id":57836,"date":"2021-06-18T16:23:19","date_gmt":"2021-06-18T21:23:19","guid":{"rendered":"https:\/\/a294f68154.nxcli.io\/fr\/?page_id=57836"},"modified":"2023-06-28T15:57:29","modified_gmt":"2023-06-28T20:57:29","slug":"livraison","status":"publish","type":"page","link":"https:\/\/arcticglacier.com\/fr\/services\/livraison\/","title":{"rendered":"Livraison"},"content":{"rendered":"\n<p><span style=\"font-size: 20px;\"><strong>Nous livrons plus pour que vous puissiez en offrir plus \u00e0 vos clients.<\/strong><\/span><\/p>\n\n\n\n<p><span style=\"font-size: 20px;\"><strong>Livraison directement en magasin<\/strong><\/span><\/p>\n\n\n\n<p>Si ce que vous voulez c\u2019est planifier, oublier et ne plus avoir \u00e0 vous en occuper, ne cherchez plus, utilisez la livraison directement au magasin.<\/p>\n\n\n\n<figure class=\"wp-block-image size-full\"><img loading=\"lazy\" decoding=\"async\" width=\"974\" height=\"959\" src=\"https:\/\/arcticglacier.com\/fr\/wp-content\/uploads\/sites\/4\/2023\/06\/index-French.png\" alt=\"\" class=\"wp-image-91836\" srcset=\"https:\/\/arcticglacier.com\/fr\/wp-content\/uploads\/sites\/4\/2023\/06\/index-French.png 974w, https:\/\/arcticglacier.com\/fr\/wp-content\/uploads\/sites\/4\/2023\/06\/index-French-300x295.png 300w, https:\/\/arcticglacier.com\/fr\/wp-content\/uploads\/sites\/4\/2023\/06\/index-French-768x756.png 768w\" sizes=\"auto, (max-width: 974px) 100vw, 974px\" \/><\/figure>\n\n\n\n<p>Gr\u00e2ce \u00e0 notre logistique de pointe et notre \u00e9quipe de succ\u00e8s client, ce programme enti\u00e8rement g\u00e9r\u00e9 vous fournit tout l\u2019\u00e9quipement n\u00e9cessaire et des r\u00e9approvisionnements planifi\u00e9s, et aussi des commandes d\u2019urgence en option. Notre \u00e9quipe d\u00e9terminera la quantit\u00e9 de glace dont vous avez besoin, s\u2019assurera que vous n\u2019en manquez pas et remplira votre pr\u00e9sentoir fourni par Arctic Glacier<sup>\u00ae<\/sup>. Vous pouvez donc garder votre attention sur la gestion de votre commerce.<\/p>\n\n\n\n<p><a href=\"https:\/\/arcticglacier.com\/fr\/contactez-nous\/\/\">Stockez notre glace<\/a><\/p>\n\n\n\n<p><strong><span style=\"font-size: 20px;\">Options de livraisons additionnelles<\/span><\/strong><\/p>\n\n\n\n<figure class=\"wp-block-image\"><img loading=\"lazy\" decoding=\"async\" width=\"2500\" height=\"1010\" src=\"https:\/\/arcticglacier.com\/fr\/wp-content\/uploads\/sites\/4\/2023\/06\/18434-Arctic-Glacier-Delivery-Truck-June2023-French-FNL-2500x1010.png\" alt=\"\" class=\"wp-image-91797\" srcset=\"https:\/\/arcticglacier.com\/fr\/wp-content\/uploads\/sites\/4\/2023\/06\/18434-Arctic-Glacier-Delivery-Truck-June2023-French-FNL-2500x1010.png 2500w, https:\/\/arcticglacier.com\/fr\/wp-content\/uploads\/sites\/4\/2023\/06\/18434-Arctic-Glacier-Delivery-Truck-June2023-French-FNL-300x121.png 300w, https:\/\/arcticglacier.com\/fr\/wp-content\/uploads\/sites\/4\/2023\/06\/18434-Arctic-Glacier-Delivery-Truck-June2023-French-FNL-768x310.png 768w, https:\/\/arcticglacier.com\/fr\/wp-content\/uploads\/sites\/4\/2023\/06\/18434-Arctic-Glacier-Delivery-Truck-June2023-French-FNL-1536x621.png 1536w, https:\/\/arcticglacier.com\/fr\/wp-content\/uploads\/sites\/4\/2023\/06\/18434-Arctic-Glacier-Delivery-Truck-June2023-French-FNL-2048x828.png 2048w\" sizes=\"auto, (max-width: 2500px) 100vw, 2500px\" \/><\/figure>\n\n\n\n<p>Avec des installations dans toute l\u2019Am\u00e9rique du Nord, nous offrons aussi des ramassages au quai de chargement et des programmes de livraison en entrep\u00f4t qui sont, tous deux, taill\u00e9s sur mesure pour r\u00e9pondre aux besoins de votre entreprise. Nous pouvons m\u00eame faire des livraisons \u00e0 un lieu de travail temporaire et \u00e0 des grands \u00e9v\u00e9nements ou festivals.<\/p>\n\n\n\n<p>Comme toujours, veuillez contacter notre \u00e9quipe pour en savoir plus et conna\u00eetre les services suppl\u00e9mentaires offerts dans votre r\u00e9gion.<\/p>\n\n\n\n<p><a href=\"https:\/\/arcticglacier.com\/fr\/contactez-nous\/\">Obtenir plus de d\u00e9tails<\/a><\/p>\n","protected":false},"excerpt":{"rendered":"<p>Nous livrons plus pour que vous puissiez en offrir plus \u00e0 vos clients. Livraison directement en magasin Si ce que vous voulez c\u2019est planifier, oublier et ne plus avoir \u00e0 vous en occuper, ne cherchez plus, utilisez la livraison directement au magasin. Gr\u00e2ce \u00e0 notre logistique de pointe et notre \u00e9quipe de succ\u00e8s client, ce [&hellip;]<\/p>\n","protected":false},"author":1,"featured_media":0,"parent":58422,"menu_order":0,"comment_status":"closed","ping_status":"closed","template":"template-2column.php","meta":{"_acf_changed":false,"_uag_custom_page_level_css":"","ub_ctt_via":"","footnotes":""},"class_list":["post-57836","page","type-page","status-publish","hentry"],"acf":[],"featured_image_src":null,"uagb_featured_image_src":{"full":false,"thumbnail":false,"medium":false,"medium_large":false,"large":false,"1536x1536":false,"2048x2048":false,"gform-image-choice-sm":false,"gform-image-choice-md":false,"gform-image-choice-lg":false},"uagb_author_info":{"display_name":"ArcticGlacier","author_link":"https:\/\/arcticglacier.com\/fr\/author\/ArcticGlacier\/"},"uagb_comment_info":0,"uagb_excerpt":"Nous livrons plus pour que vous puissiez en offrir plus \u00e0 vos clients. Livraison directement en magasin Si ce que vous voulez c\u2019est planifier, oublier et ne plus avoir \u00e0 vous en occuper, ne cherchez plus, utilisez la livraison directement au magasin. Gr\u00e2ce \u00e0 notre logistique de pointe et notre \u00e9quipe de succ\u00e8s client, ce&hellip;","_links":{"self":[{"href":"https:\/\/arcticglacier.com\/fr\/wp-json\/wp\/v2\/pages\/57836","targetHints":{"allow":["GET"]}}],"collection":[{"href":"https:\/\/arcticglacier.com\/fr\/wp-json\/wp\/v2\/pages"}],"about":[{"href":"https:\/\/arcticglacier.com\/fr\/wp-json\/wp\/v2\/types\/page"}],"author":[{"embeddable":true,"href":"https:\/\/arcticglacier.com\/fr\/wp-json\/wp\/v2\/users\/1"}],"replies":[{"embeddable":true,"href":"https:\/\/arcticglacier.com\/fr\/wp-json\/wp\/v2\/comments?post=57836"}],"version-history":[{"count":0,"href":"https:\/\/arcticglacier.com\/fr\/wp-json\/wp\/v2\/pages\/57836\/revisions"}],"up":[{"embeddable":true,"href":"https:\/\/arcticglacier.com\/fr\/wp-json\/wp\/v2\/pages\/58422"}],"wp:attachment":[{"href":"https:\/\/arcticglacier.com\/fr\/wp-json\/wp\/v2\/media?parent=57836"}],"curies":[{"name":"wp","href":"https:\/\/api.w.org\/{rel}","templated":true}]}}