 {"id":57832,"date":"2021-06-18T16:21:40","date_gmt":"2021-06-18T21:21:40","guid":{"rendered":"https:\/\/a294f68154.nxcli.io\/fr\/?page_id=57832"},"modified":"2023-06-28T00:53:00","modified_gmt":"2023-06-28T05:53:00","slug":"glace-concassee","status":"publish","type":"page","link":"https:\/\/arcticglacier.com\/fr\/glace-concassee\/","title":{"rendered":"Glace concass\u00e9e"},"content":{"rendered":"\n<p>La glace concass\u00e9e procure plus de surface de refroidissement que les cubes de glace, et par le m\u00eame fait, agit plus rapidement. Ce qui en fait la solution id\u00e9ale pour une vaste gamme d\u2019utilisation dans l\u2019industrie alimentaire, incluant pour les proc\u00e9d\u00e9s de transformation et le secteur manufacturier en tant que ressource pour la cha\u00eene de froid et le transport, pour l\u2019\u00e9talage des produits p\u00e9rissables comme les fruits de mer, et pour d\u2019autres utilisations industrielles. Comme notre glace est certifi\u00e9e s\u00e9curitaire pour les aliments, elle est le choix pr\u00e9f\u00e9r\u00e9 de l\u2019industrie alimentaire.<\/p>\n\n\n\n<p>La capacit\u00e9 du fournisseur \u00e0 livrer la glace concass\u00e9e \u00e0 temps, \u00e0 chaque fois est tout aussi important que la performance et la puret\u00e9 de celle-ci. Nos pros sont l\u00e0 pour vous aider \u00e0 d\u00e9terminer combien de glace concass\u00e9e vous aurez besoin, et s\u2019assurer qu\u2019elle sera livr\u00e9e exactement au moment o\u00f9 vous en aurez besoin et sur une base r\u00e9guli\u00e8re.<\/p>\n\n\n\n<p>Veuillez nous contacter pour placer une commande pour votre entreprise, votre installation ou pour un grand \u00e9v\u00e9nement. Notre glace concass\u00e9e est disponible dans la plupart des march\u00e9s, mais pas en magasin.<\/p>\n\n\n\n<p><a href=\"https:\/\/arcticglacier.com\/fr\/contactez-nous\/\">Commander de la glace concass\u00e9e<\/a><\/p>\n","protected":false},"excerpt":{"rendered":"<p>La glace concass\u00e9e procure plus de surface de refroidissement que les cubes de glace, et par le m\u00eame fait, agit plus rapidement. Ce qui en fait la solution id\u00e9ale pour une vaste gamme d\u2019utilisation dans l\u2019industrie alimentaire, incluant pour les proc\u00e9d\u00e9s de transformation et le secteur manufacturier en tant que ressource pour la cha\u00eene de [&hellip;]<\/p>\n","protected":false},"author":1,"featured_media":0,"parent":0,"menu_order":0,"comment_status":"closed","ping_status":"closed","template":"template-2column.php","meta":{"_acf_changed":false,"_uag_custom_page_level_css":"","ub_ctt_via":"","footnotes":""},"class_list":["post-57832","page","type-page","status-publish","hentry"],"acf":[],"featured_image_src":null,"uagb_featured_image_src":{"full":false,"thumbnail":false,"medium":false,"medium_large":false,"large":false,"1536x1536":false,"2048x2048":false,"gform-image-choice-sm":false,"gform-image-choice-md":false,"gform-image-choice-lg":false},"uagb_author_info":{"display_name":"ArcticGlacier","author_link":"https:\/\/arcticglacier.com\/fr\/author\/ArcticGlacier\/"},"uagb_comment_info":0,"uagb_excerpt":"La glace concass\u00e9e procure plus de surface de refroidissement que les cubes de glace, et par le m\u00eame fait, agit plus rapidement. Ce qui en fait la solution id\u00e9ale pour une vaste gamme d\u2019utilisation dans l\u2019industrie alimentaire, incluant pour les proc\u00e9d\u00e9s de transformation et le secteur manufacturier en tant que ressource pour la cha\u00eene de&hellip;","_links":{"self":[{"href":"https:\/\/arcticglacier.com\/fr\/wp-json\/wp\/v2\/pages\/57832","targetHints":{"allow":["GET"]}}],"collection":[{"href":"https:\/\/arcticglacier.com\/fr\/wp-json\/wp\/v2\/pages"}],"about":[{"href":"https:\/\/arcticglacier.com\/fr\/wp-json\/wp\/v2\/types\/page"}],"author":[{"embeddable":true,"href":"https:\/\/arcticglacier.com\/fr\/wp-json\/wp\/v2\/users\/1"}],"replies":[{"embeddable":true,"href":"https:\/\/arcticglacier.com\/fr\/wp-json\/wp\/v2\/comments?post=57832"}],"version-history":[{"count":0,"href":"https:\/\/arcticglacier.com\/fr\/wp-json\/wp\/v2\/pages\/57832\/revisions"}],"wp:attachment":[{"href":"https:\/\/arcticglacier.com\/fr\/wp-json\/wp\/v2\/media?parent=57832"}],"curies":[{"name":"wp","href":"https:\/\/api.w.org\/{rel}","templated":true}]}}