 {"id":57830,"date":"2021-06-18T16:20:58","date_gmt":"2021-06-18T21:20:58","guid":{"rendered":"https:\/\/a294f68154.nxcli.io\/fr\/?page_id=57830"},"modified":"2023-06-29T00:54:06","modified_gmt":"2023-06-29T05:54:06","slug":"bloc-de-glace","status":"publish","type":"page","link":"https:\/\/arcticglacier.com\/fr\/bloc-de-glace\/","title":{"rendered":"Bloc de glace"},"content":{"rendered":"<p>Vous \u00eates responsable de l\u2019accueil lors d\u2019un festival en plein air? Vous transformez, pr\u00e9servez ou transportez des aliments commercialement? Vous voulez \u00e9pater vos invit\u00e9s avec une sculpture de glace? Ou vous avez toujours voulu essayer une luge de glace? Le bloc de glace est la solution quand vous voulez que la glace se plie \u00e0 votre cr\u00e9ativit\u00e9. En plus, il vous offre la possibilit\u00e9 de garder la nourriture et les breuvages froids pendant des heures sans les tracas, les co\u00fbts et les risques associ\u00e9s \u00e0 la location d\u2019\u00e9quipements de r\u00e9frig\u00e9ration.<\/p>\n<p>Avec de tailles variant de 10 \u00e0 300 lb, et la livraison disponible directement \u00e0 votre emplacement, il de temps de croire au bloc.<\/p>\n<p><a href=\"https:\/\/arcticglacier.com\/fr\/contactez-nous\/\"><strong><em>Contactez un repr\u00e9sentant pour en savoir plus.<\/em><\/strong><\/a><\/p>\n<p><em>Veuillez noter que certaines tailles sont disponibles \u00e0 certains endroits seulement.<\/em><\/p>\n","protected":false},"excerpt":{"rendered":"<p>Vous \u00eates responsable de l\u2019accueil lors d\u2019un festival en plein air? Vous transformez, pr\u00e9servez ou transportez des aliments commercialement? Vous voulez \u00e9pater vos invit\u00e9s avec une sculpture de glace? Ou vous avez toujours voulu essayer une luge de glace? Le bloc de glace est la solution quand vous voulez que la glace se plie \u00e0 [&hellip;]<\/p>\n","protected":false},"author":1,"featured_media":0,"parent":0,"menu_order":0,"comment_status":"closed","ping_status":"closed","template":"template-2column.php","meta":{"_acf_changed":false,"_uag_custom_page_level_css":"","ub_ctt_via":"","footnotes":""},"class_list":["post-57830","page","type-page","status-publish","hentry"],"acf":[],"featured_image_src":null,"uagb_featured_image_src":{"full":false,"thumbnail":false,"medium":false,"medium_large":false,"large":false,"1536x1536":false,"2048x2048":false,"gform-image-choice-sm":false,"gform-image-choice-md":false,"gform-image-choice-lg":false},"uagb_author_info":{"display_name":"ArcticGlacier","author_link":"https:\/\/arcticglacier.com\/fr\/author\/ArcticGlacier\/"},"uagb_comment_info":0,"uagb_excerpt":"Vous \u00eates responsable de l\u2019accueil lors d\u2019un festival en plein air? Vous transformez, pr\u00e9servez ou transportez des aliments commercialement? Vous voulez \u00e9pater vos invit\u00e9s avec une sculpture de glace? Ou vous avez toujours voulu essayer une luge de glace? Le bloc de glace est la solution quand vous voulez que la glace se plie \u00e0&hellip;","_links":{"self":[{"href":"https:\/\/arcticglacier.com\/fr\/wp-json\/wp\/v2\/pages\/57830","targetHints":{"allow":["GET"]}}],"collection":[{"href":"https:\/\/arcticglacier.com\/fr\/wp-json\/wp\/v2\/pages"}],"about":[{"href":"https:\/\/arcticglacier.com\/fr\/wp-json\/wp\/v2\/types\/page"}],"author":[{"embeddable":true,"href":"https:\/\/arcticglacier.com\/fr\/wp-json\/wp\/v2\/users\/1"}],"replies":[{"embeddable":true,"href":"https:\/\/arcticglacier.com\/fr\/wp-json\/wp\/v2\/comments?post=57830"}],"version-history":[{"count":0,"href":"https:\/\/arcticglacier.com\/fr\/wp-json\/wp\/v2\/pages\/57830\/revisions"}],"wp:attachment":[{"href":"https:\/\/arcticglacier.com\/fr\/wp-json\/wp\/v2\/media?parent=57830"}],"curies":[{"name":"wp","href":"https:\/\/api.w.org\/{rel}","templated":true}]}}